{"id":17271,"date":"2025-10-01T00:18:12","date_gmt":"2025-10-01T00:18:12","guid":{"rendered":"https:\/\/edimeinter.com\/libreria\/?post_type=product&#038;p=17271"},"modified":"2025-10-01T00:31:30","modified_gmt":"2025-10-01T00:31:30","slug":"acsm-introduccion-a-las-ciencias-del-ejercicio-4-a-ed","status":"publish","type":"product","link":"https:\/\/edimeinter.com\/libreria\/product\/acsm-introduccion-a-las-ciencias-del-ejercicio-4-a-ed\/","title":{"rendered":"ACSM. Introducci\u00f3n a las Ciencias del ejercicio 4.\u00aa ed."},"content":{"rendered":"\t\t<div data-elementor-type=\"wp-post\" data-elementor-id=\"17271\" class=\"elementor elementor-17271\">\n\t\t\t\t<div class=\"elementor-element elementor-element-2612b12 e-flex e-con-boxed e-con e-parent\" data-id=\"2612b12\" data-element_type=\"container\" data-e-type=\"container\">\n\t\t\t\t\t<div class=\"e-con-inner\">\n\t\t\n\t\t<div class=\"elementor-element elementor-element-498707ae elementor-widget elementor-widget-text-editor\" data-id=\"498707ae\" data-element_type=\"widget\" data-e-type=\"widget\" data-widget_type=\"text-editor.default\">\n\t\t\t\t<div class=\"elementor-widget-container\">\n\t\t\t\t\t\t\t\t\t<p>Con una visi\u00f3n atractiva y actualizada de la ciencia del ejercicio y sus campos relacionados,\u00a0<b>ACSM. Introducci\u00f3n a las ciencias del ejercicio<\/b>\u00a0gu\u00eda a los estudiantes hacia el \u00e9xito en sus cursos y proporciona una exploraci\u00f3n s\u00f3lida de las posibles carreras para los profesionales de la ciencia del ejercicio en la actualidad. Este recurso combina un enfoque conciso y accesible con la experiencia comprobada del American College of Sports Medicine, la principal autoridad en ciencias del ejercicio y medicina deportiva, para establecer una comprensi\u00f3n pr\u00e1ctica de c\u00f3mo el movimiento humano ayuda a las personas en su b\u00fasqueda de buena salud, niveles apropiados de actividad f\u00edsica y ejercicio, y un rendimiento deportivo exitoso. Cada cap\u00edtulo ilustra la importancia y la relevancia pr\u00e1ctica de los temas clave y proporciona una visi\u00f3n interna de la profesi\u00f3n a trav\u00e9s de entrevistas, v\u00eddeos en l\u00ednea con distintos perfiles y expertos en el campo.<br \/>\u200bActualizada para satisfacer las necesidades de los profesionales emergentes de hoy, esta 4\u00aa edici\u00f3n incorpora nuevos recursos que enfatizan la aplicaci\u00f3n y ayudan a los estudiantes a hacer una transici\u00f3n segura a la pr\u00e1ctica. Incluye, de forma introductoria, todas las disciplinas dentro de las ciencias del ejercicio: investigaci\u00f3n, abordaje por sistemas, fisiolog\u00eda, fisiolog\u00eda cl\u00ednica, entrenamiento y deporte, ejercicio y nutrici\u00f3n, biomec\u00e1nica, psicolog\u00eda del deporte, control motor, evaluaci\u00f3n relacionada con las ciencias del ejercicio, y cuestiones profesionales y oportunidades de carrera en cada una de estas disciplinas, entre otros temas.<\/p>\t\t\t\t\t\t\t\t<\/div>\n\t\t\t\t<\/div>\n\t\t\t\t\t<\/div>\n\t\t\t\t<\/div>\n\t\t\t\t<\/div>\n\t\t","protected":false},"excerpt":{"rendered":"<p><strong>Autores:<\/strong> Jeffrey A. Potteiger<br \/>\n<strong>ISBN:<\/strong> 9788410022492<br \/>\n<strong>Editorial:<\/strong> Wolters Kluwer<br \/>\n<strong>Edici\u00f3n:<\/strong> 4\u00aa<br \/>\n<strong>Especialidad<\/strong>: Fisioterapia<br \/>\n<strong>P\u00e1ginas<\/strong>: 564<\/p>\n<p>\u00a9 2025<\/p>\n","protected":false},"featured_media":17272,"comment_status":"open","ping_status":"closed","template":"","meta":{"_joinchat":[]},"product_cat":[111],"product_tag":[239,112,92],"class_list":{"0":"post-17271","1":"product","2":"type-product","3":"status-publish","4":"has-post-thumbnail","6":"product_cat-fisioterapia","7":"product_tag-239","8":"product_tag-fisioterapia","9":"product_tag-wolters-kluwer","11":"first","12":"instock","13":"featured","14":"taxable","15":"shipping-taxable","16":"purchasable","17":"product-type-simple"},"_links":{"self":[{"href":"https:\/\/edimeinter.com\/libreria\/wp-json\/wp\/v2\/product\/17271","targetHints":{"allow":["GET"]}}],"collection":[{"href":"https:\/\/edimeinter.com\/libreria\/wp-json\/wp\/v2\/product"}],"about":[{"href":"https:\/\/edimeinter.com\/libreria\/wp-json\/wp\/v2\/types\/product"}],"replies":[{"embeddable":true,"href":"https:\/\/edimeinter.com\/libreria\/wp-json\/wp\/v2\/comments?post=17271"}],"version-history":[{"count":5,"href":"https:\/\/edimeinter.com\/libreria\/wp-json\/wp\/v2\/product\/17271\/revisions"}],"predecessor-version":[{"id":17284,"href":"https:\/\/edimeinter.com\/libreria\/wp-json\/wp\/v2\/product\/17271\/revisions\/17284"}],"wp:featuredmedia":[{"embeddable":true,"href":"https:\/\/edimeinter.com\/libreria\/wp-json\/wp\/v2\/media\/17272"}],"wp:attachment":[{"href":"https:\/\/edimeinter.com\/libreria\/wp-json\/wp\/v2\/media?parent=17271"}],"wp:term":[{"taxonomy":"product_cat","embeddable":true,"href":"https:\/\/edimeinter.com\/libreria\/wp-json\/wp\/v2\/product_cat?post=17271"},{"taxonomy":"product_tag","embeddable":true,"href":"https:\/\/edimeinter.com\/libreria\/wp-json\/wp\/v2\/product_tag?post=17271"}],"curies":[{"name":"wp","href":"https:\/\/api.w.org\/{rel}","templated":true}]}}