{"id":17277,"date":"2025-10-01T00:26:01","date_gmt":"2025-10-01T00:26:01","guid":{"rendered":"https:\/\/edimeinter.com\/libreria\/?post_type=product&#038;p=17277"},"modified":"2025-10-01T00:29:58","modified_gmt":"2025-10-01T00:29:58","slug":"pediatria-de-bolsillo-4-a-ed","status":"publish","type":"product","link":"https:\/\/edimeinter.com\/libreria\/product\/pediatria-de-bolsillo-4-a-ed\/","title":{"rendered":"Pediatr\u00eda de bolsillo 4.\u00aa ed."},"content":{"rendered":"\t\t<div data-elementor-type=\"wp-post\" data-elementor-id=\"17277\" class=\"elementor elementor-17277\">\n\t\t\t\t<div class=\"elementor-element elementor-element-2612b12 e-flex e-con-boxed e-con e-parent\" data-id=\"2612b12\" data-element_type=\"container\" data-e-type=\"container\">\n\t\t\t\t\t<div class=\"e-con-inner\">\n\t\t\n\t\t<div class=\"elementor-element elementor-element-498707ae elementor-widget elementor-widget-text-editor\" data-id=\"498707ae\" data-element_type=\"widget\" data-e-type=\"widget\" data-widget_type=\"text-editor.default\">\n\t\t\t\t<div class=\"elementor-widget-container\">\n\t\t\t\t\t\t\t\t\t<p>En los 15 a\u00f1os transcurridos desde su publicaci\u00f3n inicial,\u00a0<b>Pediatr\u00eda de bolsillo\u00a0<\/b>ha sido puesta a prueba por varias generaciones de internos y residentes. Sus aportaciones y conocimientos han dado lugar a esta 4.\u00aa edici\u00f3n que, con un dise\u00f1o portable y consulta r\u00e1pida, ofrece informaci\u00f3n pedi\u00e1trica esencial para m\u00e9dicos, residentes, alumnos en pr\u00e1cticas y estudiantes de medicina, con especial \u00e9nfasis en la informaci\u00f3n de alto rendimiento y la pr\u00e1ctica basada en la evidencia.<br \/>Editado por el Dr. Paritosh Prasad y sus colegas del University of Rochester Medical Center, este volumen totalmente actualizado proporciona una revisi\u00f3n concisa y centrada de todas las \u00e1reas de la pediatr\u00eda en un libro de bolsillo pr\u00e1ctico y de f\u00e1cil navegaci\u00f3n.<br \/>La informaci\u00f3n recopilada sobre cada tema se seleccion\u00f3 y organiz\u00f3 para presentar un panorama general y de alto rendimiento por parte de residentes en formaci\u00f3n y adjuntos de pediatr\u00eda en ejercicio activo. Cada secci\u00f3n se ha revisado de nuevo con el fin de presentar las pr\u00e1cticas basadas en la evidencia m\u00e1s actualizadas y las directrices de sociedades y asociaciones. Adem\u00e1s, se han incluido citas que permiten a los lectores interesados acceder a la fuente de referencia para un abordaje m\u00e1s completo de cada tema.<\/p>\t\t\t\t\t\t\t\t<\/div>\n\t\t\t\t<\/div>\n\t\t\t\t\t<\/div>\n\t\t\t\t<\/div>\n\t\t\t\t<\/div>\n\t\t","protected":false},"excerpt":{"rendered":"<p><strong>Autores:<\/strong> Paritosh Prasad MD, DTM&amp;H<br \/>\n<strong>ISBN:<\/strong> 9788410022843<br \/>\n<strong>Editorial:<\/strong> Wolters Kluwer<br \/>\n<strong>Edici\u00f3n:<\/strong> 4\u00aa<br \/>\n<strong>Especialidad<\/strong>: Pediatr\u00eda y Neonatolog\u00eda<br \/>\n<strong>P\u00e1ginas<\/strong>: 304<\/p>\n<p>\u00a9 2025<\/p>\n","protected":false},"featured_media":17278,"comment_status":"open","ping_status":"closed","template":"","meta":{"_joinchat":[]},"product_cat":[130],"product_tag":[239,131,92],"class_list":{"0":"post-17277","1":"product","2":"type-product","3":"status-publish","4":"has-post-thumbnail","6":"product_cat-pediatria-y-neonatologia","7":"product_tag-239","8":"product_tag-pediatria-y-neonatologia","9":"product_tag-wolters-kluwer","11":"first","12":"instock","13":"featured","14":"taxable","15":"shipping-taxable","16":"purchasable","17":"product-type-simple"},"_links":{"self":[{"href":"https:\/\/edimeinter.com\/libreria\/wp-json\/wp\/v2\/product\/17277","targetHints":{"allow":["GET"]}}],"collection":[{"href":"https:\/\/edimeinter.com\/libreria\/wp-json\/wp\/v2\/product"}],"about":[{"href":"https:\/\/edimeinter.com\/libreria\/wp-json\/wp\/v2\/types\/product"}],"replies":[{"embeddable":true,"href":"https:\/\/edimeinter.com\/libreria\/wp-json\/wp\/v2\/comments?post=17277"}],"version-history":[{"count":5,"href":"https:\/\/edimeinter.com\/libreria\/wp-json\/wp\/v2\/product\/17277\/revisions"}],"predecessor-version":[{"id":17283,"href":"https:\/\/edimeinter.com\/libreria\/wp-json\/wp\/v2\/product\/17277\/revisions\/17283"}],"wp:featuredmedia":[{"embeddable":true,"href":"https:\/\/edimeinter.com\/libreria\/wp-json\/wp\/v2\/media\/17278"}],"wp:attachment":[{"href":"https:\/\/edimeinter.com\/libreria\/wp-json\/wp\/v2\/media?parent=17277"}],"wp:term":[{"taxonomy":"product_cat","embeddable":true,"href":"https:\/\/edimeinter.com\/libreria\/wp-json\/wp\/v2\/product_cat?post=17277"},{"taxonomy":"product_tag","embeddable":true,"href":"https:\/\/edimeinter.com\/libreria\/wp-json\/wp\/v2\/product_tag?post=17277"}],"curies":[{"name":"wp","href":"https:\/\/api.w.org\/{rel}","templated":true}]}}