{"id":17285,"date":"2025-10-01T16:23:44","date_gmt":"2025-10-01T16:23:44","guid":{"rendered":"https:\/\/edimeinter.com\/libreria\/?post_type=product&#038;p=17285"},"modified":"2025-10-01T16:26:55","modified_gmt":"2025-10-01T16:26:55","slug":"fisiopatologia-renal-fundamentos-6-a-ed","status":"publish","type":"product","link":"https:\/\/edimeinter.com\/libreria\/product\/fisiopatologia-renal-fundamentos-6-a-ed\/","title":{"rendered":"Fisiopatolog\u00eda renal. Fundamentos 6.\u00aa ed."},"content":{"rendered":"\t\t<div data-elementor-type=\"wp-post\" data-elementor-id=\"17285\" class=\"elementor elementor-17285\">\n\t\t\t\t\n<div class=\"elementor-element elementor-element-2612b12 e-flex e-con-boxed e-con e-parent\" data-id=\"2612b12\" data-element_type=\"container\" data-e-type=\"container\">\n\t\t\t\t\t<div class=\"e-con-inner\">\n\t\t\n\t\t<div class=\"elementor-element elementor-element-498707ae elementor-widget elementor-widget-text-editor\" data-id=\"498707ae\" data-element_type=\"widget\" data-e-type=\"widget\" data-widget_type=\"text-editor.default\">\n\t\t\t\t<div class=\"elementor-widget-container\">\n\t\t\t\t\t\t\t\t\t<p>Actualizado, f\u00e1cil de leer, y con abundantes ayudas visuales y atractivos recursos de aprendizaje,\u00a0<b>Fisiopatolog\u00eda renal. Fundamentos\u00a0<\/b>facilita la comprensi\u00f3n de los complejos mecanismos que causan la disfunci\u00f3n y la enfermedad renal. Con los m\u00e1s recientes avances cl\u00ednicos e investigaciones, as\u00ed como con nuevos casos, preguntas, objetivos y un enfoque basado en escenarios realistas, esta 6.\u00aa edici\u00f3n logra que los conceptos dif\u00edciles sean accesibles y contribuye a sentar las bases para el \u00e9xito en la pr\u00e1ctica cl\u00ednica.<br \/>Esta nueva edici\u00f3n incluye estudios de casos adicionales y preguntas que invitan a la reflexi\u00f3n a lo largo del texto, secciones ampliadas sobre los aspectos moleculares de los mecanismos que causan la disfunci\u00f3n renal y la expresi\u00f3n morfol\u00f3gica de las principales enfermedades que afectan al ri\u00f1\u00f3n, y preguntas de autoevaluaci\u00f3n que permiten aplicar los conceptos clave a casos cl\u00ednicos y desarrollar una comprensi\u00f3n m\u00e1s detallada. No obstante, el n\u00facleo y el objetivo principal de este libro permanecen sin cambios: proporcionar al estudiante una s\u00f3lida comprensi\u00f3n de los mecanismos que provocan disfunci\u00f3n y enfermedades renales.<\/p>\t\t\t\t\t\t\t\t<\/div>\n\t\t\t\t<\/div>\n\t\t\t\t\t<\/div>\n\t\t\t\t<\/div>\n\t\t\t\t<\/div>\n\t\t","protected":false},"excerpt":{"rendered":"<p><strong>Autores:<\/strong> Helmut Rennke MD, Bradley M. Denker MD<br \/>\n<strong>ISBN:<\/strong> 9788410022409<br \/>\n<strong>Editorial:<\/strong> Wolters Kluwer<br \/>\n<strong>Edici\u00f3n:<\/strong> 6\u00aa<br \/>\n<strong>Especialidad<\/strong>: Nefrolog\u00eda Cl\u00ednica<br \/>\n<strong>P\u00e1ginas<\/strong>: 400<\/p>\n<p>\u00a9 2025<\/p>\n","protected":false},"featured_media":17286,"comment_status":"open","ping_status":"closed","template":"","meta":{"_joinchat":[]},"product_cat":[113],"product_tag":[239,114,92],"class_list":{"0":"post-17285","1":"product","2":"type-product","3":"status-publish","4":"has-post-thumbnail","6":"product_cat-nefrologia-clinica","7":"product_tag-239","8":"product_tag-nefrologia-clinica","9":"product_tag-wolters-kluwer","11":"first","12":"instock","13":"featured","14":"taxable","15":"shipping-taxable","16":"purchasable","17":"product-type-simple"},"_links":{"self":[{"href":"https:\/\/edimeinter.com\/libreria\/wp-json\/wp\/v2\/product\/17285","targetHints":{"allow":["GET"]}}],"collection":[{"href":"https:\/\/edimeinter.com\/libreria\/wp-json\/wp\/v2\/product"}],"about":[{"href":"https:\/\/edimeinter.com\/libreria\/wp-json\/wp\/v2\/types\/product"}],"replies":[{"embeddable":true,"href":"https:\/\/edimeinter.com\/libreria\/wp-json\/wp\/v2\/comments?post=17285"}],"version-history":[{"count":4,"href":"https:\/\/edimeinter.com\/libreria\/wp-json\/wp\/v2\/product\/17285\/revisions"}],"predecessor-version":[{"id":17290,"href":"https:\/\/edimeinter.com\/libreria\/wp-json\/wp\/v2\/product\/17285\/revisions\/17290"}],"wp:featuredmedia":[{"embeddable":true,"href":"https:\/\/edimeinter.com\/libreria\/wp-json\/wp\/v2\/media\/17286"}],"wp:attachment":[{"href":"https:\/\/edimeinter.com\/libreria\/wp-json\/wp\/v2\/media?parent=17285"}],"wp:term":[{"taxonomy":"product_cat","embeddable":true,"href":"https:\/\/edimeinter.com\/libreria\/wp-json\/wp\/v2\/product_cat?post=17285"},{"taxonomy":"product_tag","embeddable":true,"href":"https:\/\/edimeinter.com\/libreria\/wp-json\/wp\/v2\/product_tag?post=17285"}],"curies":[{"name":"wp","href":"https:\/\/api.w.org\/{rel}","templated":true}]}}