{"id":17291,"date":"2025-10-01T16:29:54","date_gmt":"2025-10-01T16:29:54","guid":{"rendered":"https:\/\/edimeinter.com\/libreria\/?post_type=product&#038;p=17291"},"modified":"2025-10-01T16:37:09","modified_gmt":"2025-10-01T16:37:09","slug":"bethesda-manual-de-hematologia-clinica-5-a-ed","status":"publish","type":"product","link":"https:\/\/edimeinter.com\/libreria\/product\/bethesda-manual-de-hematologia-clinica-5-a-ed\/","title":{"rendered":"Bethesda. Manual de hematolog\u00eda cl\u00ednica 5.\u00aa ed."},"content":{"rendered":"\t\t<div data-elementor-type=\"wp-post\" data-elementor-id=\"17291\" class=\"elementor elementor-17291\">\n\t\t\t\t<div class=\"elementor-element elementor-element-2612b12 e-flex e-con-boxed e-con e-parent\" data-id=\"2612b12\" data-element_type=\"container\" data-e-type=\"container\">\n\t\t\t\t\t<div class=\"e-con-inner\">\n\t\t\n\t\t<div class=\"elementor-element elementor-element-498707ae elementor-widget elementor-widget-text-editor\" data-id=\"498707ae\" data-element_type=\"widget\" data-e-type=\"widget\" data-widget_type=\"text-editor.default\">\n\t\t\t\t<div class=\"elementor-widget-container\">\n\t\t\t\t\t\t\t\t\t<p><b>Bethesda. Manual de hematolog\u00eda cl\u00ednica<\/b>\u00a0es una obra concisa y exhaustiva, dise\u00f1ada para el uso cl\u00ednico diario, que cubre la informaci\u00f3n necesaria para el diagn\u00f3stico y tratamiento de todos los trastornos de la sangre y la m\u00e9dula \u00f3sea. Su pr\u00e1ctico formato incluye numerosas tablas, algoritmos, ilustraciones y listas con vi\u00f1etas que ayudan a cerrar la brecha entre la ciencia de vanguardia y la pr\u00e1ctica cl\u00ednica diaria.<br \/>Esta 5.\u00aa edici\u00f3n est\u00e1 organizada por categor\u00edas de enfermedades y problemas hem\u00e1ticos relevantes para el hemat\u00f3logo consultor y el tratante. Adem\u00e1s, se incluyen cap\u00edtulos adicionales para familiarizar al lector con metodolog\u00edas de laboratorio, tanto conocidas como nuevas, que subyacen a los abordajes cl\u00ednicos modernos en diagn\u00f3stico y tratamiento. Este manual sigue enfocado en proporcionar al profesional de todos los niveles de formaci\u00f3n una orientaci\u00f3n pr\u00e1ctica, autorizada y actualizada para el diagn\u00f3stico y el tratamiento de las hemopat\u00edas y para los problemas de consulta en hematolog\u00eda. Muchos aspectos de la hematolog\u00eda, a medida que avanza el campo, han entrado en el dominio de la medicina interna, pero siguen siendo complejos y desafiantes, desde los nuevos anticoagulantes hasta el tratamiento ordinario de enfermedades como la leucemia mieloide cr\u00f3nica y la anemia apl\u00e1sica.<br \/>Para fomentar un abordaje educativo reflexivo en la presentaci\u00f3n de los conocimientos b\u00e1sicos, se ha combinado de manera intencionada a autores que son expertos reconocidos en sus campos con becarios con experiencia en el aprendizaje de la hematolog\u00eda y la atenci\u00f3n diaria de pacientes con problemas hem\u00e1ticos.<\/p>\t\t\t\t\t\t\t\t<\/div>\n\t\t\t\t<\/div>\n\t\t\t\t\t<\/div>\n\t\t\t\t<\/div>\n\t\t\t\t<\/div>\n\t\t","protected":false},"excerpt":{"rendered":"<p><strong>Autores:<\/strong> GRIFFIN RODGERS , NEAL STUART YOUNG<br \/>\n<strong>ISBN:<\/strong> 9788410022584<br \/>\n<strong>Editorial:<\/strong> Wolters Kluwer<br \/>\n<strong>Edici\u00f3n:<\/strong> 5\u00aa<br \/>\n<strong>Especialidad<\/strong>: Hematolog\u00eda<br \/>\n<strong>P\u00e1ginas<\/strong>: 560<\/p>\n<p>\u00a9 2025<\/p>\n","protected":false},"featured_media":17292,"comment_status":"open","ping_status":"closed","template":"","meta":{"_joinchat":[]},"product_cat":[124],"product_tag":[239,125,92],"class_list":{"0":"post-17291","1":"product","2":"type-product","3":"status-publish","4":"has-post-thumbnail","6":"product_cat-hematologia","7":"product_tag-239","8":"product_tag-hematologia","9":"product_tag-wolters-kluwer","11":"first","12":"instock","13":"featured","14":"taxable","15":"shipping-taxable","16":"purchasable","17":"product-type-simple"},"_links":{"self":[{"href":"https:\/\/edimeinter.com\/libreria\/wp-json\/wp\/v2\/product\/17291","targetHints":{"allow":["GET"]}}],"collection":[{"href":"https:\/\/edimeinter.com\/libreria\/wp-json\/wp\/v2\/product"}],"about":[{"href":"https:\/\/edimeinter.com\/libreria\/wp-json\/wp\/v2\/types\/product"}],"replies":[{"embeddable":true,"href":"https:\/\/edimeinter.com\/libreria\/wp-json\/wp\/v2\/comments?post=17291"}],"version-history":[{"count":4,"href":"https:\/\/edimeinter.com\/libreria\/wp-json\/wp\/v2\/product\/17291\/revisions"}],"predecessor-version":[{"id":17296,"href":"https:\/\/edimeinter.com\/libreria\/wp-json\/wp\/v2\/product\/17291\/revisions\/17296"}],"wp:featuredmedia":[{"embeddable":true,"href":"https:\/\/edimeinter.com\/libreria\/wp-json\/wp\/v2\/media\/17292"}],"wp:attachment":[{"href":"https:\/\/edimeinter.com\/libreria\/wp-json\/wp\/v2\/media?parent=17291"}],"wp:term":[{"taxonomy":"product_cat","embeddable":true,"href":"https:\/\/edimeinter.com\/libreria\/wp-json\/wp\/v2\/product_cat?post=17291"},{"taxonomy":"product_tag","embeddable":true,"href":"https:\/\/edimeinter.com\/libreria\/wp-json\/wp\/v2\/product_tag?post=17291"}],"curies":[{"name":"wp","href":"https:\/\/api.w.org\/{rel}","templated":true}]}}