{"id":17297,"date":"2025-10-01T16:38:42","date_gmt":"2025-10-01T16:38:42","guid":{"rendered":"https:\/\/edimeinter.com\/libreria\/?post_type=product&#038;p=17297"},"modified":"2025-10-01T16:41:46","modified_gmt":"2025-10-01T16:41:46","slug":"medicina-de-bolsillo-casos-clinicos-2-a-ed","status":"publish","type":"product","link":"https:\/\/edimeinter.com\/libreria\/product\/medicina-de-bolsillo-casos-clinicos-2-a-ed\/","title":{"rendered":"Medicina de bolsillo. Casos cl\u00ednicos 2.\u00aa ed."},"content":{"rendered":"\t\t<div data-elementor-type=\"wp-post\" data-elementor-id=\"17297\" class=\"elementor elementor-17297\">\n\t\t\t\t<div class=\"elementor-element elementor-element-2612b12 e-flex e-con-boxed e-con e-parent\" data-id=\"2612b12\" data-element_type=\"container\" data-e-type=\"container\">\n\t\t\t\t\t<div class=\"e-con-inner\">\n\t\t\n\t\t<div class=\"elementor-element elementor-element-498707ae elementor-widget elementor-widget-text-editor\" data-id=\"498707ae\" data-element_type=\"widget\" data-e-type=\"widget\" data-widget_type=\"text-editor.default\">\n\t\t\t\t<div class=\"elementor-widget-container\">\n\t\t\t\t\t\t\t\t\t<p>Siguiendo la estructura y organizaci\u00f3n del\u00a0<i>best-seller\u00a0<\/i>y referencia de la medicina contempor\u00e1nea:\u00a0<b>Medicina de bolsillo\u00a0<\/b>del Dr. Marc Sabatine,\u00a0<b>Medicina de bolsillo. Casos cl\u00ednicos<\/b>, en su 2.\u00aa edici\u00f3n, presenta una selecci\u00f3n de casos en las diferentes especialidades y sistemas de organizaci\u00f3n del cuerpo humano. Cada uno de los casos explora las enfermedades m\u00e1s frecuentes y representativas para cada aparato y sistema, con una pregunta final de opci\u00f3n m\u00faltiple con una sola respuesta correcta. Al final de cada cap\u00edtulo, se incluye un an\u00e1lisis exhaustivo sobre la validez de la opci\u00f3n correcta y el razonamiento detr\u00e1s de la exclusi\u00f3n de las dem\u00e1s opciones.<br \/>La obra es un recurso indispensable para consolidar el conocimiento y las habilidades desarrolladas en\u00a0<b>Medicina de bolsillo<\/b>, y posee una gran utilidad para estudiantes de medicina en rotaciones cl\u00ednicas, m\u00e9dicos internos y m\u00e9dicos residentes en sus primeros a\u00f1os de entrenamiento, as\u00ed como para todos los profesionales que componen el equipo de atenci\u00f3n en los departamentos de medicina de urgencias y medicina interna.<\/p>\t\t\t\t\t\t\t\t<\/div>\n\t\t\t\t<\/div>\n\t\t\t\t\t<\/div>\n\t\t\t\t<\/div>\n\t\t\t\t<\/div>\n\t\t","protected":false},"excerpt":{"rendered":"<p><strong>Autores:<\/strong> Marc S. Sabatine MD, MPH<br \/>\n<strong>ISBN:<\/strong> 9788410022775<br \/>\n<strong>Editorial:<\/strong> Wolters Kluwer<br \/>\n<strong>Edici\u00f3n:<\/strong> 2\u00aa<br \/>\n<strong>Especialidad<\/strong>: Medicina Interna<br \/>\n<strong>P\u00e1ginas<\/strong>: 448<\/p>\n<p>\u00a9 2025<\/p>\n","protected":false},"featured_media":17298,"comment_status":"open","ping_status":"closed","template":"","meta":{"_joinchat":[]},"product_cat":[150],"product_tag":[239,151,92],"class_list":{"0":"post-17297","1":"product","2":"type-product","3":"status-publish","4":"has-post-thumbnail","6":"product_cat-medicina-interna","7":"product_tag-239","8":"product_tag-medicina-interna","9":"product_tag-wolters-kluwer","11":"first","12":"instock","13":"featured","14":"taxable","15":"shipping-taxable","16":"purchasable","17":"product-type-simple"},"_links":{"self":[{"href":"https:\/\/edimeinter.com\/libreria\/wp-json\/wp\/v2\/product\/17297","targetHints":{"allow":["GET"]}}],"collection":[{"href":"https:\/\/edimeinter.com\/libreria\/wp-json\/wp\/v2\/product"}],"about":[{"href":"https:\/\/edimeinter.com\/libreria\/wp-json\/wp\/v2\/types\/product"}],"replies":[{"embeddable":true,"href":"https:\/\/edimeinter.com\/libreria\/wp-json\/wp\/v2\/comments?post=17297"}],"version-history":[{"count":4,"href":"https:\/\/edimeinter.com\/libreria\/wp-json\/wp\/v2\/product\/17297\/revisions"}],"predecessor-version":[{"id":17302,"href":"https:\/\/edimeinter.com\/libreria\/wp-json\/wp\/v2\/product\/17297\/revisions\/17302"}],"wp:featuredmedia":[{"embeddable":true,"href":"https:\/\/edimeinter.com\/libreria\/wp-json\/wp\/v2\/media\/17298"}],"wp:attachment":[{"href":"https:\/\/edimeinter.com\/libreria\/wp-json\/wp\/v2\/media?parent=17297"}],"wp:term":[{"taxonomy":"product_cat","embeddable":true,"href":"https:\/\/edimeinter.com\/libreria\/wp-json\/wp\/v2\/product_cat?post=17297"},{"taxonomy":"product_tag","embeddable":true,"href":"https:\/\/edimeinter.com\/libreria\/wp-json\/wp\/v2\/product_tag?post=17297"}],"curies":[{"name":"wp","href":"https:\/\/api.w.org\/{rel}","templated":true}]}}