{"id":17303,"date":"2025-10-01T16:43:36","date_gmt":"2025-10-01T16:43:36","guid":{"rendered":"https:\/\/edimeinter.com\/libreria\/?post_type=product&#038;p=17303"},"modified":"2025-10-01T16:47:25","modified_gmt":"2025-10-01T16:47:25","slug":"razonamiento-clinico-y-profesional-en-terapia-ocupacional-3-a-ed","status":"publish","type":"product","link":"https:\/\/edimeinter.com\/libreria\/product\/razonamiento-clinico-y-profesional-en-terapia-ocupacional-3-a-ed\/","title":{"rendered":"Razonamiento cl\u00ednico y profesional en terapia ocupacional 3.\u00aa ed."},"content":{"rendered":"\t\t<div data-elementor-type=\"wp-post\" data-elementor-id=\"17303\" class=\"elementor elementor-17303\">\n\t\t\t\t<div class=\"elementor-element elementor-element-2612b12 e-flex e-con-boxed e-con e-parent\" data-id=\"2612b12\" data-element_type=\"container\" data-e-type=\"container\">\n\t\t\t\t\t<div class=\"e-con-inner\">\n\t\t\n\t\t<div class=\"elementor-element elementor-element-498707ae elementor-widget elementor-widget-text-editor\" data-id=\"498707ae\" data-element_type=\"widget\" data-e-type=\"widget\" data-widget_type=\"text-editor.default\">\n\t\t\t\t<div class=\"elementor-widget-container\">\n\t\t\t\t\t\t\t\t\t<p>La 3.\u00aa edici\u00f3n de\u00a0<b>Razonamiento cl\u00ednico y profesional en terapia ocupacional\u00a0<\/b>se presenta como un recurso esencial y ampliado para los profesionales de terapia ocupacional que buscan profundizar y avanzar en su razonamiento profesional. A trav\u00e9s de la colaboraci\u00f3n de expertos globales y la inclusi\u00f3n de nueva evidencia y perspectivas, este texto aborda la importancia cr\u00edtica del razonamiento profesional en diversas pr\u00e1cticas terap\u00e9uticas, apoyando a terapeutas, gerentes, personal educativo y estudiantes en el desarrollo de sus habilidades y comprensi\u00f3n.<br \/>A trav\u00e9s de un examen minucioso de la teor\u00eda, la investigaci\u00f3n m\u00e1s actual y las pr\u00e1cticas m\u00e1s efectivas, esta edici\u00f3n proporciona una gu\u00eda invaluable para la comprensi\u00f3n y aplicaci\u00f3n del razonamiento profesional en terapia ocupacional. Provisto de actividades de aprendizaje, t\u00e9rminos clave y cap\u00edtulos dedicados a aspectos espec\u00edficos del razonamiento y contextos de pr\u00e1ctica, este libro es un recurso indispensable para quienes buscan el compromiso con la excelencia en la pr\u00e1ctica de terapia ocupacional.<\/p>\t\t\t\t\t\t\t\t<\/div>\n\t\t\t\t<\/div>\n\t\t\t\t\t<\/div>\n\t\t\t\t<\/div>\n\t\t\t\t<\/div>\n\t\t","protected":false},"excerpt":{"rendered":"<p><strong>Autores:<\/strong> Barbara Schell , John Schell<br \/>\n<strong>ISBN:<\/strong> 9788410022676<br \/>\n<strong>Editorial:<\/strong> Wolters Kluwer<br \/>\n<strong>Edici\u00f3n:<\/strong> 3\u00aa<br \/>\n<strong>Especialidad<\/strong>: Terapia Ocupacional<br \/>\n<strong>P\u00e1ginas<\/strong>: 576<\/p>\n<p>\u00a9 2025<\/p>\n","protected":false},"featured_media":17304,"comment_status":"open","ping_status":"closed","template":"","meta":{"_joinchat":[]},"product_cat":[199],"product_tag":[239,200,92],"class_list":{"0":"post-17303","1":"product","2":"type-product","3":"status-publish","4":"has-post-thumbnail","6":"product_cat-terapia-ocupacional","7":"product_tag-239","8":"product_tag-terapia-ocupacional","9":"product_tag-wolters-kluwer","11":"first","12":"instock","13":"featured","14":"taxable","15":"shipping-taxable","16":"purchasable","17":"product-type-simple"},"_links":{"self":[{"href":"https:\/\/edimeinter.com\/libreria\/wp-json\/wp\/v2\/product\/17303","targetHints":{"allow":["GET"]}}],"collection":[{"href":"https:\/\/edimeinter.com\/libreria\/wp-json\/wp\/v2\/product"}],"about":[{"href":"https:\/\/edimeinter.com\/libreria\/wp-json\/wp\/v2\/types\/product"}],"replies":[{"embeddable":true,"href":"https:\/\/edimeinter.com\/libreria\/wp-json\/wp\/v2\/comments?post=17303"}],"version-history":[{"count":4,"href":"https:\/\/edimeinter.com\/libreria\/wp-json\/wp\/v2\/product\/17303\/revisions"}],"predecessor-version":[{"id":17308,"href":"https:\/\/edimeinter.com\/libreria\/wp-json\/wp\/v2\/product\/17303\/revisions\/17308"}],"wp:featuredmedia":[{"embeddable":true,"href":"https:\/\/edimeinter.com\/libreria\/wp-json\/wp\/v2\/media\/17304"}],"wp:attachment":[{"href":"https:\/\/edimeinter.com\/libreria\/wp-json\/wp\/v2\/media?parent=17303"}],"wp:term":[{"taxonomy":"product_cat","embeddable":true,"href":"https:\/\/edimeinter.com\/libreria\/wp-json\/wp\/v2\/product_cat?post=17303"},{"taxonomy":"product_tag","embeddable":true,"href":"https:\/\/edimeinter.com\/libreria\/wp-json\/wp\/v2\/product_tag?post=17303"}],"curies":[{"name":"wp","href":"https:\/\/api.w.org\/{rel}","templated":true}]}}