{"id":17315,"date":"2025-10-01T17:51:23","date_gmt":"2025-10-01T17:51:23","guid":{"rendered":"https:\/\/edimeinter.com\/libreria\/?post_type=product&#038;p=17315"},"modified":"2025-11-17T22:12:27","modified_gmt":"2025-11-17T22:12:27","slug":"control-motor-6-a-ed","status":"publish","type":"product","link":"https:\/\/edimeinter.com\/libreria\/product\/control-motor-6-a-ed\/","title":{"rendered":"Control Motor 6.\u00aa ed."},"content":{"rendered":"\t\t<div data-elementor-type=\"wp-post\" data-elementor-id=\"17315\" class=\"elementor elementor-17315\">\n\t\t\t\t<div class=\"elementor-element elementor-element-2612b12 e-flex e-con-boxed e-con e-parent\" data-id=\"2612b12\" data-element_type=\"container\" data-e-type=\"container\">\n\t\t\t\t\t<div class=\"e-con-inner\">\n\t\t\n\t\t<div class=\"elementor-element elementor-element-498707ae elementor-widget elementor-widget-text-editor\" data-id=\"498707ae\" data-element_type=\"widget\" data-e-type=\"widget\" data-widget_type=\"text-editor.default\">\n\t\t\t\t<div class=\"elementor-widget-container\">\n\t\t\t\t\t\t\t\t\t<p>La obra\u00a0<b>Control motor<\/b>, ya en su 6.\u00aa edici\u00f3n, sigue siendo el \u00fanico libro disponible que cierra la brecha entre la investigaci\u00f3n actual y emergente sobre neurociencia y control motor y su aplicaci\u00f3n en la pr\u00e1ctica cl\u00ednica. Escrito por destacados expertos en este campo, este recurso cl\u00e1sico prepara a los lectores para examinar y tratar de manera eficaz a pacientes con problemas de control postural, movilidad o funci\u00f3n de las extremidades superiores. Todo ello, con base en las mejores pr\u00e1cticas actuales basadas en la evidencia.<br \/>La estructura general de la obra no ha cambiado en sus seis ediciones y sigue manteniendo cuatro partes: marco te\u00f3rico (parte I), en el cual se revisan las teor\u00edas actuales relacionadas con el control motor, el aprendizaje motor y la recuperaci\u00f3n de la funci\u00f3n; esta parte proporciona las bases para la comprensi\u00f3n del objetivo principal de la obra, que se centra en los problemas de control motor y la forma en que se relacionan con el control de la postura y del equilibrio (parte II), la movilidad (parte III) y la funci\u00f3n de las extremidades superiores (parte IV).<\/p>\t\t\t\t\t\t\t\t<\/div>\n\t\t\t\t<\/div>\n\t\t\t\t\t<\/div>\n\t\t\t\t<\/div>\n\t\t\t\t<\/div>\n\t\t","protected":false},"excerpt":{"rendered":"<p><strong>Autores:<\/strong> Anne Shumway-Cook PT, PhD, FAPTA, Marjorie H. Woollacott PhD, Jaya Rachwani , Victor Santamaria<br \/>\n<strong>ISBN:<\/strong> 9788410870369<br \/>\n<strong>Editorial:<\/strong> Wolters Kluwer<br \/>\n<strong>Edici\u00f3n:<\/strong> 6\u00aa<br \/>\n<strong>Especialidad<\/strong>: Fisioterapia<br \/>\n<strong>P\u00e1ginas<\/strong>: 736<\/p>\n<p>\u00a9 2025<\/p>\n","protected":false},"featured_media":17316,"comment_status":"open","ping_status":"closed","template":"","meta":{"_joinchat":[]},"product_cat":[111],"product_tag":[239,112,92],"class_list":{"0":"post-17315","1":"product","2":"type-product","3":"status-publish","4":"has-post-thumbnail","6":"product_cat-fisioterapia","7":"product_tag-239","8":"product_tag-fisioterapia","9":"product_tag-wolters-kluwer","11":"first","12":"instock","13":"featured","14":"taxable","15":"shipping-taxable","16":"purchasable","17":"product-type-simple"},"_links":{"self":[{"href":"https:\/\/edimeinter.com\/libreria\/wp-json\/wp\/v2\/product\/17315","targetHints":{"allow":["GET"]}}],"collection":[{"href":"https:\/\/edimeinter.com\/libreria\/wp-json\/wp\/v2\/product"}],"about":[{"href":"https:\/\/edimeinter.com\/libreria\/wp-json\/wp\/v2\/types\/product"}],"replies":[{"embeddable":true,"href":"https:\/\/edimeinter.com\/libreria\/wp-json\/wp\/v2\/comments?post=17315"}],"version-history":[{"count":5,"href":"https:\/\/edimeinter.com\/libreria\/wp-json\/wp\/v2\/product\/17315\/revisions"}],"predecessor-version":[{"id":17439,"href":"https:\/\/edimeinter.com\/libreria\/wp-json\/wp\/v2\/product\/17315\/revisions\/17439"}],"wp:featuredmedia":[{"embeddable":true,"href":"https:\/\/edimeinter.com\/libreria\/wp-json\/wp\/v2\/media\/17316"}],"wp:attachment":[{"href":"https:\/\/edimeinter.com\/libreria\/wp-json\/wp\/v2\/media?parent=17315"}],"wp:term":[{"taxonomy":"product_cat","embeddable":true,"href":"https:\/\/edimeinter.com\/libreria\/wp-json\/wp\/v2\/product_cat?post=17315"},{"taxonomy":"product_tag","embeddable":true,"href":"https:\/\/edimeinter.com\/libreria\/wp-json\/wp\/v2\/product_tag?post=17315"}],"curies":[{"name":"wp","href":"https:\/\/api.w.org\/{rel}","templated":true}]}}