{"id":17321,"date":"2025-10-01T18:01:18","date_gmt":"2025-10-01T18:01:18","guid":{"rendered":"https:\/\/edimeinter.com\/libreria\/?post_type=product&#038;p=17321"},"modified":"2025-10-01T18:04:39","modified_gmt":"2025-10-01T18:04:39","slug":"wallach-interpretacion-clinica-de-pruebas-11-a-ed","status":"publish","type":"product","link":"https:\/\/edimeinter.com\/libreria\/product\/wallach-interpretacion-clinica-de-pruebas-11-a-ed\/","title":{"rendered":"Wallach. Interpretaci\u00f3n cl\u00ednica de pruebas 11.\u00aa ed."},"content":{"rendered":"\t\t<div data-elementor-type=\"wp-post\" data-elementor-id=\"17321\" class=\"elementor elementor-17321\">\n\t\t\t\t<div class=\"elementor-element elementor-element-2612b12 e-flex e-con-boxed e-con e-parent\" data-id=\"2612b12\" data-element_type=\"container\" data-e-type=\"container\">\n\t\t\t\t\t<div class=\"e-con-inner\">\n\t\t\n\t\t<div class=\"elementor-element elementor-element-498707ae elementor-widget elementor-widget-text-editor\" data-id=\"498707ae\" data-element_type=\"widget\" data-e-type=\"widget\" data-widget_type=\"text-editor.default\">\n\t\t\t\t<div class=\"elementor-widget-container\">\n\t\t\t\t\t\t\t\t\t<p><b>Wallach. Interpretaci\u00f3n cl\u00ednica de pruebas diagn\u00f3sticas 11 edici\u00f3n<\/b>, contin\u00faa siendo un excelente recurso para ordenar e interpretar las pruebas cl\u00ednicas de manera adecuada, r\u00e1pida y efectiva para lograr un diagn\u00f3stico preciso. En un formato portable y con una estructura f\u00e1cil de usar este manual completamente revisado proporciona informaci\u00f3n pr\u00e1ctica sobre estados de enfermedades comunes y poco comunes y su diagn\u00f3stico mediante pruebas de laboratorio.<br \/>\u00a0<br \/>El objetivo principal de este libro es enfatizar el uso m\u00e1s preciso y eficiente de las pruebas de laboratorio cl\u00ednico. En el primer cap\u00edtulo se incluye una amplia tabla de las pruebas ordenadas con mayor frecuencia. En el segundo se encuentran las pruebas cl\u00ednicas ordenadas alfab\u00e9ticamente con la misma estructura: definici\u00f3n, uso, interpretaci\u00f3n y limitaciones. Los siguientes cap\u00edtulos detallan las pruebas en enfermedades infecciosas, enfermedades autoinmunes, trastornos cardiovasculares, enfermedades del sistema nervioso central, enfermedades digestivas, enfermedades endocrinas, desordenes del sistema genitourinario, trastornos ginecol\u00f3gicos y obst\u00e9tricos, hemopat\u00edas, enfermedades hereditarias y gen\u00e9ticas, enfermedades infecciosas, enfermedades renales, trastornos respiratorios, metab\u00f3licos y acidob\u00e1sicos, toxicolog\u00eda y vigilancia farmacol\u00f3gica, medicina de transfusi\u00f3n.<br \/>\u00a0Como en ediciones anteriores, este libro est\u00e1 dirigido a m\u00e9dicos de atenci\u00f3n primaria, subespecialistas, residentes, enfermeras practicantes y estudiantes de medicina y enfermer\u00eda.<\/p>\t\t\t\t\t\t\t\t<\/div>\n\t\t\t\t<\/div>\n\t\t\t\t\t<\/div>\n\t\t\t\t<\/div>\n\t\t\t\t<\/div>\n\t\t","protected":false},"excerpt":{"rendered":"<p><strong>Autores:<\/strong> L Michael Snyder M.D.<br \/>\n<strong>ISBN:<\/strong> 9788418257001<br \/>\n<strong>Editorial:<\/strong> Wolters Kluwer<br \/>\n<strong>Edici\u00f3n:<\/strong> 11\u00aa<br \/>\n<strong>Especialidad<\/strong>: Laboratorio Cl\u00ednico<br \/>\n<strong>P\u00e1ginas<\/strong>: 1454<\/p>\n<p>\u00a9 2020<\/p>\n","protected":false},"featured_media":17322,"comment_status":"open","ping_status":"closed","template":"","meta":{"_joinchat":[]},"product_cat":[136],"product_tag":[239,137,92],"class_list":{"0":"post-17321","1":"product","2":"type-product","3":"status-publish","4":"has-post-thumbnail","6":"product_cat-laboratorio-clinico","7":"product_tag-239","8":"product_tag-laboratorio-clinico","9":"product_tag-wolters-kluwer","11":"first","12":"instock","13":"featured","14":"taxable","15":"shipping-taxable","16":"purchasable","17":"product-type-simple"},"_links":{"self":[{"href":"https:\/\/edimeinter.com\/libreria\/wp-json\/wp\/v2\/product\/17321","targetHints":{"allow":["GET"]}}],"collection":[{"href":"https:\/\/edimeinter.com\/libreria\/wp-json\/wp\/v2\/product"}],"about":[{"href":"https:\/\/edimeinter.com\/libreria\/wp-json\/wp\/v2\/types\/product"}],"replies":[{"embeddable":true,"href":"https:\/\/edimeinter.com\/libreria\/wp-json\/wp\/v2\/comments?post=17321"}],"version-history":[{"count":4,"href":"https:\/\/edimeinter.com\/libreria\/wp-json\/wp\/v2\/product\/17321\/revisions"}],"predecessor-version":[{"id":17326,"href":"https:\/\/edimeinter.com\/libreria\/wp-json\/wp\/v2\/product\/17321\/revisions\/17326"}],"wp:featuredmedia":[{"embeddable":true,"href":"https:\/\/edimeinter.com\/libreria\/wp-json\/wp\/v2\/media\/17322"}],"wp:attachment":[{"href":"https:\/\/edimeinter.com\/libreria\/wp-json\/wp\/v2\/media?parent=17321"}],"wp:term":[{"taxonomy":"product_cat","embeddable":true,"href":"https:\/\/edimeinter.com\/libreria\/wp-json\/wp\/v2\/product_cat?post=17321"},{"taxonomy":"product_tag","embeddable":true,"href":"https:\/\/edimeinter.com\/libreria\/wp-json\/wp\/v2\/product_tag?post=17321"}],"curies":[{"name":"wp","href":"https:\/\/api.w.org\/{rel}","templated":true}]}}