{"id":17327,"date":"2025-10-01T18:07:39","date_gmt":"2025-10-01T18:07:39","guid":{"rendered":"https:\/\/edimeinter.com\/libreria\/?post_type=product&#038;p=17327"},"modified":"2026-01-19T23:09:17","modified_gmt":"2026-01-19T23:09:17","slug":"snell-neuroanatomia-clinica-9-a-ed","status":"publish","type":"product","link":"https:\/\/edimeinter.com\/libreria\/product\/snell-neuroanatomia-clinica-9-a-ed\/","title":{"rendered":"Snell. Neuroanatom\u00eda cl\u00ednica 9.\u00aa ed."},"content":{"rendered":"\t\t<div data-elementor-type=\"wp-post\" data-elementor-id=\"17327\" class=\"elementor elementor-17327\">\n\t\t\t\t\n<div class=\"elementor-element elementor-element-2612b12 e-flex e-con-boxed e-con e-parent\" data-id=\"2612b12\" data-element_type=\"container\" data-e-type=\"container\">\n\t\t\t\t\t<div class=\"e-con-inner\">\n\t\t\n\t\t<div class=\"elementor-element elementor-element-498707ae elementor-widget elementor-widget-text-editor\" data-id=\"498707ae\" data-element_type=\"widget\" data-e-type=\"widget\" data-widget_type=\"text-editor.default\">\n\t\t\t\t<div class=\"elementor-widget-container\">\n\t\t\t\t\t\t\t\t\t<p>Desde la primera publicaci\u00f3n de este conocido texto en 1980, la 9.\u00aa edici\u00f3n de\u00a0<b>Snell. Neuroanatom\u00eda cl\u00ednica\u00a0<\/b>sigue proporcionando a los estudiantes de medicina y otras ciencias de la salud una completa introducci\u00f3n al estudio morfol\u00f3gico del sistema nervioso central y perif\u00e9rico, manteniendo su tradicional organizaci\u00f3n por sistemas y enfoque cl\u00ednico.<br \/>Cada cap\u00edtulo comienza estableciendo objetivos claros que dan paso al contenido descriptivo, las notas cl\u00ednicas y, para finalizar, la resoluci\u00f3n de problemas cl\u00ednicos y preguntas de revisi\u00f3n. Como en la anterior edici\u00f3n, antes del texto se incluye un\u00a0<b>atlas en color del enc\u00e9falo disecado\u00a0<\/b>que permite relacionar r\u00e1pidamente una parte concreta del enc\u00e9falo con todo el \u00f3rgano. El texto se enriquece con cientos de ilustraciones, diagramas y fotograf\u00edas a todo color, adem\u00e1s de im\u00e1genes diagn\u00f3sticas, que fortalecen la comprensi\u00f3n y la claridad de conceptos y estructuras complejos.<\/p>\t\t\t\t\t\t\t\t<\/div>\n\t\t\t\t<\/div>\n\t\t\t\t\t<\/div>\n\t\t\t\t<\/div>\n\t\t\t\t<\/div>\n\t\t","protected":false},"excerpt":{"rendered":"<p><strong>Autores:<\/strong> Ryan Splittgerber Ph.D.<br \/>\n<strong>ISBN:<\/strong> 9788410022461<br \/>\n<strong>Editorial:<\/strong> Wolters Kluwer<br \/>\n<strong>Edici\u00f3n:<\/strong> 9\u00aa<br \/>\n<strong>Especialidad<\/strong>: Neuroanatom\u00eda<br \/>\n<strong>P\u00e1ginas<\/strong>: 528<\/p>\n<p>\u00a9 2025<\/p>\n","protected":false},"featured_media":17328,"comment_status":"open","ping_status":"closed","template":"","meta":{"_joinchat":[]},"product_cat":[203],"product_tag":[239,204,92],"class_list":{"0":"post-17327","1":"product","2":"type-product","3":"status-publish","4":"has-post-thumbnail","6":"product_cat-neuroanatomia","7":"product_tag-239","8":"product_tag-neuroanatomia","9":"product_tag-wolters-kluwer","11":"first","12":"instock","13":"featured","14":"taxable","15":"shipping-taxable","16":"purchasable","17":"product-type-simple"},"_links":{"self":[{"href":"https:\/\/edimeinter.com\/libreria\/wp-json\/wp\/v2\/product\/17327","targetHints":{"allow":["GET"]}}],"collection":[{"href":"https:\/\/edimeinter.com\/libreria\/wp-json\/wp\/v2\/product"}],"about":[{"href":"https:\/\/edimeinter.com\/libreria\/wp-json\/wp\/v2\/types\/product"}],"replies":[{"embeddable":true,"href":"https:\/\/edimeinter.com\/libreria\/wp-json\/wp\/v2\/comments?post=17327"}],"version-history":[{"count":5,"href":"https:\/\/edimeinter.com\/libreria\/wp-json\/wp\/v2\/product\/17327\/revisions"}],"predecessor-version":[{"id":17408,"href":"https:\/\/edimeinter.com\/libreria\/wp-json\/wp\/v2\/product\/17327\/revisions\/17408"}],"wp:featuredmedia":[{"embeddable":true,"href":"https:\/\/edimeinter.com\/libreria\/wp-json\/wp\/v2\/media\/17328"}],"wp:attachment":[{"href":"https:\/\/edimeinter.com\/libreria\/wp-json\/wp\/v2\/media?parent=17327"}],"wp:term":[{"taxonomy":"product_cat","embeddable":true,"href":"https:\/\/edimeinter.com\/libreria\/wp-json\/wp\/v2\/product_cat?post=17327"},{"taxonomy":"product_tag","embeddable":true,"href":"https:\/\/edimeinter.com\/libreria\/wp-json\/wp\/v2\/product_tag?post=17327"}],"curies":[{"name":"wp","href":"https:\/\/api.w.org\/{rel}","templated":true}]}}