{"id":17339,"date":"2025-10-01T18:16:55","date_gmt":"2025-10-01T18:16:55","guid":{"rendered":"https:\/\/edimeinter.com\/libreria\/?post_type=product&#038;p=17339"},"modified":"2025-11-17T22:38:32","modified_gmt":"2025-11-17T22:38:32","slug":"el-unico-libro-de-laboratorio-clinico-que-vas-a-necesitar-1-a-ed","status":"publish","type":"product","link":"https:\/\/edimeinter.com\/libreria\/product\/el-unico-libro-de-laboratorio-clinico-que-vas-a-necesitar-1-a-ed\/","title":{"rendered":"El \u00fanico libro de laboratorio cl\u00ednico que vas a necesitar 1.\u00aa ed."},"content":{"rendered":"\t\t<div data-elementor-type=\"wp-post\" data-elementor-id=\"17339\" class=\"elementor elementor-17339\">\n\t\t\t\t<div class=\"elementor-element elementor-element-2612b12 e-flex e-con-boxed e-con e-parent\" data-id=\"2612b12\" data-element_type=\"container\" data-e-type=\"container\">\n\t\t\t\t\t<div class=\"e-con-inner\">\n\t\t\n\t\t<div class=\"elementor-element elementor-element-498707ae elementor-widget elementor-widget-text-editor\" data-id=\"498707ae\" data-element_type=\"widget\" data-e-type=\"widget\" data-widget_type=\"text-editor.default\">\n\t\t\t\t<div class=\"elementor-widget-container\">\n\t\t\t\t\t\t\t\t\t<p>Conciso, coloquial y f\u00e1cil de usar en cualquier nivel de atenci\u00f3n m\u00e9dica,\u00a0<b>El \u00fanico libro de laboratorio cl\u00ednico que vas a necesitar<\/b>\u00a0aclara el cu\u00e1ndo, d\u00f3nde, qui\u00e9n y c\u00f3mo de las pruebas de laboratorio de diagn\u00f3stico para ayudar a tomar decisiones informadas sobre las pruebas y sacar conclusiones cl\u00ednicas seguras.\u00a0<br \/>Esta accesible gu\u00eda se centra en los perfiles m\u00e1s frecuentes en la pr\u00e1ctica sanitaria diaria, independientemente de la especialidad, lo que la convierte en la introducci\u00f3n ideal para m\u00e9dicos, personal de enfermer\u00eda y estudiantes de medicina que inician su formaci\u00f3n; as\u00ed como para residentes, internos y cl\u00ednicos en ejercicio que buscan un repaso r\u00e1pido. La cobertura directa y con orientaci\u00f3n cl\u00ednica gu\u00eda al lector a trav\u00e9s de la selecci\u00f3n y el empleo de las pruebas diagn\u00f3sticas adecuadas de entre la gran variedad que existen, acompa\u00f1ada de atractivos casos de estudio que refuerzan el razonamiento cl\u00ednico y agilizan la aplicaci\u00f3n efectiva de los resultados de laboratorio en el proceso de toma de decisiones cl\u00ednicas.<\/p>\t\t\t\t\t\t\t\t<\/div>\n\t\t\t\t<\/div>\n\t\t\t\t\t<\/div>\n\t\t\t\t<\/div>\n\t\t\t\t<\/div>\n\t\t","protected":false},"excerpt":{"rendered":"<p><strong>Autores:<\/strong> Jonathan Thaler MD, Malcolm S. Thaler MD<br \/>\n<strong>ISBN:<\/strong> 9788410022553<br \/>\n<strong>Editorial:<\/strong> Wolters Kluwer<br \/>\n<strong>Edici\u00f3n:<\/strong> 1\u00aa<br \/>\n<strong>Especialidad<\/strong>: Laboratorio Cl\u00ednico<br \/>\n<strong>P\u00e1ginas<\/strong>: 528<\/p>\n<p>\u00a9 2025<\/p>\n","protected":false},"featured_media":17340,"comment_status":"open","ping_status":"closed","template":"","meta":{"_joinchat":[]},"product_cat":[136],"product_tag":[239,137,92],"class_list":{"0":"post-17339","1":"product","2":"type-product","3":"status-publish","4":"has-post-thumbnail","6":"product_cat-laboratorio-clinico","7":"product_tag-239","8":"product_tag-laboratorio-clinico","9":"product_tag-wolters-kluwer","11":"first","12":"instock","13":"featured","14":"taxable","15":"shipping-taxable","16":"purchasable","17":"product-type-simple"},"_links":{"self":[{"href":"https:\/\/edimeinter.com\/libreria\/wp-json\/wp\/v2\/product\/17339","targetHints":{"allow":["GET"]}}],"collection":[{"href":"https:\/\/edimeinter.com\/libreria\/wp-json\/wp\/v2\/product"}],"about":[{"href":"https:\/\/edimeinter.com\/libreria\/wp-json\/wp\/v2\/types\/product"}],"replies":[{"embeddable":true,"href":"https:\/\/edimeinter.com\/libreria\/wp-json\/wp\/v2\/comments?post=17339"}],"version-history":[{"count":5,"href":"https:\/\/edimeinter.com\/libreria\/wp-json\/wp\/v2\/product\/17339\/revisions"}],"predecessor-version":[{"id":17440,"href":"https:\/\/edimeinter.com\/libreria\/wp-json\/wp\/v2\/product\/17339\/revisions\/17440"}],"wp:featuredmedia":[{"embeddable":true,"href":"https:\/\/edimeinter.com\/libreria\/wp-json\/wp\/v2\/media\/17340"}],"wp:attachment":[{"href":"https:\/\/edimeinter.com\/libreria\/wp-json\/wp\/v2\/media?parent=17339"}],"wp:term":[{"taxonomy":"product_cat","embeddable":true,"href":"https:\/\/edimeinter.com\/libreria\/wp-json\/wp\/v2\/product_cat?post=17339"},{"taxonomy":"product_tag","embeddable":true,"href":"https:\/\/edimeinter.com\/libreria\/wp-json\/wp\/v2\/product_tag?post=17339"}],"curies":[{"name":"wp","href":"https:\/\/api.w.org\/{rel}","templated":true}]}}