{"id":17357,"date":"2025-10-01T19:00:45","date_gmt":"2025-10-01T19:00:45","guid":{"rendered":"https:\/\/edimeinter.com\/libreria\/?post_type=product&#038;p=17357"},"modified":"2025-10-01T19:04:00","modified_gmt":"2025-10-01T19:04:00","slug":"west-fisiologia-respiratoria-fundamentos-11-a-ed","status":"publish","type":"product","link":"https:\/\/edimeinter.com\/libreria\/product\/west-fisiologia-respiratoria-fundamentos-11-a-ed\/","title":{"rendered":"West. Fisiolog\u00eda respiratoria. Fundamentos 11.\u00aa ed."},"content":{"rendered":"\t\t<div data-elementor-type=\"wp-post\" data-elementor-id=\"17357\" class=\"elementor elementor-17357\">\n\t\t\t\t<div class=\"elementor-element elementor-element-2612b12 e-flex e-con-boxed e-con e-parent\" data-id=\"2612b12\" data-element_type=\"container\" data-e-type=\"container\">\n\t\t\t\t\t<div class=\"e-con-inner\">\n\t\t\n\t\t<div class=\"elementor-element elementor-element-498707ae elementor-widget elementor-widget-text-editor\" data-id=\"498707ae\" data-element_type=\"widget\" data-e-type=\"widget\" data-widget_type=\"text-editor.default\">\n\t\t\t\t<div class=\"elementor-widget-container\">\n\t\t\t\t\t\t\t\t\t<p><b>West. Fisiolog\u00eda respiratoria. Fundamentos\u00a0<\/b>es considerada una obra de referencia en fisiolog\u00eda respiratoria. Su 1.\u00aa edici\u00f3n, publicada hace 45 a\u00f1os, se ha traducido a 15 idiomas. La obra ofrece a estudiantes de medicina, residentes de diferentes especialidades y subespecialidades m\u00e9dicas, as\u00ed como otros profesionales de la salud, los fundamentos del funcionamiento del sistema respiratorio.<br \/>Esta 11.\u00aa edici\u00f3n sigue organizada en 10 cap\u00edtulos que abordan la anatom\u00eda b\u00e1sica, los conceptos f\u00edsicos y din\u00e1micos de la ventilaci\u00f3n, y el intercambio gaseoso entre el aire respirado y la sangre. Tambi\u00e9n expone las diferentes condiciones que se experimentan en el funcionamiento de este sistema: flujo sangu\u00edneo, relaciones ventilaci\u00f3n\/perfusi\u00f3n, din\u00e1mica de fluidos de la sangre, mec\u00e1nica ventilatoria, control de la funci\u00f3n ventilatoria, y dos interesantes temas de aplicaci\u00f3n de conocimientos: el sistema respiratorio bajo estr\u00e9s y pruebas de funci\u00f3n respiratoria.<\/p>\t\t\t\t\t\t\t\t<\/div>\n\t\t\t\t<\/div>\n\t\t\t\t\t<\/div>\n\t\t\t\t<\/div>\n\t\t\t\t<\/div>\n\t\t","protected":false},"excerpt":{"rendered":"<p><strong>Autores:<\/strong> John B. West MD, PhD, DSc, FRCP, FRACP, Andrew M. Luks MD<br \/>\n<strong>ISBN:<\/strong> 9788418257803<br \/>\n<strong>Editorial:<\/strong> Wolters Kluwer<br \/>\n<strong>Edici\u00f3n:<\/strong> 11\u00aa<br \/>\n<strong>Especialidad<\/strong>: Fisioterapia<br \/>\n<strong>P\u00e1ginas<\/strong>: 272<\/p>\n<p>\u00a9 2021<\/p>\n","protected":false},"featured_media":17358,"comment_status":"open","ping_status":"closed","template":"","meta":{"_joinchat":[]},"product_cat":[111],"product_tag":[239,112,92],"class_list":{"0":"post-17357","1":"product","2":"type-product","3":"status-publish","4":"has-post-thumbnail","6":"product_cat-fisioterapia","7":"product_tag-239","8":"product_tag-fisioterapia","9":"product_tag-wolters-kluwer","11":"first","12":"instock","13":"featured","14":"taxable","15":"shipping-taxable","16":"purchasable","17":"product-type-simple"},"_links":{"self":[{"href":"https:\/\/edimeinter.com\/libreria\/wp-json\/wp\/v2\/product\/17357","targetHints":{"allow":["GET"]}}],"collection":[{"href":"https:\/\/edimeinter.com\/libreria\/wp-json\/wp\/v2\/product"}],"about":[{"href":"https:\/\/edimeinter.com\/libreria\/wp-json\/wp\/v2\/types\/product"}],"replies":[{"embeddable":true,"href":"https:\/\/edimeinter.com\/libreria\/wp-json\/wp\/v2\/comments?post=17357"}],"version-history":[{"count":5,"href":"https:\/\/edimeinter.com\/libreria\/wp-json\/wp\/v2\/product\/17357\/revisions"}],"predecessor-version":[{"id":17363,"href":"https:\/\/edimeinter.com\/libreria\/wp-json\/wp\/v2\/product\/17357\/revisions\/17363"}],"wp:featuredmedia":[{"embeddable":true,"href":"https:\/\/edimeinter.com\/libreria\/wp-json\/wp\/v2\/media\/17358"}],"wp:attachment":[{"href":"https:\/\/edimeinter.com\/libreria\/wp-json\/wp\/v2\/media?parent=17357"}],"wp:term":[{"taxonomy":"product_cat","embeddable":true,"href":"https:\/\/edimeinter.com\/libreria\/wp-json\/wp\/v2\/product_cat?post=17357"},{"taxonomy":"product_tag","embeddable":true,"href":"https:\/\/edimeinter.com\/libreria\/wp-json\/wp\/v2\/product_tag?post=17357"}],"curies":[{"name":"wp","href":"https:\/\/api.w.org\/{rel}","templated":true}]}}