{"id":17376,"date":"2025-10-01T19:25:55","date_gmt":"2025-10-01T19:25:55","guid":{"rendered":"https:\/\/edimeinter.com\/libreria\/?post_type=product&#038;p=17376"},"modified":"2025-10-01T21:36:46","modified_gmt":"2025-10-01T21:36:46","slug":"cirugia-en-pequenos-animales-5-a-ed","status":"publish","type":"product","link":"https:\/\/edimeinter.com\/libreria\/product\/cirugia-en-pequenos-animales-5-a-ed\/","title":{"rendered":"Cirug\u00eda en peque\u00f1os animales 5.\u00aa ed."},"content":{"rendered":"\t\t<div data-elementor-type=\"wp-post\" data-elementor-id=\"17376\" class=\"elementor elementor-17376\">\n\t\t\t\t<div class=\"elementor-element elementor-element-2612b12 e-flex e-con-boxed e-con e-parent\" data-id=\"2612b12\" data-element_type=\"container\" data-e-type=\"container\">\n\t\t\t\t\t<div class=\"e-con-inner\">\n\t\t\n\t\t<div class=\"elementor-element elementor-element-498707ae elementor-widget elementor-widget-text-editor\" data-id=\"498707ae\" data-element_type=\"widget\" data-e-type=\"widget\" data-widget_type=\"text-editor.default\">\n\t\t\t\t<div class=\"elementor-widget-container\">\n\t\t\t\t\t\t\t\t\t<ul><li><span style=\"color: #000000;font-family: Times New Roman\">Referencia internacional en el \u00e1mbito veterinario que llega a su 5\u00aa edici\u00f3n introduciendo cambios importantes pero manteniendo todos aquellos aspectos mejor valorados en ediciones previas entre los que est\u00e1n el n\u00famero limitado de los colaboradores, un dise\u00f1o espec\u00edfico dirigido a fomentar el aprendizaje din\u00e1mico y un formato coherente y homog\u00e9neo en los distintos cap\u00edtulos.<br \/><\/span><\/li><li><span style=\"color: #000000;font-family: Times New Roman\">El libro est\u00e1 compuesto por un total de 44 cap\u00edtulos distribuidos en cuatro partes en las que se abordan temas vinculados con principios quir\u00fargicos generales, as\u00ed como procedimientos sobre cirug\u00eda de tejidos blancos, neurocirug\u00eda, cirug\u00eda ortop\u00e9dica y cirug\u00eda m\u00ednimamente invasiva.<br \/><\/span><\/li><li><span style=\"color: #000000;font-family: Times New Roman\">Todos los cap\u00edtulos han sido debidamente actualizados con nueva informaci\u00f3n en la parte de las intervenciones e incluso en algunos casos con la incorporaci\u00f3n de nuevos procedimientos que han pasado a formar parte del d\u00eda a d\u00eda de los veterinarios.<br \/><\/span><\/li><li><span style=\"color: #000000;font-family: Times New Roman\">Al igual que en ediciones previas, este libro incluye cientos de tablas y cuadros que recogen de manera resumida la informaci\u00f3n cl\u00ednica clave. Igualmente, y con el objetivo de facilitar la comprensi\u00f3n de estos elementos, todos ellos est\u00e1n debidamente se\u00f1alizados con distintos iconos y clasificados\u00a0por c\u00f3digos de colores.<br \/><\/span><\/li><li><span style=\"color: #000000;font-family: Times New Roman\">La nueva edici\u00f3n hace tambi\u00e9n una actualizaci\u00f3n importante en toda la parte de protocolos de anestesiolog\u00eda, incluyendo recomendaciones para patolog\u00edas o pacientes concretos, as\u00ed como tablas con dosis recomendadas.<br \/><\/span><\/li><li><span style=\"color: #000000;font-family: Times New Roman\">A trav\u00e9s de\u00a0ExpertContult.com se proporciona acceso a numerosas herramientas interactivas de gran ayuda tanto para los estudiantes como para los profesionales:\u00a0numerosos v\u00eddeos para ayudar a entender los entornos quir\u00fargicos y mostrar las principales t\u00e9cnicas quir\u00fargicas, acceso al contenido del\u00a0libro completo en ingl\u00e9s, protocolos de trabajo y actualizaciones permanentes, tambi\u00e9n en ingl\u00e9s<\/span>.<\/li><\/ul><p>Obra que llega a su 5\u00aa edici\u00f3n siendo una referencia internacional en el \u00e1mbito de la cirug\u00eda veterinaria. Introduce cambios significativos en cuanto a la actualizaci\u00f3n de contenidos, pero manteniendo los aspectos mejor valorados de la obra en ediciones previas.<\/p><p>A lo largo de 44 cap\u00edtulos se incluye informaci\u00f3n sobre principios generales de cirug\u00eda, neurocirug\u00eda, cirug\u00eda de tejidos blandos, cirug\u00eda ortop\u00e9dica y cirug\u00eda m\u00ednimamente invasiva. Numerosos cuadros y tablas, identificados con iconos y clasificados por c\u00f3digos de colores, resumen la informaci\u00f3n m\u00e1s relevante.<\/p><p>A la actualizaci\u00f3n generalizada de todos los cap\u00edtulos, hay que a\u00f1adir la que se realiza en la parte de los protocolos de anestesiolog\u00eda, incluyendo tablas con dosis recomendadas para patolog\u00edas o pacientes concretos.<\/p><p>A trav\u00e9s de ExpertConsult.com se proporciona acceso a numerosas herramientas interactivas de gran ayuda como numerosos v\u00eddeos para ayudar a entender los entornos quir\u00fargicos y mostrar las principales t\u00e9cnicas quir\u00fargicas, acceso al contenido del libro completo en ingl\u00e9s, protocolos de trabajo y actualizaciones permanentes, tambi\u00e9n en ingl\u00e9s.<\/p>\t\t\t\t\t\t\t\t<\/div>\n\t\t\t\t<\/div>\n\t\t\t\t\t<\/div>\n\t\t\t\t<\/div>\n\t\t\t\t<\/div>\n\t\t","protected":false},"excerpt":{"rendered":"<p><strong>Autores:<\/strong> Theresa Welch Fossum<br \/>\n<strong>ISBN:<\/strong> 9788491133803<br \/>\n<strong>Editorial:<\/strong> Elsevier<br \/>\n<strong>Edici\u00f3n:<\/strong> 5\u00aa<br \/>\n<strong>Especialidad<\/strong>: Veterinaria<br \/>\n<strong>P\u00e1ginas<\/strong>: 1584<\/p>\n<p>\u00a9 2019<\/p>\n","protected":false},"featured_media":17377,"comment_status":"open","ping_status":"closed","template":"","meta":{"_joinchat":[]},"product_cat":[162],"product_tag":[85,163],"class_list":{"0":"post-17376","1":"product","2":"type-product","3":"status-publish","4":"has-post-thumbnail","6":"product_cat-veterinaria","7":"product_tag-elsevier","8":"product_tag-veterinaria","10":"first","11":"instock","12":"featured","13":"taxable","14":"shipping-taxable","15":"purchasable","16":"product-type-simple"},"_links":{"self":[{"href":"https:\/\/edimeinter.com\/libreria\/wp-json\/wp\/v2\/product\/17376","targetHints":{"allow":["GET"]}}],"collection":[{"href":"https:\/\/edimeinter.com\/libreria\/wp-json\/wp\/v2\/product"}],"about":[{"href":"https:\/\/edimeinter.com\/libreria\/wp-json\/wp\/v2\/types\/product"}],"replies":[{"embeddable":true,"href":"https:\/\/edimeinter.com\/libreria\/wp-json\/wp\/v2\/comments?post=17376"}],"version-history":[{"count":5,"href":"https:\/\/edimeinter.com\/libreria\/wp-json\/wp\/v2\/product\/17376\/revisions"}],"predecessor-version":[{"id":17405,"href":"https:\/\/edimeinter.com\/libreria\/wp-json\/wp\/v2\/product\/17376\/revisions\/17405"}],"wp:featuredmedia":[{"embeddable":true,"href":"https:\/\/edimeinter.com\/libreria\/wp-json\/wp\/v2\/media\/17377"}],"wp:attachment":[{"href":"https:\/\/edimeinter.com\/libreria\/wp-json\/wp\/v2\/media?parent=17376"}],"wp:term":[{"taxonomy":"product_cat","embeddable":true,"href":"https:\/\/edimeinter.com\/libreria\/wp-json\/wp\/v2\/product_cat?post=17376"},{"taxonomy":"product_tag","embeddable":true,"href":"https:\/\/edimeinter.com\/libreria\/wp-json\/wp\/v2\/product_tag?post=17376"}],"curies":[{"name":"wp","href":"https:\/\/api.w.org\/{rel}","templated":true}]}}