{"id":17388,"date":"2025-10-01T20:32:52","date_gmt":"2025-10-01T20:32:52","guid":{"rendered":"https:\/\/edimeinter.com\/libreria\/?post_type=product&#038;p=17388"},"modified":"2026-01-15T22:51:37","modified_gmt":"2026-01-15T22:51:37","slug":"enfermedades-infectocontagiosas-en-rumiantes-1-a-ed","status":"publish","type":"product","link":"https:\/\/edimeinter.com\/libreria\/product\/enfermedades-infectocontagiosas-en-rumiantes-1-a-ed\/","title":{"rendered":"Enfermedades infectocontagiosas en rumiantes 1.\u00aa ed."},"content":{"rendered":"\t\t<div data-elementor-type=\"wp-post\" data-elementor-id=\"17388\" class=\"elementor elementor-17388\">\n\t\t\t\t\n<div class=\"elementor-element elementor-element-2612b12 e-flex e-con-boxed e-con e-parent\" data-id=\"2612b12\" data-element_type=\"container\" data-e-type=\"container\">\n\t\t\t\t\t<div class=\"e-con-inner\">\n\t\t\n\t\t<div class=\"elementor-element elementor-element-498707ae elementor-widget elementor-widget-text-editor\" data-id=\"498707ae\" data-element_type=\"widget\" data-e-type=\"widget\" data-widget_type=\"text-editor.default\">\n\t\t\t\t<div class=\"elementor-widget-container\">\n\t\t\t\t\t\t\t\t\t<ul style=\"font-weight: 400\"><li><i><em>Manuales cl\u00ednicos de Veterinaria<\/em><\/i>\u00a0es una novedosa colecci\u00f3n de gu\u00edas pr\u00e1cticas que ofrecen a cl\u00ednicos y estudiantes\u00a0informaci\u00f3n\u00a0acerca de las diferentes especialidades veterinarias, con especial \u00e9nfasis en la toma de decisiones en el d\u00eda a d\u00eda de la\u00a0pr\u00e1ctica cl\u00ednica.<\/li><li>Este manual\u00a0re\u00fane con gran claridad la\u00a0informaci\u00f3n esencial sobre las principales enfermedades infecciosas y parasitarias que afectan al bovino, ovino y caprino en Europa y Latinoam\u00e9rica.\u00a0Se trata de una herramienta de consulta pr\u00e1ctica, cuyo objetivo es ayudar a alcanzar un diagn\u00f3stico r\u00e1pido y a\u00a0implementar las medidas de lucha\u00a0m\u00e1s eficaces frente a este tipo de procesos.<\/li><li>Incluye 50 cap\u00edtulos,\u00a0organizados en\u00a07 secciones,\u00a0que abordan sucesivamente procesos generales, respiratorios, digestivos, reproductivos, cut\u00e1neos, nerviosos y otros procesos de inter\u00e9s. Incluye tambi\u00e9n un cap\u00edtulo inicial sobre necropsia de rumiantes.<\/li><li>Los iconos\u00a0al principio de cada cap\u00edtulo ofrecen una r\u00e1pida gu\u00eda visual de los principales aspectos de cada enfermedad. Asimismo, pone \u00e9nfasis en el\u00a0diagn\u00f3stico diferencial\u00a0y en las\u00a0medidas de lucha para el control\u00a0mediante tratamiento y profilaxis m\u00e9dica y sanitaria.<\/li><li>Esta obra est\u00e1 destinada\u00a0no solo a los veterinarios de campo en el ejercicio de su profesi\u00f3n, sino tambi\u00e9n a aquellos estudiantes de Veterinaria y reci\u00e9n graduados interesados en desarrollar su ejercicio profesional en el campo de las enfermedades infectocontagiosas en rumiantes.<\/li><li>Cuenta con la participaci\u00f3n de m\u00e1s de 70 especialistas en enfermedades infectocontagiosas, pertenecientes a 13 instituciones distintas entre facultades de Veterinaria y centros de investigaci\u00f3n.<\/li><\/ul><p style=\"font-weight: 400\">\u00a0<\/p><p style=\"font-weight: 400\">Manuales cl\u00ednicos de Veterinaria es una novedosa colecci\u00f3n de gu\u00edas pr\u00e1cticas que ofrecen a cl\u00ednicos y estudiantes informaci\u00f3n concisa y clara acerca de las diferentes especialidades veterinarias, con especial \u00e9nfasis en la toma de decisiones en el d\u00eda a d\u00eda de la pr\u00e1ctica cl\u00ednica.<\/p><p style=\"font-weight: 400\">Re\u00fane informaci\u00f3n esencial sobre las principales enfermedades infecciosas y parasitarias que afectan al bovino, ovino y caprino en Europa y Latinoam\u00e9rica. Herramienta de consulta pr\u00e1ctica, cuyo objetivo es ayudar a alcanzar un diagn\u00f3stico r\u00e1pido y a implementar las medidas de lucha m\u00e1s eficaces frente a este tipo de procesos.<\/p><p style=\"font-weight: 400\">Los 50 cap\u00edtulos, cada uno dedicado a una enfermedad, est\u00e1 organizados en 7 secciones que abordan procesos de inter\u00e9s. Los iconos al principio de cada cap\u00edtulo ofrecen una r\u00e1pida gu\u00eda visual de los principales aspectos de cada enfermedad. La informaci\u00f3n est\u00e1 organizada de forma clara y concisa y de f\u00e1cil y r\u00e1pida consulta con numerosas im\u00e1genes en color.<\/p><p style=\"font-weight: 400\">Obra destinada no solo a los veterinarios de campo en el ejercicio de su profesi\u00f3n sino tambi\u00e9n a aquellos estudiantes de Veterinaria y reci\u00e9n graduados interesados en desarrollar su ejercicio profesional en el campo de las enfermedades infectocontagiosas en rumiantes.<\/p>\t\t\t\t\t\t\t\t<\/div>\n\t\t\t\t<\/div>\n\t\t\t\t\t<\/div>\n\t\t\t\t<\/div>\n\t\t\t\t<\/div>\n\t\t","protected":false},"excerpt":{"rendered":"<p><strong>Autores:<\/strong> Ignacio Garc\u00eda Bocanegra,Rafael Zafra Leva,Juan Morgaz Rodr\u00edguez,Pilar Mu\u00f1oz Rasc\u00f3n,Alba Gal\u00e1n Rodr\u00edguez<br \/>\n<strong>ISBN:<\/strong> 9788491133537<br \/>\n<strong>Editorial:<\/strong> Elsevier<br \/>\n<strong>Edici\u00f3n:<\/strong> 1\u00aa<br \/>\n<strong>Especialidad<\/strong>: Veterinaria<br \/>\n<strong>P\u00e1ginas<\/strong>: 512<\/p>\n<p>\u00a9 2019<\/p>\n","protected":false},"featured_media":17389,"comment_status":"open","ping_status":"closed","template":"","meta":{"_joinchat":[]},"product_cat":[162],"product_tag":[85,163],"class_list":{"0":"post-17388","1":"product","2":"type-product","3":"status-publish","4":"has-post-thumbnail","6":"product_cat-veterinaria","7":"product_tag-elsevier","8":"product_tag-veterinaria","10":"first","11":"outofstock","12":"featured","13":"taxable","14":"shipping-taxable","15":"purchasable","16":"product-type-simple"},"_links":{"self":[{"href":"https:\/\/edimeinter.com\/libreria\/wp-json\/wp\/v2\/product\/17388","targetHints":{"allow":["GET"]}}],"collection":[{"href":"https:\/\/edimeinter.com\/libreria\/wp-json\/wp\/v2\/product"}],"about":[{"href":"https:\/\/edimeinter.com\/libreria\/wp-json\/wp\/v2\/types\/product"}],"replies":[{"embeddable":true,"href":"https:\/\/edimeinter.com\/libreria\/wp-json\/wp\/v2\/comments?post=17388"}],"version-history":[{"count":5,"href":"https:\/\/edimeinter.com\/libreria\/wp-json\/wp\/v2\/product\/17388\/revisions"}],"predecessor-version":[{"id":17813,"href":"https:\/\/edimeinter.com\/libreria\/wp-json\/wp\/v2\/product\/17388\/revisions\/17813"}],"wp:featuredmedia":[{"embeddable":true,"href":"https:\/\/edimeinter.com\/libreria\/wp-json\/wp\/v2\/media\/17389"}],"wp:attachment":[{"href":"https:\/\/edimeinter.com\/libreria\/wp-json\/wp\/v2\/media?parent=17388"}],"wp:term":[{"taxonomy":"product_cat","embeddable":true,"href":"https:\/\/edimeinter.com\/libreria\/wp-json\/wp\/v2\/product_cat?post=17388"},{"taxonomy":"product_tag","embeddable":true,"href":"https:\/\/edimeinter.com\/libreria\/wp-json\/wp\/v2\/product_tag?post=17388"}],"curies":[{"name":"wp","href":"https:\/\/api.w.org\/{rel}","templated":true}]}}