{"id":17394,"date":"2025-10-01T20:41:31","date_gmt":"2025-10-01T20:41:31","guid":{"rendered":"https:\/\/edimeinter.com\/libreria\/?post_type=product&#038;p=17394"},"modified":"2026-02-12T17:44:10","modified_gmt":"2026-02-12T17:44:10","slug":"dermatologia-4-a-ed","status":"publish","type":"product","link":"https:\/\/edimeinter.com\/libreria\/product\/dermatologia-4-a-ed\/","title":{"rendered":"Dermatolog\u00eda 4.\u00aa ed."},"content":{"rendered":"\t\t<div data-elementor-type=\"wp-post\" data-elementor-id=\"17394\" class=\"elementor elementor-17394\">\n\t\t\t\t<div class=\"elementor-element elementor-element-2612b12 e-flex e-con-boxed e-con e-parent\" data-id=\"2612b12\" data-element_type=\"container\" data-e-type=\"container\">\n\t\t\t\t\t<div class=\"e-con-inner\">\n\t\t\n\t\t<div class=\"elementor-element elementor-element-498707ae elementor-widget elementor-widget-text-editor\" data-id=\"498707ae\" data-element_type=\"widget\" data-e-type=\"widget\" data-widget_type=\"text-editor.default\">\n\t\t\t\t<div class=\"elementor-widget-container\">\n\t\t\t\t\t\t\t\t\t<p>Obra de refererencia absoluta en dermatolog\u00eda en la que\u00a0los autores aportan su valioso conocimiento y experiencia\u00a0para ofrecer, tanto a profesionales como a residentes, un\u00a0contenido para la adecuada comprensi\u00f3n, diagn\u00f3stico y\u00a0tratamiento de las patolog\u00edas de la piel.<br \/><br \/><strong>\u00c9nfasis en la dermatolog\u00eda moderna<\/strong><br \/>La nueva edici\u00f3n hace hincapi\u00e9 en las correlaciones cl\u00ednico-patol\u00f3gicas, en la incorporaci\u00f3n de tablas con diagn\u00f3sticos\u00a0diferenciales y en la utilizaci\u00f3n del abordaje en \u00abescalones\u00a0terap\u00e9uticos\u00bb, todos ellos elementos clave de la dermatolog\u00eda\u00a0moderna.<br \/><br \/><strong>M\u00e1s de 2.000 im\u00e1genes nuevas<\/strong><br \/><strong>I<\/strong>ncluye m\u00e1s de 4.000 ilustraciones, con m\u00e1s de 2.000 im\u00e1genes\u00a0nuevas en esta edici\u00f3n, que aportan m\u00e1s ejemplos de trastornos\u00a0cut\u00e1neos, e im\u00e1genes histol\u00f3gicas con el objetivo de proporcionar un\u00a0conocimiento m\u00e1s exhaustivo de m\u00faltiples trastornos cut\u00e1neos.<br \/><br \/><strong>Enfoque eminentemente visual<\/strong><br \/>Adem\u00e1s de las numerosas im\u00e1genes, incorpora hasta 70 esquemas y\u00a0algoritmos completamente nuevos para ayudar al diagn\u00f3stico,\u00a0optimizar la toma de decisiones y mejorar el abordaje de cada\u00a0paciente.<\/p>\t\t\t\t\t\t\t\t<\/div>\n\t\t\t\t<\/div>\n\t\t\t\t\t<\/div>\n\t\t\t\t<\/div>\n\t\t\t\t<\/div>\n\t\t","protected":false},"excerpt":{"rendered":"<p><strong>Autores:<\/strong> JEAN L. BOLOGNIA, JULIE V. SCHAFFER, LORENZO CERRONI<br \/>\n<strong>ISBN:<\/strong> 9788491133650<br \/>\n<strong>Editorial:<\/strong> Elsevier<br \/>\n<strong>Edici\u00f3n:<\/strong> 4\u00aa<br \/>\n<strong>Especialidad<\/strong>: Dermatolog\u00eda<br \/>\n<strong>P\u00e1ginas<\/strong>: 2880<\/p>\n<p>\u00a9 2018<\/p>\n","protected":false},"featured_media":17395,"comment_status":"open","ping_status":"closed","template":"","meta":{"_joinchat":[]},"product_cat":[108],"product_tag":[109,85],"class_list":{"0":"post-17394","1":"product","2":"type-product","3":"status-publish","4":"has-post-thumbnail","6":"product_cat-dermatologia","7":"product_tag-dermatologia","8":"product_tag-elsevier","10":"first","11":"instock","12":"featured","13":"taxable","14":"shipping-taxable","15":"purchasable","16":"product-type-simple"},"_links":{"self":[{"href":"https:\/\/edimeinter.com\/libreria\/wp-json\/wp\/v2\/product\/17394","targetHints":{"allow":["GET"]}}],"collection":[{"href":"https:\/\/edimeinter.com\/libreria\/wp-json\/wp\/v2\/product"}],"about":[{"href":"https:\/\/edimeinter.com\/libreria\/wp-json\/wp\/v2\/types\/product"}],"replies":[{"embeddable":true,"href":"https:\/\/edimeinter.com\/libreria\/wp-json\/wp\/v2\/comments?post=17394"}],"version-history":[{"count":10,"href":"https:\/\/edimeinter.com\/libreria\/wp-json\/wp\/v2\/product\/17394\/revisions"}],"predecessor-version":[{"id":17799,"href":"https:\/\/edimeinter.com\/libreria\/wp-json\/wp\/v2\/product\/17394\/revisions\/17799"}],"wp:featuredmedia":[{"embeddable":true,"href":"https:\/\/edimeinter.com\/libreria\/wp-json\/wp\/v2\/media\/17395"}],"wp:attachment":[{"href":"https:\/\/edimeinter.com\/libreria\/wp-json\/wp\/v2\/media?parent=17394"}],"wp:term":[{"taxonomy":"product_cat","embeddable":true,"href":"https:\/\/edimeinter.com\/libreria\/wp-json\/wp\/v2\/product_cat?post=17394"},{"taxonomy":"product_tag","embeddable":true,"href":"https:\/\/edimeinter.com\/libreria\/wp-json\/wp\/v2\/product_tag?post=17394"}],"curies":[{"name":"wp","href":"https:\/\/api.w.org\/{rel}","templated":true}]}}