{"id":17411,"date":"2025-10-09T22:31:35","date_gmt":"2025-10-09T22:31:35","guid":{"rendered":"https:\/\/edimeinter.com\/libreria\/?post_type=product&#038;p=17411"},"modified":"2025-12-08T16:04:11","modified_gmt":"2025-12-08T16:04:11","slug":"dsm-5-tr-casos-clinicos-5-a-ed","status":"publish","type":"product","link":"https:\/\/edimeinter.com\/libreria\/product\/dsm-5-tr-casos-clinicos-5-a-ed\/","title":{"rendered":"DSM-5-TR Casos Cl\u00ednicos 5.\u00aa ed."},"content":{"rendered":"\t\t<div data-elementor-type=\"wp-post\" data-elementor-id=\"17411\" class=\"elementor elementor-17411\">\n\t\t\t\t<div class=\"elementor-element elementor-element-2612b12 e-flex e-con-boxed e-con e-parent\" data-id=\"2612b12\" data-element_type=\"container\" data-e-type=\"container\">\n\t\t\t\t\t<div class=\"e-con-inner\">\n\t\t\n\t\t<div class=\"elementor-element elementor-element-498707ae elementor-widget elementor-widget-text-editor\" data-id=\"498707ae\" data-element_type=\"widget\" data-e-type=\"widget\" data-widget_type=\"text-editor.default\">\n\t\t\t\t<div class=\"elementor-widget-container\">\n\t\t\t\t\t\t\t\t\t<p class=\"font-light !leading-[22px] tracking-[1.12px] text-base mb-3 text-gray-500\">DSM-5-TR\u00ae Casos cl\u00ednicos aclara y analiza el diagn\u00f3stico psiqui\u00e1trico con un enfoque particular en c\u00f3mo los diagn\u00f3sticos han evolucionado a partir del DSM-5\u00ae. Dise\u00f1ado para profesores, estudiantes y m\u00e9dicos, este libro presenta una gran variedad de casos de pacientes que cubren el frente del diagn\u00f3stico.<\/p><article id=\"publico-objetivo\" class=\"text-lg font-normal text-gray-500 lg:p-4 w-full mb-0\"><h2 class=\"mb-5 border-b border-b-yellowmenu aria-current:text-primary aria-current:tracking-wide pb-3 text-base xs:text-lg font-normal text-gray-400 w-full\">\u00a0<\/h2><\/article>\t\t\t\t\t\t\t\t<\/div>\n\t\t\t\t<\/div>\n\t\t\t\t\t<\/div>\n\t\t\t\t<\/div>\n\t\t\t\t<\/div>\n\t\t","protected":false},"excerpt":{"rendered":"<p><strong>Autores:<\/strong> JOHN W. BARNHILL, American Psychiatric Association APA<br \/>\n<strong>ISBN:<\/strong> 9788411062886<br \/>\n<strong>Editorial:<\/strong> Panamericana<br \/>\n<strong>Edici\u00f3n:<\/strong> 5\u00aa<br \/>\n<strong>Especialidad<\/strong>: Psiquiatr\u00eda<br \/>\n<strong>P\u00e1ginas<\/strong>: 416<\/p>\n<p>\u00a9 2025<\/p>\n","protected":false},"featured_media":17412,"comment_status":"open","ping_status":"closed","template":"","meta":{"_joinchat":[]},"product_cat":[68],"product_tag":[239,70,69],"class_list":{"0":"post-17411","1":"product","2":"type-product","3":"status-publish","4":"has-post-thumbnail","6":"product_cat-psiquiatria","7":"product_tag-239","8":"product_tag-panamericana","9":"product_tag-psiquiatria","11":"first","12":"instock","13":"featured","14":"taxable","15":"shipping-taxable","16":"purchasable","17":"product-type-simple"},"_links":{"self":[{"href":"https:\/\/edimeinter.com\/libreria\/wp-json\/wp\/v2\/product\/17411","targetHints":{"allow":["GET"]}}],"collection":[{"href":"https:\/\/edimeinter.com\/libreria\/wp-json\/wp\/v2\/product"}],"about":[{"href":"https:\/\/edimeinter.com\/libreria\/wp-json\/wp\/v2\/types\/product"}],"replies":[{"embeddable":true,"href":"https:\/\/edimeinter.com\/libreria\/wp-json\/wp\/v2\/comments?post=17411"}],"version-history":[{"count":9,"href":"https:\/\/edimeinter.com\/libreria\/wp-json\/wp\/v2\/product\/17411\/revisions"}],"predecessor-version":[{"id":17446,"href":"https:\/\/edimeinter.com\/libreria\/wp-json\/wp\/v2\/product\/17411\/revisions\/17446"}],"wp:featuredmedia":[{"embeddable":true,"href":"https:\/\/edimeinter.com\/libreria\/wp-json\/wp\/v2\/media\/17412"}],"wp:attachment":[{"href":"https:\/\/edimeinter.com\/libreria\/wp-json\/wp\/v2\/media?parent=17411"}],"wp:term":[{"taxonomy":"product_cat","embeddable":true,"href":"https:\/\/edimeinter.com\/libreria\/wp-json\/wp\/v2\/product_cat?post=17411"},{"taxonomy":"product_tag","embeddable":true,"href":"https:\/\/edimeinter.com\/libreria\/wp-json\/wp\/v2\/product_tag?post=17411"}],"curies":[{"name":"wp","href":"https:\/\/api.w.org\/{rel}","templated":true}]}}