{"id":17461,"date":"2026-01-09T17:36:01","date_gmt":"2026-01-09T17:36:01","guid":{"rendered":"https:\/\/edimeinter.com\/libreria\/?post_type=product&#038;p=17461"},"modified":"2026-01-09T17:45:06","modified_gmt":"2026-01-09T17:45:06","slug":"histeroscopia-y-cirugia-intrauterina-incluye-ebook-1-a-ed","status":"publish","type":"product","link":"https:\/\/edimeinter.com\/libreria\/product\/histeroscopia-y-cirugia-intrauterina-incluye-ebook-1-a-ed\/","title":{"rendered":"Histeroscopia y Cirug\u00eda Intrauterina. Incluye eBook 1.\u00aa ed"},"content":{"rendered":"\t\t<div data-elementor-type=\"wp-post\" data-elementor-id=\"17461\" class=\"elementor elementor-17461\">\n\t\t\t\t<div class=\"elementor-element elementor-element-2612b12 e-flex e-con-boxed e-con e-parent\" data-id=\"2612b12\" data-element_type=\"container\" data-e-type=\"container\">\n\t\t\t\t\t<div class=\"e-con-inner\">\n\t\t\n\t\t<div class=\"elementor-element elementor-element-498707ae elementor-widget elementor-widget-text-editor\" data-id=\"498707ae\" data-element_type=\"widget\" data-e-type=\"widget\" data-widget_type=\"text-editor.default\">\n\t\t\t\t<div class=\"elementor-widget-container\">\n\t\t\t\t\t\t\t\t\t<p>La histeroscopia es, en la actualidad, una de las t\u00e9cnicas ginecol\u00f3gicas m\u00e1s utilizadas en los hospitales en relaci\u00f3n con el n\u00famero de intervenciones realizadas. Esto se debe al aumento en las indicaciones, tanto desde el punto de vista diagn\u00f3stico como quir\u00fargico, y al desarrollo de nuevo instrumental, con m\u00e1s posibilidades y menor calibre, lo que ha repercutido en nuevas formas de tratar las patolog\u00edas que afectan tanto a la cavidad uterina como a la pared<\/p>\t\t\t\t\t\t\t\t<\/div>\n\t\t\t\t<\/div>\n\t\t\t\t\t<\/div>\n\t\t\t\t<\/div>\n\t\t\t\t<\/div>\n\t\t","protected":false},"excerpt":{"rendered":"<p><strong>Autores:<\/strong> Luis Alonso Pacheco,Jose Carugno,Sergio Haimovich,Miguel Angel Bigozzi,Carlos Arturo Buitrago Duque<br \/>\n<strong>ISBN:<\/strong> 9788411060677<br \/>\n<strong>Editorial:<\/strong> Panamericana<br \/>\n<strong>Edici\u00f3n:<\/strong> 1\u00aa<br \/>\n<strong>Especialidad<\/strong>: Ginecolog\u00eda y Obstetricia<br \/>\n<strong>P\u00e1ginas<\/strong>: 652<\/p>\n<p>\u00a9 2025<\/p>\n","protected":false},"featured_media":17463,"comment_status":"open","ping_status":"closed","template":"","meta":{"_joinchat":[]},"product_cat":[104],"product_tag":[239,105,70],"class_list":{"0":"post-17461","1":"product","2":"type-product","3":"status-publish","4":"has-post-thumbnail","6":"product_cat-ginecologia-y-obstetricia","7":"product_tag-239","8":"product_tag-ginecologia-y-obstetricia","9":"product_tag-panamericana","11":"first","12":"instock","13":"featured","14":"taxable","15":"shipping-taxable","16":"purchasable","17":"product-type-simple"},"_links":{"self":[{"href":"https:\/\/edimeinter.com\/libreria\/wp-json\/wp\/v2\/product\/17461","targetHints":{"allow":["GET"]}}],"collection":[{"href":"https:\/\/edimeinter.com\/libreria\/wp-json\/wp\/v2\/product"}],"about":[{"href":"https:\/\/edimeinter.com\/libreria\/wp-json\/wp\/v2\/types\/product"}],"replies":[{"embeddable":true,"href":"https:\/\/edimeinter.com\/libreria\/wp-json\/wp\/v2\/comments?post=17461"}],"version-history":[{"count":4,"href":"https:\/\/edimeinter.com\/libreria\/wp-json\/wp\/v2\/product\/17461\/revisions"}],"predecessor-version":[{"id":17467,"href":"https:\/\/edimeinter.com\/libreria\/wp-json\/wp\/v2\/product\/17461\/revisions\/17467"}],"wp:featuredmedia":[{"embeddable":true,"href":"https:\/\/edimeinter.com\/libreria\/wp-json\/wp\/v2\/media\/17463"}],"wp:attachment":[{"href":"https:\/\/edimeinter.com\/libreria\/wp-json\/wp\/v2\/media?parent=17461"}],"wp:term":[{"taxonomy":"product_cat","embeddable":true,"href":"https:\/\/edimeinter.com\/libreria\/wp-json\/wp\/v2\/product_cat?post=17461"},{"taxonomy":"product_tag","embeddable":true,"href":"https:\/\/edimeinter.com\/libreria\/wp-json\/wp\/v2\/product_tag?post=17461"}],"curies":[{"name":"wp","href":"https:\/\/api.w.org\/{rel}","templated":true}]}}