{"id":17468,"date":"2026-01-09T17:46:33","date_gmt":"2026-01-09T17:46:33","guid":{"rendered":"https:\/\/edimeinter.com\/libreria\/?post_type=product&#038;p=17468"},"modified":"2026-01-09T17:50:36","modified_gmt":"2026-01-09T17:50:36","slug":"tratado-de-ginecologia-incluye-ebook-3-a-edicion","status":"publish","type":"product","link":"https:\/\/edimeinter.com\/libreria\/product\/tratado-de-ginecologia-incluye-ebook-3-a-edicion\/","title":{"rendered":"Tratado de Ginecolog\u00eda. Incluye eBook 3.\u00aa edici\u00f3n"},"content":{"rendered":"\t\t<div data-elementor-type=\"wp-post\" data-elementor-id=\"17468\" class=\"elementor elementor-17468\">\n\t\t\t\t<div class=\"elementor-element elementor-element-2612b12 e-flex e-con-boxed e-con e-parent\" data-id=\"2612b12\" data-element_type=\"container\" data-e-type=\"container\">\n\t\t\t\t\t<div class=\"e-con-inner\">\n\t\t\n\t\t<div class=\"elementor-element elementor-element-498707ae elementor-widget elementor-widget-text-editor\" data-id=\"498707ae\" data-element_type=\"widget\" data-e-type=\"widget\" data-widget_type=\"text-editor.default\">\n\t\t\t\t<div class=\"elementor-widget-container\">\n\t\t\t\t\t\t\t\t\t<p>Los avances en el campo de la Ginecolog\u00eda en los \u00faltimos a\u00f1os permiten ofrecer cada vez soluciones m\u00e1s precisas y personalizadas. La nueva edici\u00f3n de este tratado refleja estos cambios, con destacado inter\u00e9s en las tecnolog\u00edas de vanguardia, al mejorar la precisi\u00f3n diagn\u00f3stica y permitir intervenciones m\u00e1s tempranas y menos invasivas.<\/p>\t\t\t\t\t\t\t\t<\/div>\n\t\t\t\t<\/div>\n\t\t\t\t\t<\/div>\n\t\t\t\t<\/div>\n\t\t\t\t<\/div>\n\t\t","protected":false},"excerpt":{"rendered":"<p><strong>Autores:<\/strong> SEGO (SOCIEDAD ESPA\u00d1OLA DE GINECOLOGIA Y OBSTETRICIA)<br \/>\n<strong>ISBN:<\/strong> 9788411062282<br \/>\n<strong>Editorial:<\/strong> Panamericana<br \/>\n<strong>Edici\u00f3n:<\/strong> 3\u00aa<br \/>\n<strong>Especialidad<\/strong>: Ginecolog\u00eda y Obstetricia<br \/>\n<strong>P\u00e1ginas<\/strong>: 660<\/p>\n<p>\u00a9 2025<\/p>\n","protected":false},"featured_media":17469,"comment_status":"open","ping_status":"closed","template":"","meta":{"_joinchat":[]},"product_cat":[104],"product_tag":[239,105,70],"class_list":{"0":"post-17468","1":"product","2":"type-product","3":"status-publish","4":"has-post-thumbnail","6":"product_cat-ginecologia-y-obstetricia","7":"product_tag-239","8":"product_tag-ginecologia-y-obstetricia","9":"product_tag-panamericana","11":"first","12":"instock","13":"featured","14":"taxable","15":"shipping-taxable","16":"purchasable","17":"product-type-simple"},"_links":{"self":[{"href":"https:\/\/edimeinter.com\/libreria\/wp-json\/wp\/v2\/product\/17468","targetHints":{"allow":["GET"]}}],"collection":[{"href":"https:\/\/edimeinter.com\/libreria\/wp-json\/wp\/v2\/product"}],"about":[{"href":"https:\/\/edimeinter.com\/libreria\/wp-json\/wp\/v2\/types\/product"}],"replies":[{"embeddable":true,"href":"https:\/\/edimeinter.com\/libreria\/wp-json\/wp\/v2\/comments?post=17468"}],"version-history":[{"count":4,"href":"https:\/\/edimeinter.com\/libreria\/wp-json\/wp\/v2\/product\/17468\/revisions"}],"predecessor-version":[{"id":17473,"href":"https:\/\/edimeinter.com\/libreria\/wp-json\/wp\/v2\/product\/17468\/revisions\/17473"}],"wp:featuredmedia":[{"embeddable":true,"href":"https:\/\/edimeinter.com\/libreria\/wp-json\/wp\/v2\/media\/17469"}],"wp:attachment":[{"href":"https:\/\/edimeinter.com\/libreria\/wp-json\/wp\/v2\/media?parent=17468"}],"wp:term":[{"taxonomy":"product_cat","embeddable":true,"href":"https:\/\/edimeinter.com\/libreria\/wp-json\/wp\/v2\/product_cat?post=17468"},{"taxonomy":"product_tag","embeddable":true,"href":"https:\/\/edimeinter.com\/libreria\/wp-json\/wp\/v2\/product_tag?post=17468"}],"curies":[{"name":"wp","href":"https:\/\/api.w.org\/{rel}","templated":true}]}}