{"id":17502,"date":"2026-01-09T18:21:04","date_gmt":"2026-01-09T18:21:04","guid":{"rendered":"https:\/\/edimeinter.com\/libreria\/?post_type=product&#038;p=17502"},"modified":"2026-01-11T01:15:02","modified_gmt":"2026-01-11T01:15:02","slug":"dsm-5-tr-manual-de-diagnostico-diferencial-5-a-incluye-ebook","status":"publish","type":"product","link":"https:\/\/edimeinter.com\/libreria\/product\/dsm-5-tr-manual-de-diagnostico-diferencial-5-a-incluye-ebook\/","title":{"rendered":"DSM-5-TR Manual de Diagn\u00f3stico Diferencial 5\u00aa. Incluye eBook"},"content":{"rendered":"\t\t<div data-elementor-type=\"wp-post\" data-elementor-id=\"17502\" class=\"elementor elementor-17502\">\n\t\t\t\t<div class=\"elementor-element elementor-element-2612b12 e-flex e-con-boxed e-con e-parent\" data-id=\"2612b12\" data-element_type=\"container\" data-e-type=\"container\">\n\t\t\t\t\t<div class=\"e-con-inner\">\n\t\t\n\t\t<div class=\"elementor-element elementor-element-498707ae elementor-widget elementor-widget-text-editor\" data-id=\"498707ae\" data-element_type=\"widget\" data-e-type=\"widget\" data-widget_type=\"text-editor.default\">\n\t\t\t\t<div class=\"elementor-widget-container\">\n\t\t\t\t\t\t\t\t\t<article id=\"description\" class=\"text-lg font-normal text-gray-500 lg:p-4 w-full mb-0\"><div class=\"overflow-hidden h-auto\"><article id=\"description\" class=\"text-lg font-normal text-gray-500 lg:p-4 w-full mb-0\"><div class=\"overflow-hidden h-auto\"><p class=\"font-light !leading-[22px] tracking-[1.12px] text-base mb-3 text-gray-500\">Un aspecto crucial del diagn\u00f3stico psiqui\u00e1trico consiste en elegir, entre las diferentes afecciones del DSM-5-TR\u00ae, aquellos diagn\u00f3sticos capaces de explicar m\u00e1s adecuadamente los s\u00edntomas presentados. Una vez determinada la lista de posibles patolog\u00edas, el siguiente paso ser\u00e1 recopilar datos cl\u00ednicos adicionales (como la historia cl\u00ednica, otros informes, registros de tratamiento, examen del estado mental o pruebas de laboratorio), lo que permitir\u00e1 reducir las opciones de diagn\u00f3stico diferencial a aquellas m\u00e1s probables, y que se convertir\u00e1n en el diagn\u00f3stico inicial que conducir\u00e1 a un plan de tratamiento inicial.<\/p><article id=\"description\" class=\"text-lg font-normal text-gray-500 lg:p-4 w-full mb-0\"><div class=\"overflow-hidden h-auto\"><p class=\"font-light !leading-[22px] tracking-[1.12px] text-base mb-3 text-gray-500\">Este manual, completamente actualizado y escrito por el editor del DSM-5-TR, un experto en el diagn\u00f3stico y la evaluaci\u00f3n psiqui\u00e1tricos, se hace eco de los avances del DSM-5-TR e incluye dos nuevos \u00e1rboles de decisi\u00f3n (para s\u00edntomas disociativos y comportamientos patol\u00f3gicos repetitivos). Adem\u00e1s, incluye la clasificaci\u00f3n DSM-5-TR para facilitar la codificaci\u00f3n y ofrecer una visi\u00f3n general de todos los diagn\u00f3sticos que deben considerarse al formular un diagn\u00f3stico diferencial. Los \u00edndices de los \u00e1rboles de decisi\u00f3n y las tablas de diagn\u00f3stico diferencial, ordenadas alfab\u00e9ticamente, ayudar\u00e1n a los lectores a encontrar f\u00e1cilmente el material deseado. Los cl\u00ednicos y estudiantes que estudien el diagn\u00f3stico psiqui\u00e1trico se enfrentar\u00e1n a esta tarea crucial y encontrar\u00e1n esta obra de gran ayuda.<\/p><\/div><\/article><article id=\"publico-objetivo\" class=\"text-lg font-normal text-gray-500 lg:p-4 w-full mb-0\"><h2 class=\"mb-5 border-b border-b-yellowmenu aria-current:text-primary aria-current:tracking-wide pb-3 text-base xs:text-lg font-normal text-gray-400 w-full\">\u00a0<\/h2><\/article><\/div><\/article><article id=\"publico-objetivo\" class=\"text-lg font-normal text-gray-500 lg:p-4 w-full mb-0\"><h2 class=\"mb-5 border-b border-b-yellowmenu aria-current:text-primary aria-current:tracking-wide pb-3 text-base xs:text-lg font-normal text-gray-400 w-full\">\u00a0<\/h2><\/article><\/div><\/article><article id=\"publico-objetivo\" class=\"text-lg font-normal text-gray-500 lg:p-4 w-full mb-0\"><h2 class=\"mb-5 border-b border-b-yellowmenu aria-current:text-primary aria-current:tracking-wide pb-3 text-base xs:text-lg font-normal text-gray-400 w-full\">\u00a0<\/h2><\/article>\t\t\t\t\t\t\t\t<\/div>\n\t\t\t\t<\/div>\n\t\t\t\t\t<\/div>\n\t\t\t\t<\/div>\n\t\t\t\t<\/div>\n\t\t","protected":false},"excerpt":{"rendered":"<p><strong>Autores:<\/strong> American Psychiatric Association<br \/>\n<strong>ISBN:<\/strong> 9788411063685<br \/>\n<strong>Editorial:<\/strong> Panamericana<br \/>\n<strong>Edici\u00f3n:<\/strong> 5\u00aa<br \/>\n<strong>Especialidad<\/strong>: Psicolog\u00eda<br \/>\n<strong>P\u00e1ginas<\/strong>: 388<\/p>\n<p>\u00a9 2025<\/p>\n","protected":false},"featured_media":17503,"comment_status":"open","ping_status":"closed","template":"","meta":{"_joinchat":[]},"product_cat":[88],"product_tag":[239,70,89],"class_list":{"0":"post-17502","1":"product","2":"type-product","3":"status-publish","4":"has-post-thumbnail","6":"product_cat-psicologia","7":"product_tag-239","8":"product_tag-panamericana","9":"product_tag-psicologia","11":"first","12":"instock","13":"featured","14":"taxable","15":"shipping-taxable","16":"purchasable","17":"product-type-simple"},"_links":{"self":[{"href":"https:\/\/edimeinter.com\/libreria\/wp-json\/wp\/v2\/product\/17502","targetHints":{"allow":["GET"]}}],"collection":[{"href":"https:\/\/edimeinter.com\/libreria\/wp-json\/wp\/v2\/product"}],"about":[{"href":"https:\/\/edimeinter.com\/libreria\/wp-json\/wp\/v2\/types\/product"}],"replies":[{"embeddable":true,"href":"https:\/\/edimeinter.com\/libreria\/wp-json\/wp\/v2\/comments?post=17502"}],"version-history":[{"count":5,"href":"https:\/\/edimeinter.com\/libreria\/wp-json\/wp\/v2\/product\/17502\/revisions"}],"predecessor-version":[{"id":17745,"href":"https:\/\/edimeinter.com\/libreria\/wp-json\/wp\/v2\/product\/17502\/revisions\/17745"}],"wp:featuredmedia":[{"embeddable":true,"href":"https:\/\/edimeinter.com\/libreria\/wp-json\/wp\/v2\/media\/17503"}],"wp:attachment":[{"href":"https:\/\/edimeinter.com\/libreria\/wp-json\/wp\/v2\/media?parent=17502"}],"wp:term":[{"taxonomy":"product_cat","embeddable":true,"href":"https:\/\/edimeinter.com\/libreria\/wp-json\/wp\/v2\/product_cat?post=17502"},{"taxonomy":"product_tag","embeddable":true,"href":"https:\/\/edimeinter.com\/libreria\/wp-json\/wp\/v2\/product_tag?post=17502"}],"curies":[{"name":"wp","href":"https:\/\/api.w.org\/{rel}","templated":true}]}}