{"id":17511,"date":"2026-01-09T18:27:40","date_gmt":"2026-01-09T18:27:40","guid":{"rendered":"https:\/\/edimeinter.com\/libreria\/?post_type=product&#038;p=17511"},"modified":"2026-01-09T18:33:17","modified_gmt":"2026-01-09T18:33:17","slug":"100-enfermedades-infecciosas-1-a-incluye-ebook-copia","status":"publish","type":"product","link":"https:\/\/edimeinter.com\/libreria\/product\/100-enfermedades-infecciosas-1-a-incluye-ebook-copia\/","title":{"rendered":"100 Enfermedades Infecciosas 1.\u00aa.   Incluye eBook"},"content":{"rendered":"\t\t<div data-elementor-type=\"wp-post\" data-elementor-id=\"17511\" class=\"elementor elementor-17511\">\n\t\t\t\t<div class=\"elementor-element elementor-element-2612b12 e-flex e-con-boxed e-con e-parent\" data-id=\"2612b12\" data-element_type=\"container\" data-e-type=\"container\">\n\t\t\t\t\t<div class=\"e-con-inner\">\n\t\t\n\t\t<div class=\"elementor-element elementor-element-498707ae elementor-widget elementor-widget-text-editor\" data-id=\"498707ae\" data-element_type=\"widget\" data-e-type=\"widget\" data-widget_type=\"text-editor.default\">\n\t\t\t\t<div class=\"elementor-widget-container\">\n\t\t\t\t\t\t\t\t\t<article id=\"description\" class=\"text-lg font-normal text-gray-500 lg:p-4 w-full mb-0\"><div class=\"overflow-hidden h-auto\"><article id=\"description\" class=\"text-lg font-normal text-gray-500 lg:p-4 w-full mb-0\"><div class=\"overflow-hidden h-auto\"><article id=\"description\" class=\"text-lg font-normal text-gray-500 lg:p-4 w-full mb-0\"><div class=\"overflow-hidden h-auto\"><p class=\"font-light !leading-[22px] tracking-[1.12px] text-base mb-3 text-gray-500\">Las enfermedades infecciosas son trastornos causados por bacterias, virus, hongos y par\u00e1sitos. Se encuentran entre los principales problemas de salud a nivel mundial, con una incidencia creciente debido a factores como cambio clim\u00e1tico, los desplazamientos de la poblaci\u00f3n y el aumento de la resistencia a los antimicrobianos. Esta situaci\u00f3n exige a los profesionales un conocimiento actualizado y profundo de este tipo de patolog\u00edas.<\/p><\/div><\/article><article id=\"publico-objetivo\" class=\"text-lg font-normal text-gray-500 lg:p-4 w-full mb-0\"><h2 class=\"mb-5 border-b border-b-yellowmenu aria-current:text-primary aria-current:tracking-wide pb-3 text-base xs:text-lg font-normal text-gray-400 w-full\">\u00a0<\/h2><\/article><\/div><\/article><article id=\"publico-objetivo\" class=\"text-lg font-normal text-gray-500 lg:p-4 w-full mb-0\"><h2 class=\"mb-5 border-b border-b-yellowmenu aria-current:text-primary aria-current:tracking-wide pb-3 text-base xs:text-lg font-normal text-gray-400 w-full\">\u00a0<\/h2><\/article><\/div><\/article><article id=\"publico-objetivo\" class=\"text-lg font-normal text-gray-500 lg:p-4 w-full mb-0\"><h2 class=\"mb-5 border-b border-b-yellowmenu aria-current:text-primary aria-current:tracking-wide pb-3 text-base xs:text-lg font-normal text-gray-400 w-full\">\u00a0<\/h2><\/article>\t\t\t\t\t\t\t\t<\/div>\n\t\t\t\t<\/div>\n\t\t\t\t\t<\/div>\n\t\t\t\t<\/div>\n\t\t\t\t<\/div>\n\t\t","protected":false},"excerpt":{"rendered":"<p><strong>Autores:<\/strong> Carlos Armi\u00f1anzas Castillo<br \/>\n<strong>ISBN:<\/strong> 9788411063418<br \/>\n<strong>Editorial:<\/strong> Panamericana<br \/>\n<strong>Edici\u00f3n:<\/strong> 1\u00aa<br \/>\n<strong>Especialidad<\/strong>: Enfermedades Infecciosas<br \/>\n<strong>P\u00e1ginas<\/strong>: 244<\/p>\n<p>\u00a9 2025<\/p>\n","protected":false},"featured_media":17512,"comment_status":"open","ping_status":"closed","template":"","meta":{"_joinchat":[]},"product_cat":[228],"product_tag":[239,229,70],"class_list":{"0":"post-17511","1":"product","2":"type-product","3":"status-publish","4":"has-post-thumbnail","6":"product_cat-enfermedades-infecciosas","7":"product_tag-239","8":"product_tag-enfermedades-infecciosas","9":"product_tag-panamericana","11":"first","12":"instock","13":"featured","14":"taxable","15":"shipping-taxable","16":"purchasable","17":"product-type-simple"},"_links":{"self":[{"href":"https:\/\/edimeinter.com\/libreria\/wp-json\/wp\/v2\/product\/17511","targetHints":{"allow":["GET"]}}],"collection":[{"href":"https:\/\/edimeinter.com\/libreria\/wp-json\/wp\/v2\/product"}],"about":[{"href":"https:\/\/edimeinter.com\/libreria\/wp-json\/wp\/v2\/types\/product"}],"replies":[{"embeddable":true,"href":"https:\/\/edimeinter.com\/libreria\/wp-json\/wp\/v2\/comments?post=17511"}],"version-history":[{"count":9,"href":"https:\/\/edimeinter.com\/libreria\/wp-json\/wp\/v2\/product\/17511\/revisions"}],"predecessor-version":[{"id":17521,"href":"https:\/\/edimeinter.com\/libreria\/wp-json\/wp\/v2\/product\/17511\/revisions\/17521"}],"wp:featuredmedia":[{"embeddable":true,"href":"https:\/\/edimeinter.com\/libreria\/wp-json\/wp\/v2\/media\/17512"}],"wp:attachment":[{"href":"https:\/\/edimeinter.com\/libreria\/wp-json\/wp\/v2\/media?parent=17511"}],"wp:term":[{"taxonomy":"product_cat","embeddable":true,"href":"https:\/\/edimeinter.com\/libreria\/wp-json\/wp\/v2\/product_cat?post=17511"},{"taxonomy":"product_tag","embeddable":true,"href":"https:\/\/edimeinter.com\/libreria\/wp-json\/wp\/v2\/product_tag?post=17511"}],"curies":[{"name":"wp","href":"https:\/\/api.w.org\/{rel}","templated":true}]}}