{"id":17540,"date":"2026-01-09T18:55:54","date_gmt":"2026-01-09T18:55:54","guid":{"rendered":"https:\/\/edimeinter.com\/libreria\/?post_type=product&#038;p=17540"},"modified":"2026-01-09T19:00:43","modified_gmt":"2026-01-09T19:00:43","slug":"psicologia-medica-un-abordaje-biopsicosocial-de-la-medicina-1-a-incluye-ebook-2","status":"publish","type":"product","link":"https:\/\/edimeinter.com\/libreria\/product\/psicologia-medica-un-abordaje-biopsicosocial-de-la-medicina-1-a-incluye-ebook-2\/","title":{"rendered":"Valoraci\u00f3n Morfofuncional en la Enfermedad Metab\u00f3lica Cr\u00f3nica Adiposa. 1.\u00aa. Incluye eBook"},"content":{"rendered":"\t\t<div data-elementor-type=\"wp-post\" data-elementor-id=\"17540\" class=\"elementor elementor-17540\">\n\t\t\t\t<div class=\"elementor-element elementor-element-2612b12 e-flex e-con-boxed e-con e-parent\" data-id=\"2612b12\" data-element_type=\"container\" data-e-type=\"container\">\n\t\t\t\t\t<div class=\"e-con-inner\">\n\t\t\n\t\t<div class=\"elementor-element elementor-element-498707ae elementor-widget elementor-widget-text-editor\" data-id=\"498707ae\" data-element_type=\"widget\" data-e-type=\"widget\" data-widget_type=\"text-editor.default\">\n\t\t\t\t<div class=\"elementor-widget-container\">\n\t\t\t\t\t\t\t\t\t<article id=\"description\" class=\"text-lg font-normal text-gray-500 lg:p-4 w-full mb-0\"><div class=\"overflow-hidden h-auto\"><p class=\"font-light !leading-[22px] tracking-[1.12px] text-base mb-3 text-gray-500\">En la actualidad, la obesidad se entiende como un estado patol\u00f3gico ocasionado por un exceso de grasa corporal, lo que infraestima la multidimensionalidad del problema. El concepto Enfermedad Metab\u00f3lica Cr\u00f3nica Adiposa (EMCA) responde mejor a la necesidad de definir la obesidad como una enfermedad compleja, heterog\u00e9nea, cr\u00f3nica y dispar en su fisiopatolog\u00eda, progresi\u00f3n y respuesta a las distintas estrategias terap\u00e9uticas<\/p><article id=\"description\" class=\"text-lg font-normal text-gray-500 lg:p-4 w-full mb-0\"><div class=\"overflow-hidden h-auto\"><p class=\"font-light !leading-[22px] tracking-[1.12px] text-base mb-3 text-gray-500\">El concepto de Valoraci\u00f3n Morfofuncional (VMF) agrupa un conjunto de t\u00e9cnicas de imagen, bioqu\u00edmicas y de funcionalidad dirigidas a una evaluaci\u00f3n m\u00e1s precisa de la entidad patol\u00f3gica, aunando el estudio de la composici\u00f3n corporal y la funcionalidad de los diferentes compartimentos junto con el mecanicismo fisiopatol\u00f3gico. Persigue una exactitud mayor en el manejo cl\u00ednico del paciente afecto de la EMCA, estudiando la cantidad, distribuci\u00f3n y disfuncionalidad del tejido adiposo y de la masa y funcionalidad muscular.<\/p><\/div><\/article><\/div><\/article>\t\t\t\t\t\t\t\t<\/div>\n\t\t\t\t<\/div>\n\t\t\t\t\t<\/div>\n\t\t\t\t<\/div>\n\t\t\t\t<\/div>\n\t\t","protected":false},"excerpt":{"rendered":"<p><strong>Autores:<\/strong> Diego Bellido Guerrero,Isidoro Cano Rodr\u00edguez,Cristobal Morales Portillo,Jos\u00e9 Manuel Garc\u00eda Almeida<br \/>\n<strong>ISBN:<\/strong> 9788411062862<br \/>\n<strong>Editorial:<\/strong> Panamericana<br \/>\n<strong>Edici\u00f3n:<\/strong> 1\u00aa<br \/>\n<strong>Especialidad<\/strong>: Nutrici\u00f3n y Dietoterapia<br \/>\n<strong>P\u00e1ginas<\/strong>: 248<\/p>\n<p>\u00a9 2025<\/p>\n","protected":false},"featured_media":17541,"comment_status":"open","ping_status":"closed","template":"","meta":{"_joinchat":[]},"product_cat":[106],"product_tag":[239,107,70],"class_list":{"0":"post-17540","1":"product","2":"type-product","3":"status-publish","4":"has-post-thumbnail","6":"product_cat-nutricion-y-dietoterapia","7":"product_tag-239","8":"product_tag-nutricion-y-dietoterapia","9":"product_tag-panamericana","11":"first","12":"instock","13":"featured","14":"taxable","15":"shipping-taxable","16":"purchasable","17":"product-type-simple"},"_links":{"self":[{"href":"https:\/\/edimeinter.com\/libreria\/wp-json\/wp\/v2\/product\/17540","targetHints":{"allow":["GET"]}}],"collection":[{"href":"https:\/\/edimeinter.com\/libreria\/wp-json\/wp\/v2\/product"}],"about":[{"href":"https:\/\/edimeinter.com\/libreria\/wp-json\/wp\/v2\/types\/product"}],"replies":[{"embeddable":true,"href":"https:\/\/edimeinter.com\/libreria\/wp-json\/wp\/v2\/comments?post=17540"}],"version-history":[{"count":7,"href":"https:\/\/edimeinter.com\/libreria\/wp-json\/wp\/v2\/product\/17540\/revisions"}],"predecessor-version":[{"id":17548,"href":"https:\/\/edimeinter.com\/libreria\/wp-json\/wp\/v2\/product\/17540\/revisions\/17548"}],"wp:featuredmedia":[{"embeddable":true,"href":"https:\/\/edimeinter.com\/libreria\/wp-json\/wp\/v2\/media\/17541"}],"wp:attachment":[{"href":"https:\/\/edimeinter.com\/libreria\/wp-json\/wp\/v2\/media?parent=17540"}],"wp:term":[{"taxonomy":"product_cat","embeddable":true,"href":"https:\/\/edimeinter.com\/libreria\/wp-json\/wp\/v2\/product_cat?post=17540"},{"taxonomy":"product_tag","embeddable":true,"href":"https:\/\/edimeinter.com\/libreria\/wp-json\/wp\/v2\/product_tag?post=17540"}],"curies":[{"name":"wp","href":"https:\/\/api.w.org\/{rel}","templated":true}]}}