{"id":17555,"date":"2026-01-09T19:18:31","date_gmt":"2026-01-09T19:18:31","guid":{"rendered":"https:\/\/edimeinter.com\/libreria\/?post_type=product&#038;p=17555"},"modified":"2026-01-09T19:22:49","modified_gmt":"2026-01-09T19:22:49","slug":"embriologia-humana-y-biologia-del-desarrollo-4a-incluye-ebook","status":"publish","type":"product","link":"https:\/\/edimeinter.com\/libreria\/product\/embriologia-humana-y-biologia-del-desarrollo-4a-incluye-ebook\/","title":{"rendered":"Embriolog\u00eda humana y biolog\u00eda del desarrollo. 4\u00aa. Incluye eBook"},"content":{"rendered":"\t\t<div data-elementor-type=\"wp-post\" data-elementor-id=\"17555\" class=\"elementor elementor-17555\">\n\t\t\t\t<div class=\"elementor-element elementor-element-2612b12 e-flex e-con-boxed e-con e-parent\" data-id=\"2612b12\" data-element_type=\"container\" data-e-type=\"container\">\n\t\t\t\t\t<div class=\"e-con-inner\">\n\t\t\n\t\t<div class=\"elementor-element elementor-element-498707ae elementor-widget elementor-widget-text-editor\" data-id=\"498707ae\" data-element_type=\"widget\" data-e-type=\"widget\" data-widget_type=\"text-editor.default\">\n\t\t\t\t<div class=\"elementor-widget-container\">\n\t\t\t\t\t\t\t\t\t<div class=\"infoWrapper\"><article id=\"publico-objetivo\" class=\"text-lg font-normal text-gray-500 lg:p-4 w-full mb-0\"><div class=\"overflow-hidden h-auto\"><p>Esta Cuarta Edici\u00f3n, como las anteriores, tiene como objetivo ser un recurso did\u00e1ctico para el aprendizaje de la Embriolog\u00eda dirigido a los estudiantes y profesionales de las distintas disciplinas de Ciencias de la Salud. Esta obra se enfoca en cubrir los objetivos fundamentales de esta disciplina se\u00f1alados en los planes de estudio de las diferentes escuelas y facultades de cualquier universidad en el mundo. En esta edici\u00f3n se ha mantenido el mismo formato, pero se ha actualizado la informaci\u00f3n de los cap\u00edtulos, se han agregado nuevas ilustraciones, incorporado nuevos recursos. En la actualizaci\u00f3n de esta nueva edici\u00f3n se han incorporado nuevos colaboradores de diferentes instituciones, lo que nos ha permitido fortalecer la obra y darle una mayor proyecci\u00f3n.<\/p><p>\u00a0<\/p><\/div><\/article><\/div><article id=\"indexContent\" class=\"text-lg font-normal text-gray-500 lg:p-4 w-full mb-0\"><h2 class=\"mb-5 border-b border-b-yellowmenu aria-current:text-primary aria-current:tracking-wide pb-3 text-base xs:text-lg font-normal text-gray-400 w-full\">\u00a0<\/h2><\/article>\t\t\t\t\t\t\t\t<\/div>\n\t\t\t\t<\/div>\n\t\t\t\t\t<\/div>\n\t\t\t\t<\/div>\n\t\t\t\t<\/div>\n\t\t","protected":false},"excerpt":{"rendered":"<p><strong>Autores:<\/strong> Manuel Arteaga Mart\u00ednez,Isabel Garc\u00eda Pel\u00e1ez<br \/>\n<strong>ISBN:<\/strong> 9786078546954<br \/>\n<strong>Editorial:<\/strong> Panamericana<br \/>\n<strong>Edici\u00f3n:<\/strong> 4\u00aa<br \/>\n<strong>Especialidad<\/strong>: Embriolog\u00eda<br \/>\n<strong>P\u00e1ginas<\/strong>: 584<\/p>\n<p>\u00a9 2025<\/p>\n","protected":false},"featured_media":17556,"comment_status":"open","ping_status":"closed","template":"","meta":{"_joinchat":[]},"product_cat":[216],"product_tag":[239,217,70],"class_list":{"0":"post-17555","1":"product","2":"type-product","3":"status-publish","4":"has-post-thumbnail","6":"product_cat-embriologia","7":"product_tag-239","8":"product_tag-embriologia","9":"product_tag-panamericana","11":"first","12":"instock","13":"featured","14":"taxable","15":"shipping-taxable","16":"purchasable","17":"product-type-simple"},"_links":{"self":[{"href":"https:\/\/edimeinter.com\/libreria\/wp-json\/wp\/v2\/product\/17555","targetHints":{"allow":["GET"]}}],"collection":[{"href":"https:\/\/edimeinter.com\/libreria\/wp-json\/wp\/v2\/product"}],"about":[{"href":"https:\/\/edimeinter.com\/libreria\/wp-json\/wp\/v2\/types\/product"}],"replies":[{"embeddable":true,"href":"https:\/\/edimeinter.com\/libreria\/wp-json\/wp\/v2\/comments?post=17555"}],"version-history":[{"count":4,"href":"https:\/\/edimeinter.com\/libreria\/wp-json\/wp\/v2\/product\/17555\/revisions"}],"predecessor-version":[{"id":17560,"href":"https:\/\/edimeinter.com\/libreria\/wp-json\/wp\/v2\/product\/17555\/revisions\/17560"}],"wp:featuredmedia":[{"embeddable":true,"href":"https:\/\/edimeinter.com\/libreria\/wp-json\/wp\/v2\/media\/17556"}],"wp:attachment":[{"href":"https:\/\/edimeinter.com\/libreria\/wp-json\/wp\/v2\/media?parent=17555"}],"wp:term":[{"taxonomy":"product_cat","embeddable":true,"href":"https:\/\/edimeinter.com\/libreria\/wp-json\/wp\/v2\/product_cat?post=17555"},{"taxonomy":"product_tag","embeddable":true,"href":"https:\/\/edimeinter.com\/libreria\/wp-json\/wp\/v2\/product_tag?post=17555"}],"curies":[{"name":"wp","href":"https:\/\/api.w.org\/{rel}","templated":true}]}}