{"id":17561,"date":"2026-01-09T19:37:20","date_gmt":"2026-01-09T19:37:20","guid":{"rendered":"https:\/\/edimeinter.com\/libreria\/?post_type=product&#038;p=17561"},"modified":"2026-01-09T19:41:09","modified_gmt":"2026-01-09T19:41:09","slug":"histologia-medico-practica-2a-incluye-ebook","status":"publish","type":"product","link":"https:\/\/edimeinter.com\/libreria\/product\/histologia-medico-practica-2a-incluye-ebook\/","title":{"rendered":"Histolog\u00eda M\u00e9dico-pr\u00e1ctica. 2\u00aa. Incluye eBook"},"content":{"rendered":"\t\t<div data-elementor-type=\"wp-post\" data-elementor-id=\"17561\" class=\"elementor elementor-17561\">\n\t\t\t\t\n<div class=\"elementor-element elementor-element-2612b12 e-flex e-con-boxed e-con e-parent\" data-id=\"2612b12\" data-element_type=\"container\" data-e-type=\"container\">\n\t\t\t\t\t<div class=\"e-con-inner\">\n\t\t\n\t\t<div class=\"elementor-element elementor-element-498707ae elementor-widget elementor-widget-text-editor\" data-id=\"498707ae\" data-element_type=\"widget\" data-e-type=\"widget\" data-widget_type=\"text-editor.default\">\n\t\t\t\t<div class=\"elementor-widget-container\">\n\t\t\t\t\t\t\t\t\t<p class=\"font-light !leading-[22px] tracking-[1.12px] text-base mb-3 text-gray-500\">La Histolog\u00eda es una asignatura b\u00e1sica y fundamental, tanto para el estudiante de los primeros a\u00f1os de medicina y otras carreras de ciencias de la salud como para el pat\u00f3logo, quien debe identificar, a trav\u00e9s de las biopsias y otros estudios de tejidos, los elementos clave que diferencian lo normal de lo patol\u00f3gico para poder llegar a un diagn\u00f3stico y establecer el pron\u00f3stico de muchas enfermedades.<\/p><p class=\"font-light !leading-[22px] tracking-[1.12px] text-base mb-3 text-gray-500\">Esta segunda edici\u00f3n de Histolog\u00eda m\u00e9dico-pr\u00e1ctica fue escrita por docentes e investigadores del Departamento de Biolog\u00eda Celular, Histolog\u00eda, Embriolog\u00eda y Gen\u00e9tica de la Facultad de Medicina de la Universidad de Buenos Aires (UBA), a quienes se sumaron valiosas contribuciones de reconocidos profesionales, profesores, investigadores y auxiliares.<\/p>\t\t\t\t\t\t\t\t<\/div>\n\t\t\t\t<\/div>\n\t\t\t\t\t<\/div>\n\t\t\t\t<\/div>\n\t\t\t\t<\/div>\n\t\t","protected":false},"excerpt":{"rendered":"<p><strong>Autores:<\/strong> Herminia Alicia Brusco,Juan Jos\u00e9 L\u00f3pez Costa,Fabi\u00e1n Loidl,Mar\u00eda Soledad Belingeri,Laura Caltana,Fernando Locaso,Viviana S\u00e1nchez<br \/>\n<strong>ISBN:<\/strong> 9789500697408<br \/>\n<strong>Editorial:<\/strong> Panamericana<br \/>\n<strong>Edici\u00f3n:<\/strong> 2\u00aa<br \/>\n<strong>Especialidad<\/strong>: Histolog\u00eda<br \/>\n<strong>P\u00e1ginas<\/strong>: 568<\/p>\n<p>\u00a9 2025<\/p>\n","protected":false},"featured_media":17562,"comment_status":"open","ping_status":"closed","template":"","meta":{"_joinchat":[]},"product_cat":[154],"product_tag":[239,155,70],"class_list":{"0":"post-17561","1":"product","2":"type-product","3":"status-publish","4":"has-post-thumbnail","6":"product_cat-histologia","7":"product_tag-239","8":"product_tag-histologia","9":"product_tag-panamericana","11":"first","12":"instock","13":"featured","14":"taxable","15":"shipping-taxable","16":"purchasable","17":"product-type-simple"},"_links":{"self":[{"href":"https:\/\/edimeinter.com\/libreria\/wp-json\/wp\/v2\/product\/17561","targetHints":{"allow":["GET"]}}],"collection":[{"href":"https:\/\/edimeinter.com\/libreria\/wp-json\/wp\/v2\/product"}],"about":[{"href":"https:\/\/edimeinter.com\/libreria\/wp-json\/wp\/v2\/types\/product"}],"replies":[{"embeddable":true,"href":"https:\/\/edimeinter.com\/libreria\/wp-json\/wp\/v2\/comments?post=17561"}],"version-history":[{"count":4,"href":"https:\/\/edimeinter.com\/libreria\/wp-json\/wp\/v2\/product\/17561\/revisions"}],"predecessor-version":[{"id":17566,"href":"https:\/\/edimeinter.com\/libreria\/wp-json\/wp\/v2\/product\/17561\/revisions\/17566"}],"wp:featuredmedia":[{"embeddable":true,"href":"https:\/\/edimeinter.com\/libreria\/wp-json\/wp\/v2\/media\/17562"}],"wp:attachment":[{"href":"https:\/\/edimeinter.com\/libreria\/wp-json\/wp\/v2\/media?parent=17561"}],"wp:term":[{"taxonomy":"product_cat","embeddable":true,"href":"https:\/\/edimeinter.com\/libreria\/wp-json\/wp\/v2\/product_cat?post=17561"},{"taxonomy":"product_tag","embeddable":true,"href":"https:\/\/edimeinter.com\/libreria\/wp-json\/wp\/v2\/product_tag?post=17561"}],"curies":[{"name":"wp","href":"https:\/\/api.w.org\/{rel}","templated":true}]}}