{"id":17597,"date":"2026-01-09T20:14:40","date_gmt":"2026-01-09T20:14:40","guid":{"rendered":"https:\/\/edimeinter.com\/libreria\/?post_type=product&#038;p=17597"},"modified":"2026-01-09T20:19:11","modified_gmt":"2026-01-09T20:19:11","slug":"ginecologia-oncologica-manual-practico-2a-incluye-ebook","status":"publish","type":"product","link":"https:\/\/edimeinter.com\/libreria\/product\/ginecologia-oncologica-manual-practico-2a-incluye-ebook\/","title":{"rendered":"Ginecolog\u00eda Oncol\u00f3gica. Manual pr\u00e1ctico. 2\u00aa. Incluye eBook."},"content":{"rendered":"\t\t<div data-elementor-type=\"wp-post\" data-elementor-id=\"17597\" class=\"elementor elementor-17597\">\n\t\t\t\t<div class=\"elementor-element elementor-element-2612b12 e-flex e-con-boxed e-con e-parent\" data-id=\"2612b12\" data-element_type=\"container\" data-e-type=\"container\">\n\t\t\t\t\t<div class=\"e-con-inner\">\n\t\t\n\t\t<div class=\"elementor-element elementor-element-498707ae elementor-widget elementor-widget-text-editor\" data-id=\"498707ae\" data-element_type=\"widget\" data-e-type=\"widget\" data-widget_type=\"text-editor.default\">\n\t\t\t\t<div class=\"elementor-widget-container\">\n\t\t\t\t\t\t\t\t\t<article id=\"description\" class=\"text-lg font-normal text-gray-500 lg:p-4 w-full mb-0\"><div class=\"overflow-hidden h-auto\"><p class=\"font-light !leading-[22px] tracking-[1.12px] text-base mb-3 text-gray-500\">Esta segunda edici\u00f3n de la obra se consolida como una gu\u00eda de consulta esencial para los profesionales involucrados en el manejo del c\u00e1ncer ginecol\u00f3gico, siendo una herramienta \u00e1gil y \u00fatil en el diagn\u00f3stico, abordaje terap\u00e9utico y seguimiento de estas patolog\u00edas.<\/p><\/div><\/article><article id=\"publico-objetivo\" class=\"text-lg font-normal text-gray-500 lg:p-4 w-full mb-0\"><h2 class=\"mb-5 border-b border-b-yellowmenu aria-current:text-primary aria-current:tracking-wide pb-3 text-base xs:text-lg font-normal text-gray-400 w-full\">\u00a0<\/h2><\/article>\t\t\t\t\t\t\t\t<\/div>\n\t\t\t\t<\/div>\n\t\t\t\t\t<\/div>\n\t\t\t\t<\/div>\n\t\t\t\t<\/div>\n\t\t","protected":false},"excerpt":{"rendered":"<p><strong>Autores:<\/strong> Pablo Padilla Iserte,Ana Santaballa Beltr\u00e1n,Santiago Domingo del Pozo<br \/>\n<strong>ISBN:<\/strong> 9788411062213<br \/>\n<strong>Editorial:<\/strong> Panamericana<br \/>\n<strong>Edici\u00f3n:<\/strong> 2\u00aa<br \/>\n<strong>Especialidad<\/strong>: Oncolog\u00eda<br \/>\n<strong>P\u00e1ginas<\/strong>: 776<\/p>\n<p>\u00a9 2025<\/p>\n","protected":false},"featured_media":17598,"comment_status":"open","ping_status":"closed","template":"","meta":{"_joinchat":[]},"product_cat":[77],"product_tag":[239,78,70],"class_list":{"0":"post-17597","1":"product","2":"type-product","3":"status-publish","4":"has-post-thumbnail","6":"product_cat-oncologia","7":"product_tag-239","8":"product_tag-oncologia","9":"product_tag-panamericana","11":"first","12":"instock","13":"featured","14":"taxable","15":"shipping-taxable","16":"purchasable","17":"product-type-simple"},"_links":{"self":[{"href":"https:\/\/edimeinter.com\/libreria\/wp-json\/wp\/v2\/product\/17597","targetHints":{"allow":["GET"]}}],"collection":[{"href":"https:\/\/edimeinter.com\/libreria\/wp-json\/wp\/v2\/product"}],"about":[{"href":"https:\/\/edimeinter.com\/libreria\/wp-json\/wp\/v2\/types\/product"}],"replies":[{"embeddable":true,"href":"https:\/\/edimeinter.com\/libreria\/wp-json\/wp\/v2\/comments?post=17597"}],"version-history":[{"count":4,"href":"https:\/\/edimeinter.com\/libreria\/wp-json\/wp\/v2\/product\/17597\/revisions"}],"predecessor-version":[{"id":17602,"href":"https:\/\/edimeinter.com\/libreria\/wp-json\/wp\/v2\/product\/17597\/revisions\/17602"}],"wp:featuredmedia":[{"embeddable":true,"href":"https:\/\/edimeinter.com\/libreria\/wp-json\/wp\/v2\/media\/17598"}],"wp:attachment":[{"href":"https:\/\/edimeinter.com\/libreria\/wp-json\/wp\/v2\/media?parent=17597"}],"wp:term":[{"taxonomy":"product_cat","embeddable":true,"href":"https:\/\/edimeinter.com\/libreria\/wp-json\/wp\/v2\/product_cat?post=17597"},{"taxonomy":"product_tag","embeddable":true,"href":"https:\/\/edimeinter.com\/libreria\/wp-json\/wp\/v2\/product_tag?post=17597"}],"curies":[{"name":"wp","href":"https:\/\/api.w.org\/{rel}","templated":true}]}}