{"id":17610,"date":"2026-01-09T20:27:32","date_gmt":"2026-01-09T20:27:32","guid":{"rendered":"https:\/\/edimeinter.com\/libreria\/?post_type=product&#038;p=17610"},"modified":"2026-01-09T20:36:09","modified_gmt":"2026-01-09T20:36:09","slug":"cirugia-fundamentos-para-la-practica-clinico-quirurgica-2a-incluye-ebook","status":"publish","type":"product","link":"https:\/\/edimeinter.com\/libreria\/product\/cirugia-fundamentos-para-la-practica-clinico-quirurgica-2a-incluye-ebook\/","title":{"rendered":"Cirug\u00eda Fundamentos para la pr\u00e1ctica cl\u00ednico-quir\u00fargica. 2\u00aa. Incluye eBook."},"content":{"rendered":"\t\t<div data-elementor-type=\"wp-post\" data-elementor-id=\"17610\" class=\"elementor elementor-17610\">\n\t\t\t\t<div class=\"elementor-element elementor-element-2612b12 e-flex e-con-boxed e-con e-parent\" data-id=\"2612b12\" data-element_type=\"container\" data-e-type=\"container\">\n\t\t\t\t\t<div class=\"e-con-inner\">\n\t\t\n\t\t<div class=\"elementor-element elementor-element-498707ae elementor-widget elementor-widget-text-editor\" data-id=\"498707ae\" data-element_type=\"widget\" data-e-type=\"widget\" data-widget_type=\"text-editor.default\">\n\t\t\t\t<div class=\"elementor-widget-container\">\n\t\t\t\t\t\t\t\t\t<article id=\"description\" class=\"text-lg font-normal text-gray-500 lg:p-4 w-full mb-0\"><div class=\"overflow-hidden h-auto\"><p class=\"font-light !leading-[22px] tracking-[1.12px] text-base mb-3 text-gray-500\">El avance vertiginoso de los m\u00e9todos de diagn\u00f3stico y, en especial, de las t\u00e9cnicas y opciones terap\u00e9uticas en la pr\u00e1ctica m\u00e9dico-quir\u00fargica, oblig\u00f3 a dar continuidad a esta obra ya consagrada y adoptada por los estudiantes de Medicina y los profesionales que comienzan su formaci\u00f3n en la especialidad. Jerarquiza los contenidos centrales de la Cirug\u00eda con una exposici\u00f3n homog\u00e9nea y clara de cada tema y una rica iconograf\u00eda que facilita su comprensi\u00f3n. Incorpora temas de actualidad como la toma de decisiones y la cirug\u00eda basada en la evidencia, la simulaci\u00f3n, la diversidad en Cirug\u00eda, la rob\u00f3tica y la cirug\u00eda guiada por im\u00e1genes y la cirug\u00eda percut\u00e1nea y endovascular.<\/p><\/div><\/article>\t\t\t\t\t\t\t\t<\/div>\n\t\t\t\t<\/div>\n\t\t\t\t\t<\/div>\n\t\t\t\t<\/div>\n\t\t\t\t<\/div>\n\t\t","protected":false},"excerpt":{"rendered":"<p><strong>Autores:<\/strong> Mariano E. Gim\u00e9nez<br \/>\n<strong>ISBN:<\/strong> 9789500697385<br \/>\n<strong>Editorial:<\/strong> Panamericana<br \/>\n<strong>Edici\u00f3n:<\/strong> 2\u00aa<br \/>\n<strong>Especialidad<\/strong>: Cirug\u00eda<br \/>\n<strong>P\u00e1ginas<\/strong>: 972<\/p>\n<p>\u00a9 2025<\/p>\n","protected":false},"featured_media":17611,"comment_status":"open","ping_status":"closed","template":"","meta":{"_joinchat":[]},"product_cat":[175],"product_tag":[239,176,70],"class_list":{"0":"post-17610","1":"product","2":"type-product","3":"status-publish","4":"has-post-thumbnail","6":"product_cat-cirugia","7":"product_tag-239","8":"product_tag-cirugia","9":"product_tag-panamericana","11":"first","12":"instock","13":"featured","14":"taxable","15":"shipping-taxable","16":"purchasable","17":"product-type-simple"},"_links":{"self":[{"href":"https:\/\/edimeinter.com\/libreria\/wp-json\/wp\/v2\/product\/17610","targetHints":{"allow":["GET"]}}],"collection":[{"href":"https:\/\/edimeinter.com\/libreria\/wp-json\/wp\/v2\/product"}],"about":[{"href":"https:\/\/edimeinter.com\/libreria\/wp-json\/wp\/v2\/types\/product"}],"replies":[{"embeddable":true,"href":"https:\/\/edimeinter.com\/libreria\/wp-json\/wp\/v2\/comments?post=17610"}],"version-history":[{"count":5,"href":"https:\/\/edimeinter.com\/libreria\/wp-json\/wp\/v2\/product\/17610\/revisions"}],"predecessor-version":[{"id":17622,"href":"https:\/\/edimeinter.com\/libreria\/wp-json\/wp\/v2\/product\/17610\/revisions\/17622"}],"wp:featuredmedia":[{"embeddable":true,"href":"https:\/\/edimeinter.com\/libreria\/wp-json\/wp\/v2\/media\/17611"}],"wp:attachment":[{"href":"https:\/\/edimeinter.com\/libreria\/wp-json\/wp\/v2\/media?parent=17610"}],"wp:term":[{"taxonomy":"product_cat","embeddable":true,"href":"https:\/\/edimeinter.com\/libreria\/wp-json\/wp\/v2\/product_cat?post=17610"},{"taxonomy":"product_tag","embeddable":true,"href":"https:\/\/edimeinter.com\/libreria\/wp-json\/wp\/v2\/product_tag?post=17610"}],"curies":[{"name":"wp","href":"https:\/\/api.w.org\/{rel}","templated":true}]}}