{"id":17616,"date":"2026-01-09T20:31:55","date_gmt":"2026-01-09T20:31:55","guid":{"rendered":"https:\/\/edimeinter.com\/libreria\/?post_type=product&#038;p=17616"},"modified":"2026-01-25T23:20:51","modified_gmt":"2026-01-25T23:20:51","slug":"histologia-embriologia-e-ingenieria-tisular-bucodental-5a-incluye-ebook","status":"publish","type":"product","link":"https:\/\/edimeinter.com\/libreria\/product\/histologia-embriologia-e-ingenieria-tisular-bucodental-5a-incluye-ebook\/","title":{"rendered":"Histolog\u00eda, Embriolog\u00eda e Ingenier\u00eda Tisular Bucodental. 5\u00aa. Incluye eBook."},"content":{"rendered":"\t\t<div data-elementor-type=\"wp-post\" data-elementor-id=\"17616\" class=\"elementor elementor-17616\">\n\t\t\t\t<div class=\"elementor-element elementor-element-2612b12 e-flex e-con-boxed e-con e-parent\" data-id=\"2612b12\" data-element_type=\"container\" data-e-type=\"container\">\n\t\t\t\t\t<div class=\"e-con-inner\">\n\t\t\n\t\t<div class=\"elementor-element elementor-element-498707ae elementor-widget elementor-widget-text-editor\" data-id=\"498707ae\" data-element_type=\"widget\" data-e-type=\"widget\" data-widget_type=\"text-editor.default\">\n\t\t\t\t<div class=\"elementor-widget-container\">\n\t\t\t\t\t\t\t\t\t<article id=\"description\" class=\"text-lg font-normal text-gray-500 lg:p-4 w-full mb-0\"><div class=\"overflow-hidden h-auto\"><p class=\"font-light !leading-[22px] tracking-[1.12px] text-base mb-3 text-gray-500\">El conocimiento de las bases histol\u00f3gicas y embriol\u00f3gicas de las unidades estructurales que componen la cavidad bucal es fundamental en el proceso formativo del odont\u00f3logo, ya que le permitir\u00e1 asentar estructuralmente las lesiones y fundamentar, a nivel celular y tisular, la etiopatogenia, la prevenci\u00f3n y la terap\u00e9utica de las mismas.<\/p><p class=\"font-light !leading-[22px] tracking-[1.12px] text-base mb-3 text-gray-500\">Esta nueva edici\u00f3n destaca la actualizaci\u00f3n que se ha realizado en todo lo referido a la ingenier\u00eda tisular. Dicha actualizaci\u00f3n se ha llevado a cabo tanto en lo que se refiere a su concepto general y a los procesos de biofabricaci\u00f3n \u2013que incluyen las bases de la bioimpresi\u00f3n y la generaci\u00f3n de organoides\u2013 como en todo lo que se refiere a las innovaciones existentes en los protocolos de ingenier\u00eda tisular que afectan a la generaci\u00f3n de los tejidos artificiales bucodentales, susceptibles de uso terap\u00e9utico. En relaci\u00f3n con las ediciones anteriores, se han identificado y descrito con mayor precisi\u00f3n los procesos propl\u00e1sicos y retropl\u00e1sicos que tienen lugar en los distintos tejidos y \u00f3rganos bucodentales. Los primeros vinculados con los mecanismos de renovaci\u00f3n, regeneraci\u00f3n y reparaci\u00f3n y los segundos, con los mecanismos de involuci\u00f3n y envejecimiento.<\/p><article id=\"description\" class=\"text-lg font-normal text-gray-500 lg:p-4 w-full mb-0\"><div class=\"overflow-hidden h-auto\"><p class=\"font-light !leading-[22px] tracking-[1.12px] text-base mb-3 text-gray-500\">La quinta edici\u00f3n contin\u00faa incorporando al texto, como sucedi\u00f3 en las cuatro anteriores, las aportaciones m\u00e1s relevantes que, surgidas en los \u00faltimos a\u00f1os, a\u00f1aden nueva luz al conocimiento histol\u00f3gico y estructural de la regi\u00f3n bucodental y, por tanto, a fundamentar cient\u00edficamente la patolog\u00eda de esa regi\u00f3n. De igual modo, incorpora los recientes avances de la ingenier\u00eda tisular, con el objeto de fundamentar los nuevos recursos terap\u00e9uticos que representan, asimismo, los tejidos artificiales generados con esa tecnolog\u00eda.<\/p><\/div><\/article><article id=\"publico-objetivo\" class=\"text-lg font-normal text-gray-500 lg:p-4 w-full mb-0\"><h2 class=\"mb-5 border-b border-b-yellowmenu aria-current:text-primary aria-current:tracking-wide pb-3 text-base xs:text-lg font-normal text-gray-400 w-full\">\u00a0<\/h2><\/article><\/div><\/article>\t\t\t\t\t\t\t\t<\/div>\n\t\t\t\t<\/div>\n\t\t\t\t\t<\/div>\n\t\t\t\t<\/div>\n\t\t\t\t<\/div>\n\t\t","protected":false},"excerpt":{"rendered":"<p><strong>Autores:<\/strong> Mar\u00eda Elsa G\u00f3mez de Ferraris,Antonio Campos Mu\u00f1oz,Mar\u00eda del Carmen S\u00e1nchez Quevedo,Ismael \u00c1ngel Rodr\u00edguez<br \/>\n<strong>ISBN:<\/strong> 9788411063241<br \/>\n<strong>Editorial:<\/strong> Panamericana<br \/>\n<strong>Edici\u00f3n:<\/strong> 5\u00aa<br \/>\n<strong>Especialidad<\/strong>: Odontolog\u00eda y Ortodoncia<br \/>\n<strong>P\u00e1ginas<\/strong>: 472<\/p>\n<p>\u00a9 2025<\/p>\n","protected":false},"featured_media":17617,"comment_status":"open","ping_status":"closed","template":"","meta":{"_joinchat":[]},"product_cat":[120],"product_tag":[239,141,70],"class_list":{"0":"post-17616","1":"product","2":"type-product","3":"status-publish","4":"has-post-thumbnail","6":"product_cat-odontologia","7":"product_tag-239","8":"product_tag-odontologia-y-ortodoncia","9":"product_tag-panamericana","11":"first","12":"instock","13":"featured","14":"taxable","15":"shipping-taxable","16":"purchasable","17":"product-type-simple"},"_links":{"self":[{"href":"https:\/\/edimeinter.com\/libreria\/wp-json\/wp\/v2\/product\/17616","targetHints":{"allow":["GET"]}}],"collection":[{"href":"https:\/\/edimeinter.com\/libreria\/wp-json\/wp\/v2\/product"}],"about":[{"href":"https:\/\/edimeinter.com\/libreria\/wp-json\/wp\/v2\/types\/product"}],"replies":[{"embeddable":true,"href":"https:\/\/edimeinter.com\/libreria\/wp-json\/wp\/v2\/comments?post=17616"}],"version-history":[{"count":5,"href":"https:\/\/edimeinter.com\/libreria\/wp-json\/wp\/v2\/product\/17616\/revisions"}],"predecessor-version":[{"id":17819,"href":"https:\/\/edimeinter.com\/libreria\/wp-json\/wp\/v2\/product\/17616\/revisions\/17819"}],"wp:featuredmedia":[{"embeddable":true,"href":"https:\/\/edimeinter.com\/libreria\/wp-json\/wp\/v2\/media\/17617"}],"wp:attachment":[{"href":"https:\/\/edimeinter.com\/libreria\/wp-json\/wp\/v2\/media?parent=17616"}],"wp:term":[{"taxonomy":"product_cat","embeddable":true,"href":"https:\/\/edimeinter.com\/libreria\/wp-json\/wp\/v2\/product_cat?post=17616"},{"taxonomy":"product_tag","embeddable":true,"href":"https:\/\/edimeinter.com\/libreria\/wp-json\/wp\/v2\/product_tag?post=17616"}],"curies":[{"name":"wp","href":"https:\/\/api.w.org\/{rel}","templated":true}]}}