{"id":17630,"date":"2026-01-10T16:02:15","date_gmt":"2026-01-10T16:02:15","guid":{"rendered":"https:\/\/edimeinter.com\/libreria\/?post_type=product&#038;p=17630"},"modified":"2026-02-10T22:51:38","modified_gmt":"2026-02-10T22:51:38","slug":"velazquez-farmacologia-basica-y-clinica-1a-incluye-ebook","status":"publish","type":"product","link":"https:\/\/edimeinter.com\/libreria\/product\/velazquez-farmacologia-basica-y-clinica-1a-incluye-ebook\/","title":{"rendered":"Vel\u00e1zquez. Farmacolog\u00eda B\u00e1sica y Cl\u00ednica. 1\u00aa. Incluye eBook."},"content":{"rendered":"\t\t<div data-elementor-type=\"wp-post\" data-elementor-id=\"17630\" class=\"elementor elementor-17630\">\n\t\t\t\t<div class=\"elementor-element elementor-element-2612b12 e-flex e-con-boxed e-con e-parent\" data-id=\"2612b12\" data-element_type=\"container\" data-e-type=\"container\">\n\t\t\t\t\t<div class=\"e-con-inner\">\n\t\t\n\t\t<div class=\"elementor-element elementor-element-498707ae elementor-widget elementor-widget-text-editor\" data-id=\"498707ae\" data-element_type=\"widget\" data-e-type=\"widget\" data-widget_type=\"text-editor.default\">\n\t\t\t\t<div class=\"elementor-widget-container\">\n\t\t\t\t\t\t\t\t\t<article id=\"description\" class=\"text-lg font-normal text-gray-500 lg:p-4 w-full mb-0\"><div class=\"overflow-hidden h-auto\"><p class=\"font-light !leading-[22px] tracking-[1.12px] text-base mb-3 text-gray-500\"><em>Vel\u00e1zquez. Farmacolog\u00eda b\u00e1sica y cl\u00ednica<\/em>, que alcanza ahora su 20.\u00aa ed., es desde hace casi un siglo un libro de texto imprescindible de la farmacolog\u00eda humana en espa\u00f1ol.<\/p><article id=\"description\" class=\"text-lg font-normal text-gray-500 lg:p-4 w-full mb-0\"><div class=\"overflow-hidden h-auto\"><p class=\"font-light !leading-[22px] tracking-[1.12px] text-base mb-3 text-gray-500\">Las sucesivas ediciones de la obra han ido incorporando las novedades farmacol\u00f3gicas y terap\u00e9uticas, fruto de las investigaciones relacionadas con la farmacolog\u00eda y ciencias afines, hasta llegar a la presente edici\u00f3n.<\/p><\/div><\/article><\/div><\/article>\t\t\t\t\t\t\t\t<\/div>\n\t\t\t\t<\/div>\n\t\t\t\t\t<\/div>\n\t\t\t\t<\/div>\n\t\t\t\t<\/div>\n\t\t","protected":false},"excerpt":{"rendered":"<p><strong>Autores:<\/strong> Pedro Lorenzo Fern\u00e1ndez,Alfonso Moreno Gonz\u00e1lez,Juan Carlos Leza Cerro,Ignacio Lizasoain Hern\u00e1ndez,Mar\u00eda \u00c1ngeles Moro S\u00e1nchez,Antonio Portol\u00e9s P\u00e9rez<br \/>\n<strong>ISBN:<\/strong> 9788411064484<br \/>\n<strong>Editorial:<\/strong> Panamericana<br \/>\n<strong>Edici\u00f3n:<\/strong> 1\u00aa<br \/>\n<strong>Especialidad<\/strong>: Farmacolog\u00eda y Terap\u00e9utica<br \/>\n<strong>P\u00e1ginas<\/strong>: 1376<\/p>\n<p>\u00a9 2025<\/p>\n","protected":false},"featured_media":17631,"comment_status":"open","ping_status":"closed","template":"","meta":{"_joinchat":[]},"product_cat":[207],"product_tag":[239,208,70],"class_list":{"0":"post-17630","1":"product","2":"type-product","3":"status-publish","4":"has-post-thumbnail","6":"product_cat-farmacologia-y-terapeutica","7":"product_tag-239","8":"product_tag-farmacologia-y-terapeutica","9":"product_tag-panamericana","11":"first","12":"instock","13":"featured","14":"taxable","15":"shipping-taxable","16":"purchasable","17":"product-type-simple"},"_links":{"self":[{"href":"https:\/\/edimeinter.com\/libreria\/wp-json\/wp\/v2\/product\/17630","targetHints":{"allow":["GET"]}}],"collection":[{"href":"https:\/\/edimeinter.com\/libreria\/wp-json\/wp\/v2\/product"}],"about":[{"href":"https:\/\/edimeinter.com\/libreria\/wp-json\/wp\/v2\/types\/product"}],"replies":[{"embeddable":true,"href":"https:\/\/edimeinter.com\/libreria\/wp-json\/wp\/v2\/comments?post=17630"}],"version-history":[{"count":5,"href":"https:\/\/edimeinter.com\/libreria\/wp-json\/wp\/v2\/product\/17630\/revisions"}],"predecessor-version":[{"id":17831,"href":"https:\/\/edimeinter.com\/libreria\/wp-json\/wp\/v2\/product\/17630\/revisions\/17831"}],"wp:featuredmedia":[{"embeddable":true,"href":"https:\/\/edimeinter.com\/libreria\/wp-json\/wp\/v2\/media\/17631"}],"wp:attachment":[{"href":"https:\/\/edimeinter.com\/libreria\/wp-json\/wp\/v2\/media?parent=17630"}],"wp:term":[{"taxonomy":"product_cat","embeddable":true,"href":"https:\/\/edimeinter.com\/libreria\/wp-json\/wp\/v2\/product_cat?post=17630"},{"taxonomy":"product_tag","embeddable":true,"href":"https:\/\/edimeinter.com\/libreria\/wp-json\/wp\/v2\/product_tag?post=17630"}],"curies":[{"name":"wp","href":"https:\/\/api.w.org\/{rel}","templated":true}]}}