{"id":17636,"date":"2026-01-10T16:07:13","date_gmt":"2026-01-10T16:07:13","guid":{"rendered":"https:\/\/edimeinter.com\/libreria\/?post_type=product&#038;p=17636"},"modified":"2026-01-10T16:11:17","modified_gmt":"2026-01-10T16:11:17","slug":"manual-de-neurologia-1a-incluye-ebook","status":"publish","type":"product","link":"https:\/\/edimeinter.com\/libreria\/product\/manual-de-neurologia-1a-incluye-ebook\/","title":{"rendered":"Manual de Neurolog\u00eda. 1\u00aa. Incluye eBook."},"content":{"rendered":"\t\t<div data-elementor-type=\"wp-post\" data-elementor-id=\"17636\" class=\"elementor elementor-17636\">\n\t\t\t\t\n<div class=\"elementor-element elementor-element-2612b12 e-flex e-con-boxed e-con e-parent\" data-id=\"2612b12\" data-element_type=\"container\" data-e-type=\"container\">\n\t\t\t\t\t<div class=\"e-con-inner\">\n\t\t\n\t\t<div class=\"elementor-element elementor-element-498707ae elementor-widget elementor-widget-text-editor\" data-id=\"498707ae\" data-element_type=\"widget\" data-e-type=\"widget\" data-widget_type=\"text-editor.default\">\n\t\t\t\t<div class=\"elementor-widget-container\">\n\t\t\t\t\t\t\t\t\t<article id=\"description\" class=\"text-lg font-normal text-gray-500 lg:p-4 w-full mb-0\"><div class=\"overflow-hidden h-auto\"><p class=\"font-light !leading-[22px] tracking-[1.12px] text-base mb-3 text-gray-500\">A diferencia de lo que suced\u00eda en el pasado, el desarrollo actual de las tecnolog\u00edas modernas y la inteligencia artificial hizo que los avances de la neurolog\u00eda ocurran en plazos cortos y a un ritmo vertiginoso. Asimismo, la evaluaci\u00f3n del paciente neurol\u00f3gico implica ahora que, adem\u00e1s de un examen cl\u00ednico adecuado, sean necesarios estudios complementarios y de alta tecnolog\u00eda como resonancia magn\u00e9tica en sus diferentes modalidades, tomograf\u00eda computarizada, im\u00e1genes funcionales, electroencefalograf\u00eda, pruebas de potenciales evocados, electromiograf\u00eda y medici\u00f3n de la velocidad de conducci\u00f3n nerviosa, y adem\u00e1s determinaciones de marcadores, anticuerpos espec\u00edficos e incluso estudios gen\u00e9ticos para identificar mutaciones y lograr un diagn\u00f3stico certero en enfermedades infrecuentes o complejas.<\/p><p class=\"font-light !leading-[22px] tracking-[1.12px] text-base mb-3 text-gray-500\">Por otra parte, al conjunto de f\u00e1rmacos cl\u00e1sicos empleados en la terap\u00e9utica neurol\u00f3gica como los corticosteroides, las inmunoglobulinas y tantos m\u00e1s, se han sumado numerosos otros como los anticuerpos monoclonales, las mol\u00e9culas novedosas y nuevos enfoques que abren expectativas para el tratamiento de enfermedades como el Parkinson, el Alzheimer y muchas otras.<\/p><article id=\"description\" class=\"text-lg font-normal text-gray-500 lg:p-4 w-full mb-0\"><div class=\"overflow-hidden h-auto\"><p class=\"font-light !leading-[22px] tracking-[1.12px] text-base mb-3 text-gray-500\">Todos estos temas se tratan en este Manual de Neurolog\u00eda, una obra en la que sus autores, reconocidos referentes de la especialidad y comprometidos con la docencia, combinan un enfoque cl\u00ednico, conocimientos recientes sobre diagn\u00f3stico y tratamiento y una presentaci\u00f3n concisa, pr\u00e1ctica y amena de los conceptos esenciales que el estudiante de medicina y de otras ciencias de la salud afines deben dominar en su preparaci\u00f3n. Ser\u00e1 de gran ayuda tambi\u00e9n para el m\u00e9dico general y los profesionales de atenci\u00f3n primaria, que muchas veces proporcionan la primera asistencia del paciente neurol\u00f3gico.<\/p><\/div><\/article><article id=\"publico-objetivo\" class=\"text-lg font-normal text-gray-500 lg:p-4 w-full mb-0\"><h2 class=\"mb-5 border-b border-b-yellowmenu aria-current:text-primary aria-current:tracking-wide pb-3 text-base xs:text-lg font-normal text-gray-400 w-full\">\u00a0<\/h2><\/article><\/div><\/article>\t\t\t\t\t\t\t\t<\/div>\n\t\t\t\t<\/div>\n\t\t\t\t\t<\/div>\n\t\t\t\t<\/div>\n\t\t\t\t<\/div>\n\t\t","protected":false},"excerpt":{"rendered":"<p><strong>Autores:<\/strong> Federico E. Micheli,Rolando J. Giannaula (\u2020),Ra\u00fal C. Rey,Manuel M. Fern\u00e1ndez Pardal<br \/>\n<strong>ISBN:<\/strong> 9789500697361<br \/>\n<strong>Editorial:<\/strong> Panamericana<br \/>\n<strong>Edici\u00f3n:<\/strong> 1\u00aa<br \/>\n<strong>Especialidad<\/strong>: Neurolog\u00eda<br \/>\n<strong>P\u00e1ginas<\/strong>: 288<\/p>\n<p>\u00a9 2025<\/p>\n","protected":false},"featured_media":17637,"comment_status":"open","ping_status":"closed","template":"","meta":{"_joinchat":[]},"product_cat":[122],"product_tag":[239,123,70],"class_list":{"0":"post-17636","1":"product","2":"type-product","3":"status-publish","4":"has-post-thumbnail","6":"product_cat-neurologia","7":"product_tag-239","8":"product_tag-neurologia","9":"product_tag-panamericana","11":"first","12":"instock","13":"featured","14":"taxable","15":"shipping-taxable","16":"purchasable","17":"product-type-simple"},"_links":{"self":[{"href":"https:\/\/edimeinter.com\/libreria\/wp-json\/wp\/v2\/product\/17636","targetHints":{"allow":["GET"]}}],"collection":[{"href":"https:\/\/edimeinter.com\/libreria\/wp-json\/wp\/v2\/product"}],"about":[{"href":"https:\/\/edimeinter.com\/libreria\/wp-json\/wp\/v2\/types\/product"}],"replies":[{"embeddable":true,"href":"https:\/\/edimeinter.com\/libreria\/wp-json\/wp\/v2\/comments?post=17636"}],"version-history":[{"count":4,"href":"https:\/\/edimeinter.com\/libreria\/wp-json\/wp\/v2\/product\/17636\/revisions"}],"predecessor-version":[{"id":17641,"href":"https:\/\/edimeinter.com\/libreria\/wp-json\/wp\/v2\/product\/17636\/revisions\/17641"}],"wp:featuredmedia":[{"embeddable":true,"href":"https:\/\/edimeinter.com\/libreria\/wp-json\/wp\/v2\/media\/17637"}],"wp:attachment":[{"href":"https:\/\/edimeinter.com\/libreria\/wp-json\/wp\/v2\/media?parent=17636"}],"wp:term":[{"taxonomy":"product_cat","embeddable":true,"href":"https:\/\/edimeinter.com\/libreria\/wp-json\/wp\/v2\/product_cat?post=17636"},{"taxonomy":"product_tag","embeddable":true,"href":"https:\/\/edimeinter.com\/libreria\/wp-json\/wp\/v2\/product_tag?post=17636"}],"curies":[{"name":"wp","href":"https:\/\/api.w.org\/{rel}","templated":true}]}}