{"id":17648,"date":"2026-01-10T16:17:00","date_gmt":"2026-01-10T16:17:00","guid":{"rendered":"https:\/\/edimeinter.com\/libreria\/?post_type=product&#038;p=17648"},"modified":"2026-01-10T16:21:03","modified_gmt":"2026-01-10T16:21:03","slug":"dermatologia-guia-de-actuacion-y-atlas-1a-incluye-ebook","status":"publish","type":"product","link":"https:\/\/edimeinter.com\/libreria\/product\/dermatologia-guia-de-actuacion-y-atlas-1a-incluye-ebook\/","title":{"rendered":"Dermatolog\u00eda. Gu\u00eda de actuaci\u00f3n y atlas. 1\u00aa. Incluye eBook."},"content":{"rendered":"\t\t<div data-elementor-type=\"wp-post\" data-elementor-id=\"17648\" class=\"elementor elementor-17648\">\n\t\t\t\t<div class=\"elementor-element elementor-element-2612b12 e-flex e-con-boxed e-con e-parent\" data-id=\"2612b12\" data-element_type=\"container\" data-e-type=\"container\">\n\t\t\t\t\t<div class=\"e-con-inner\">\n\t\t\n\t\t<div class=\"elementor-element elementor-element-498707ae elementor-widget elementor-widget-text-editor\" data-id=\"498707ae\" data-element_type=\"widget\" data-e-type=\"widget\" data-widget_type=\"text-editor.default\">\n\t\t\t\t<div class=\"elementor-widget-container\">\n\t\t\t\t\t\t\t\t\t<article id=\"description\" class=\"text-lg font-normal text-gray-500 lg:p-4 w-full mb-0\"><div class=\"overflow-hidden h-auto\"><article id=\"description\" class=\"text-lg font-normal text-gray-500 lg:p-4 w-full mb-0\"><div class=\"overflow-hidden h-auto\"><p class=\"font-light !leading-[22px] tracking-[1.12px] text-base mb-3 text-gray-500\">Este manual es una gu\u00eda actualizada, rigurosa y un compa\u00f1ero indispensable para encontrar la excelencia en el cuidado de la piel. Su enfoque visual y pr\u00e1ctico lo convierte en una herramienta \u00fanica para el diagn\u00f3stico y tratamiento de patolog\u00edas cut\u00e1neas.<\/p><\/div><\/article><\/div><\/article><article id=\"publico-objetivo\" class=\"text-lg font-normal text-gray-500 lg:p-4 w-full mb-0\"><h2 class=\"mb-5 border-b border-b-yellowmenu aria-current:text-primary aria-current:tracking-wide pb-3 text-base xs:text-lg font-normal text-gray-400 w-full\">\u00a0<\/h2><\/article>\t\t\t\t\t\t\t\t<\/div>\n\t\t\t\t<\/div>\n\t\t\t\t\t<\/div>\n\t\t\t\t<\/div>\n\t\t\t\t<\/div>\n\t\t","protected":false},"excerpt":{"rendered":"<p><strong>Autores:<\/strong> Pedro Rodr\u00edguez Jim\u00e9nez,Pablo Chicharro Manso,Andrea Est\u00e9banez,V\u00edctor Cabezas Calder\u00f3n,Ester Mu\u00f1oz Aceituno,David Revilla Nebreda<br \/>\n<strong>ISBN: <\/strong>9788411062909<br \/>\n<strong>Editorial:<\/strong> Panamericana<br \/>\n<strong>Edici\u00f3n:<\/strong> 1\u00aa<br \/>\n<strong>Especialidad<\/strong>: Dermatolog\u00eda<br \/>\n<strong>P\u00e1ginas<\/strong>: 1080<\/p>\n<p>\u00a9 2025<\/p>\n","protected":false},"featured_media":17649,"comment_status":"open","ping_status":"closed","template":"","meta":{"_joinchat":[]},"product_cat":[108],"product_tag":[239,109,70],"class_list":{"0":"post-17648","1":"product","2":"type-product","3":"status-publish","4":"has-post-thumbnail","6":"product_cat-dermatologia","7":"product_tag-239","8":"product_tag-dermatologia","9":"product_tag-panamericana","11":"first","12":"instock","13":"featured","14":"taxable","15":"shipping-taxable","16":"purchasable","17":"product-type-simple"},"_links":{"self":[{"href":"https:\/\/edimeinter.com\/libreria\/wp-json\/wp\/v2\/product\/17648","targetHints":{"allow":["GET"]}}],"collection":[{"href":"https:\/\/edimeinter.com\/libreria\/wp-json\/wp\/v2\/product"}],"about":[{"href":"https:\/\/edimeinter.com\/libreria\/wp-json\/wp\/v2\/types\/product"}],"replies":[{"embeddable":true,"href":"https:\/\/edimeinter.com\/libreria\/wp-json\/wp\/v2\/comments?post=17648"}],"version-history":[{"count":4,"href":"https:\/\/edimeinter.com\/libreria\/wp-json\/wp\/v2\/product\/17648\/revisions"}],"predecessor-version":[{"id":17653,"href":"https:\/\/edimeinter.com\/libreria\/wp-json\/wp\/v2\/product\/17648\/revisions\/17653"}],"wp:featuredmedia":[{"embeddable":true,"href":"https:\/\/edimeinter.com\/libreria\/wp-json\/wp\/v2\/media\/17649"}],"wp:attachment":[{"href":"https:\/\/edimeinter.com\/libreria\/wp-json\/wp\/v2\/media?parent=17648"}],"wp:term":[{"taxonomy":"product_cat","embeddable":true,"href":"https:\/\/edimeinter.com\/libreria\/wp-json\/wp\/v2\/product_cat?post=17648"},{"taxonomy":"product_tag","embeddable":true,"href":"https:\/\/edimeinter.com\/libreria\/wp-json\/wp\/v2\/product_tag?post=17648"}],"curies":[{"name":"wp","href":"https:\/\/api.w.org\/{rel}","templated":true}]}}