{"id":17660,"date":"2026-01-10T16:39:01","date_gmt":"2026-01-10T16:39:01","guid":{"rendered":"https:\/\/edimeinter.com\/libreria\/?post_type=product&#038;p=17660"},"modified":"2026-01-10T16:41:36","modified_gmt":"2026-01-10T16:41:36","slug":"tratado-de-psiquiatria-clinica-1a-incluye-ebook","status":"publish","type":"product","link":"https:\/\/edimeinter.com\/libreria\/product\/tratado-de-psiquiatria-clinica-1a-incluye-ebook\/","title":{"rendered":"Tratado de Psiquiatr\u00eda Cl\u00ednica. 1\u00aa. Incluye eBook."},"content":{"rendered":"\t\t<div data-elementor-type=\"wp-post\" data-elementor-id=\"17660\" class=\"elementor elementor-17660\">\n\t\t\t\t\n<div class=\"elementor-element elementor-element-2612b12 e-flex e-con-boxed e-con e-parent\" data-id=\"2612b12\" data-element_type=\"container\" data-e-type=\"container\">\n\t\t\t\t\t<div class=\"e-con-inner\">\n\t\t\t\t<div class=\"elementor-element elementor-element-498707ae elementor-widget elementor-widget-text-editor\" data-id=\"498707ae\" data-element_type=\"widget\" data-e-type=\"widget\" data-widget_type=\"text-editor.default\">\n\t\t\t\t<div class=\"elementor-widget-container\">\n\t\t\t\t\t\t\t\t\t<article id=\"description\" class=\"text-lg font-normal text-gray-500 lg:p-4 w-full mb-0\"><div class=\"overflow-hidden h-auto\"><p class=\"font-light !leading-[22px] tracking-[1.12px] text-base mb-3 text-gray-500\"><span class=\"\">En los pr\u00f3ximos a\u00f1os la atenci\u00f3n de las personas que tienen alg\u00fan trastorno mental tendr\u00e1 que adaptarse a convivir con herramientas de inteligencia artificial, el uso intensivo de la neuroimagen y la incorporaci\u00f3n de biomarcadores que faciliten un diagn\u00f3stico precoz y fiable, lo que supone un gran desaf\u00edo para los cl\u00ednicos, seg\u00fan la opini\u00f3n de los expertos<\/span><span class=\"\">. A pesar de las innovaciones, la pr\u00e1ctica cl\u00ednica basada en una entrevista y exploraci\u00f3n detallada del paciente seguir\u00e1 siendo clave en la asistencia y, de ah\u00ed la importancia de este libro.<\/span><\/p><\/div><\/article><article id=\"publico-objetivo\" class=\"text-lg font-normal text-gray-500 lg:p-4 w-full mb-0\"><h2 class=\"mb-5 border-b border-b-yellowmenu aria-current:text-primary aria-current:tracking-wide pb-3 text-base xs:text-lg font-normal text-gray-400 w-full\">\u00a0<\/h2><\/article>\t\t\t\t\t\t\t\t<\/div>\n\t\t\t\t<\/div>\n\t\t\t\t\t<\/div>\n\t\t\t\t<\/div>\n\t\t\t\t<\/div>\n\t\t","protected":false},"excerpt":{"rendered":"<p><strong>Autores:<\/strong> Gabriel Rubio Valladolid,Miguel Guti\u00e9rrez Fraile,Diego Jos\u00e9 Palao Vidal,Luis Rojo Moreno,Julio Bobes Garc\u00eda<br \/>\n<strong>ISBN: <\/strong>9788411061858<br \/>\n<strong>Editorial:<\/strong> Panamericana<br \/>\n<strong>Edici\u00f3n:<\/strong> 1\u00aa<br \/>\n<strong>Especialidad<\/strong>: Psiquiatr\u00eda<br \/>\n<strong>P\u00e1ginas<\/strong>: 956<\/p>\n<p>\u00a9 2025<\/p>\n","protected":false},"featured_media":17661,"comment_status":"open","ping_status":"closed","template":"","meta":{"_joinchat":[]},"product_cat":[68],"product_tag":[239,70,69],"class_list":{"0":"post-17660","1":"product","2":"type-product","3":"status-publish","4":"has-post-thumbnail","6":"product_cat-psiquiatria","7":"product_tag-239","8":"product_tag-panamericana","9":"product_tag-psiquiatria","11":"first","12":"instock","13":"featured","14":"taxable","15":"shipping-taxable","16":"purchasable","17":"product-type-simple"},"_links":{"self":[{"href":"https:\/\/edimeinter.com\/libreria\/wp-json\/wp\/v2\/product\/17660","targetHints":{"allow":["GET"]}}],"collection":[{"href":"https:\/\/edimeinter.com\/libreria\/wp-json\/wp\/v2\/product"}],"about":[{"href":"https:\/\/edimeinter.com\/libreria\/wp-json\/wp\/v2\/types\/product"}],"replies":[{"embeddable":true,"href":"https:\/\/edimeinter.com\/libreria\/wp-json\/wp\/v2\/comments?post=17660"}],"version-history":[{"count":4,"href":"https:\/\/edimeinter.com\/libreria\/wp-json\/wp\/v2\/product\/17660\/revisions"}],"predecessor-version":[{"id":17666,"href":"https:\/\/edimeinter.com\/libreria\/wp-json\/wp\/v2\/product\/17660\/revisions\/17666"}],"wp:featuredmedia":[{"embeddable":true,"href":"https:\/\/edimeinter.com\/libreria\/wp-json\/wp\/v2\/media\/17661"}],"wp:attachment":[{"href":"https:\/\/edimeinter.com\/libreria\/wp-json\/wp\/v2\/media?parent=17660"}],"wp:term":[{"taxonomy":"product_cat","embeddable":true,"href":"https:\/\/edimeinter.com\/libreria\/wp-json\/wp\/v2\/product_cat?post=17660"},{"taxonomy":"product_tag","embeddable":true,"href":"https:\/\/edimeinter.com\/libreria\/wp-json\/wp\/v2\/product_tag?post=17660"}],"curies":[{"name":"wp","href":"https:\/\/api.w.org\/{rel}","templated":true}]}}