{"id":17679,"date":"2026-01-10T16:56:29","date_gmt":"2026-01-10T16:56:29","guid":{"rendered":"https:\/\/edimeinter.com\/libreria\/?post_type=product&#038;p=17679"},"modified":"2026-01-10T17:00:35","modified_gmt":"2026-01-10T17:00:35","slug":"rehabilitacion-respiratoria-1a-incluye-ebook","status":"publish","type":"product","link":"https:\/\/edimeinter.com\/libreria\/product\/rehabilitacion-respiratoria-1a-incluye-ebook\/","title":{"rendered":"Rehabilitaci\u00f3n Respiratoria. 1\u00aa. Incluye eBook."},"content":{"rendered":"\t\t<div data-elementor-type=\"wp-post\" data-elementor-id=\"17679\" class=\"elementor elementor-17679\">\n\t\t\t\t<div class=\"elementor-element elementor-element-2612b12 e-flex e-con-boxed e-con e-parent\" data-id=\"2612b12\" data-element_type=\"container\" data-e-type=\"container\">\n\t\t\t\t\t<div class=\"e-con-inner\">\n\t\t\n\t\t<div class=\"elementor-element elementor-element-498707ae elementor-widget elementor-widget-text-editor\" data-id=\"498707ae\" data-element_type=\"widget\" data-e-type=\"widget\" data-widget_type=\"text-editor.default\">\n\t\t\t\t<div class=\"elementor-widget-container\">\n\t\t\t\t\t\t\t\t\t<article id=\"description\" class=\"text-lg font-normal text-gray-500 lg:p-4 w-full mb-0\"><div class=\"overflow-hidden h-auto\"><p class=\"font-light !leading-[22px] tracking-[1.12px] text-base mb-3 text-gray-500\">En la actualidad, las enfermedades respiratorias causan una alta morbilidad, mortalidad y un elevado coste econ\u00f3mico en la atenci\u00f3n m\u00e9dica y la p\u00e9rdida de la funcionalidad de las personas. La rehabilitaci\u00f3n respiratoria es, por tanto, clave para mejorar la funci\u00f3n pulmonar, aliviar los s\u00edntomas y proporcionar un enfoque integral que incluye ejercicio f\u00edsico, educaci\u00f3n y apoyo psicol\u00f3gico para reducir la dependencia del paciente.<\/p><\/div><\/article><article id=\"publico-objetivo\" class=\"text-lg font-normal text-gray-500 lg:p-4 w-full mb-0\"><h2 class=\"mb-5 border-b border-b-yellowmenu aria-current:text-primary aria-current:tracking-wide pb-3 text-base xs:text-lg font-normal text-gray-400 w-full\">\u00a0<\/h2><\/article>\t\t\t\t\t\t\t\t<\/div>\n\t\t\t\t<\/div>\n\t\t\t\t\t<\/div>\n\t\t\t\t<\/div>\n\t\t\t\t<\/div>\n\t\t","protected":false},"excerpt":{"rendered":"<p><strong>Autores:<\/strong> SORECAR &#8211; Sociedad Espa\u00f1ola de Rehabilitaci\u00f3n Cardio-Respiratoria<br \/>\n<strong>ISBN: <\/strong>9788411062954<br \/>\n<strong>Editorial:<\/strong> Panamericana<br \/>\n<strong>Edici\u00f3n:<\/strong> 1\u00aa<br \/>\n<strong>Especialidad<\/strong>: Fisioterapia<br \/>\n<strong>P\u00e1ginas<\/strong>: 544<\/p>\n<p>\u00a9 2025<\/p>\n","protected":false},"featured_media":17680,"comment_status":"open","ping_status":"closed","template":"","meta":{"_joinchat":[]},"product_cat":[111],"product_tag":[239,112,70],"class_list":{"0":"post-17679","1":"product","2":"type-product","3":"status-publish","4":"has-post-thumbnail","6":"product_cat-fisioterapia","7":"product_tag-239","8":"product_tag-fisioterapia","9":"product_tag-panamericana","11":"first","12":"instock","13":"featured","14":"taxable","15":"shipping-taxable","16":"purchasable","17":"product-type-simple"},"_links":{"self":[{"href":"https:\/\/edimeinter.com\/libreria\/wp-json\/wp\/v2\/product\/17679","targetHints":{"allow":["GET"]}}],"collection":[{"href":"https:\/\/edimeinter.com\/libreria\/wp-json\/wp\/v2\/product"}],"about":[{"href":"https:\/\/edimeinter.com\/libreria\/wp-json\/wp\/v2\/types\/product"}],"replies":[{"embeddable":true,"href":"https:\/\/edimeinter.com\/libreria\/wp-json\/wp\/v2\/comments?post=17679"}],"version-history":[{"count":4,"href":"https:\/\/edimeinter.com\/libreria\/wp-json\/wp\/v2\/product\/17679\/revisions"}],"predecessor-version":[{"id":17684,"href":"https:\/\/edimeinter.com\/libreria\/wp-json\/wp\/v2\/product\/17679\/revisions\/17684"}],"wp:featuredmedia":[{"embeddable":true,"href":"https:\/\/edimeinter.com\/libreria\/wp-json\/wp\/v2\/media\/17680"}],"wp:attachment":[{"href":"https:\/\/edimeinter.com\/libreria\/wp-json\/wp\/v2\/media?parent=17679"}],"wp:term":[{"taxonomy":"product_cat","embeddable":true,"href":"https:\/\/edimeinter.com\/libreria\/wp-json\/wp\/v2\/product_cat?post=17679"},{"taxonomy":"product_tag","embeddable":true,"href":"https:\/\/edimeinter.com\/libreria\/wp-json\/wp\/v2\/product_tag?post=17679"}],"curies":[{"name":"wp","href":"https:\/\/api.w.org\/{rel}","templated":true}]}}