{"id":17691,"date":"2026-01-10T17:06:38","date_gmt":"2026-01-10T17:06:38","guid":{"rendered":"https:\/\/edimeinter.com\/libreria\/?post_type=product&#038;p=17691"},"modified":"2026-01-10T17:10:09","modified_gmt":"2026-01-10T17:10:09","slug":"tratado-de-reumatologia-clinica-1a-incluye-ebook","status":"publish","type":"product","link":"https:\/\/edimeinter.com\/libreria\/product\/tratado-de-reumatologia-clinica-1a-incluye-ebook\/","title":{"rendered":"Tratado de Reumatolog\u00eda Cl\u00ednica. 1\u00aa. Incluye eBook."},"content":{"rendered":"\t\t<div data-elementor-type=\"wp-post\" data-elementor-id=\"17691\" class=\"elementor elementor-17691\">\n\t\t\t\t<div class=\"elementor-element elementor-element-2612b12 e-flex e-con-boxed e-con e-parent\" data-id=\"2612b12\" data-element_type=\"container\" data-e-type=\"container\">\n\t\t\t\t\t<div class=\"e-con-inner\">\n\t\t\n\t\t<div class=\"elementor-element elementor-element-498707ae elementor-widget elementor-widget-text-editor\" data-id=\"498707ae\" data-element_type=\"widget\" data-e-type=\"widget\" data-widget_type=\"text-editor.default\">\n\t\t\t\t<div class=\"elementor-widget-container\">\n\t\t\t\t\t\t\t\t\t<article id=\"description\" class=\"text-lg font-normal text-gray-500 lg:p-4 w-full mb-0\"><div class=\"overflow-hidden h-auto\"><p class=\"font-light !leading-[22px] tracking-[1.12px] text-base mb-3 text-gray-500\">Las competencias del reumat\u00f3logo abarcan toda la patolog\u00eda m\u00e9dica relacionada con el aparato locomotor, que constituye la principal causa de la mayor\u00eda de las enfermedades que afectan a la poblaci\u00f3n.<\/p><\/div><\/article><article id=\"publico-objetivo\" class=\"text-lg font-normal text-gray-500 lg:p-4 w-full mb-0\"><h2 class=\"mb-5 border-b border-b-yellowmenu aria-current:text-primary aria-current:tracking-wide pb-3 text-base xs:text-lg font-normal text-gray-400 w-full\">\u00a0<\/h2><\/article>\t\t\t\t\t\t\t\t<\/div>\n\t\t\t\t<\/div>\n\t\t\t\t\t<\/div>\n\t\t\t\t<\/div>\n\t\t\t\t<\/div>\n\t\t","protected":false},"excerpt":{"rendered":"<p><strong>Autores:<\/strong> Esther Francisca Vicente Rabaneda,Francisco de Paula Gabriel Jim\u00e9nez N\u00fa\u00f1ez,Mariano Andr\u00e9s Collado,Patricia Esmeralda Carreira Delgado,Santos Casta\u00f1eda Sanz,Iv\u00e1n Castellv\u00ed Barranco,Clementina L\u00f3pez Medina<br \/>\n<strong>ISBN: <\/strong>9788411061728<br \/>\n<strong>Editorial:<\/strong> Panamericana<br \/>\n<strong>Edici\u00f3n:<\/strong> 1\u00aa<br \/>\n<strong>Especialidad<\/strong>: Reumatolog\u00eda<br \/>\n<strong>P\u00e1ginas<\/strong>: 930<\/p>\n<p>\u00a9 2025<\/p>\n","protected":false},"featured_media":17692,"comment_status":"open","ping_status":"closed","template":"","meta":{"_joinchat":[]},"product_cat":[197],"product_tag":[239,70,198],"class_list":{"0":"post-17691","1":"product","2":"type-product","3":"status-publish","4":"has-post-thumbnail","6":"product_cat-reumatologia","7":"product_tag-239","8":"product_tag-panamericana","9":"product_tag-reumatologia","11":"first","12":"instock","13":"featured","14":"taxable","15":"shipping-taxable","16":"purchasable","17":"product-type-simple"},"_links":{"self":[{"href":"https:\/\/edimeinter.com\/libreria\/wp-json\/wp\/v2\/product\/17691","targetHints":{"allow":["GET"]}}],"collection":[{"href":"https:\/\/edimeinter.com\/libreria\/wp-json\/wp\/v2\/product"}],"about":[{"href":"https:\/\/edimeinter.com\/libreria\/wp-json\/wp\/v2\/types\/product"}],"replies":[{"embeddable":true,"href":"https:\/\/edimeinter.com\/libreria\/wp-json\/wp\/v2\/comments?post=17691"}],"version-history":[{"count":4,"href":"https:\/\/edimeinter.com\/libreria\/wp-json\/wp\/v2\/product\/17691\/revisions"}],"predecessor-version":[{"id":17696,"href":"https:\/\/edimeinter.com\/libreria\/wp-json\/wp\/v2\/product\/17691\/revisions\/17696"}],"wp:featuredmedia":[{"embeddable":true,"href":"https:\/\/edimeinter.com\/libreria\/wp-json\/wp\/v2\/media\/17692"}],"wp:attachment":[{"href":"https:\/\/edimeinter.com\/libreria\/wp-json\/wp\/v2\/media?parent=17691"}],"wp:term":[{"taxonomy":"product_cat","embeddable":true,"href":"https:\/\/edimeinter.com\/libreria\/wp-json\/wp\/v2\/product_cat?post=17691"},{"taxonomy":"product_tag","embeddable":true,"href":"https:\/\/edimeinter.com\/libreria\/wp-json\/wp\/v2\/product_tag?post=17691"}],"curies":[{"name":"wp","href":"https:\/\/api.w.org\/{rel}","templated":true}]}}