{"id":17697,"date":"2026-01-10T17:26:32","date_gmt":"2026-01-10T17:26:32","guid":{"rendered":"https:\/\/edimeinter.com\/libreria\/?post_type=product&#038;p=17697"},"modified":"2026-01-10T21:33:46","modified_gmt":"2026-01-10T21:33:46","slug":"terapia-neural-diagnostico-y-tratamiento-con-anestesicos-locales-1a-incluye-ebook","status":"publish","type":"product","link":"https:\/\/edimeinter.com\/libreria\/product\/terapia-neural-diagnostico-y-tratamiento-con-anestesicos-locales-1a-incluye-ebook\/","title":{"rendered":"Terapia Neural. Diagn\u00f3stico y tratamiento con anest\u00e9sicos locales. 1\u00aa. Incluye eBook."},"content":{"rendered":"\t\t<div data-elementor-type=\"wp-post\" data-elementor-id=\"17697\" class=\"elementor elementor-17697\">\n\t\t\t\t<div class=\"elementor-element elementor-element-2612b12 e-flex e-con-boxed e-con e-parent\" data-id=\"2612b12\" data-element_type=\"container\" data-e-type=\"container\">\n\t\t\t\t\t<div class=\"e-con-inner\">\n\t\t\n\t\t<div class=\"elementor-element elementor-element-498707ae elementor-widget elementor-widget-text-editor\" data-id=\"498707ae\" data-element_type=\"widget\" data-e-type=\"widget\" data-widget_type=\"text-editor.default\">\n\t\t\t\t<div class=\"elementor-widget-container\">\n\t\t\t\t\t\t\t\t\t<article id=\"description\" class=\"text-lg font-normal text-gray-500 lg:p-4 w-full mb-0\"><div class=\"overflow-hidden h-auto\"><p class=\"font-light !leading-[22px] tracking-[1.12px] text-base mb-3 text-gray-500\">La terapia neural es una disciplina m\u00e9dica y odontol\u00f3gica basada en una visi\u00f3n hol\u00edstica del ser humano que emplea anest\u00e9sicos locales en bajas concentraciones con fines diagn\u00f3sticos y terap\u00e9uticos, sin buscar un efecto de bloqueo sensorial. Su acci\u00f3n est\u00e1 fundamentada en la recuperaci\u00f3n del equilibrio funcional del sistema nervioso aut\u00f3nomo, permitiendo la regulaci\u00f3n aut\u00f3noma del organismo.<\/p><p class=\"font-light !leading-[22px] tracking-[1.12px] text-base mb-3 text-gray-500\">Este libro, primera gran obra original de referencia en lengua espa\u00f1ola sobre terapia neural, combina la evidencia cient\u00edfica actualizada, las bases conceptuales y un enfoque t\u00e9cnico y pr\u00e1ctico.<\/p><\/div><\/article><article id=\"publico-objetivo\" class=\"text-lg font-normal text-gray-500 lg:p-4 w-full mb-0\"><h2 class=\"mb-5 border-b border-b-yellowmenu aria-current:text-primary aria-current:tracking-wide pb-3 text-base xs:text-lg font-normal text-gray-400 w-full\">\u00a0<\/h2><\/article>\t\t\t\t\t\t\t\t<\/div>\n\t\t\t\t<\/div>\n\t\t\t\t\t<\/div>\n\t\t\t\t<\/div>\n\t\t\t\t<\/div>\n\t\t","protected":false},"excerpt":{"rendered":"<p><strong>Autores:<\/strong> David Vinyes ,Katia Puente de la Vega Costa,Montserrat Mu\u00f1oz Sellart,Roc\u00edo Aragon\u00e9s Manzanares,Albert Juvany i Blanch<br \/>\n<strong>ISBN: <\/strong>9788411062824<br \/>\n<strong>Editorial:<\/strong> Panamericana<br \/>\n<strong>Edici\u00f3n:<\/strong> 1\u00aa<br \/>\n<strong>Especialidad<\/strong>: Anestesiolog\u00eda y reanimaci\u00f3n<br \/>\n<strong>P\u00e1ginas<\/strong>: 720<\/p>\n<p>\u00a9 2025<\/p>\n","protected":false},"featured_media":17698,"comment_status":"open","ping_status":"closed","template":"","meta":{"_joinchat":[]},"product_cat":[86],"product_tag":[239,87,70],"class_list":{"0":"post-17697","1":"product","2":"type-product","3":"status-publish","4":"has-post-thumbnail","6":"product_cat-anestesiologia-y-reanimacion","7":"product_tag-239","8":"product_tag-anestesiologia-y-reanimacion","9":"product_tag-panamericana","11":"first","12":"outofstock","13":"featured","14":"taxable","15":"shipping-taxable","16":"purchasable","17":"product-type-simple"},"_links":{"self":[{"href":"https:\/\/edimeinter.com\/libreria\/wp-json\/wp\/v2\/product\/17697","targetHints":{"allow":["GET"]}}],"collection":[{"href":"https:\/\/edimeinter.com\/libreria\/wp-json\/wp\/v2\/product"}],"about":[{"href":"https:\/\/edimeinter.com\/libreria\/wp-json\/wp\/v2\/types\/product"}],"replies":[{"embeddable":true,"href":"https:\/\/edimeinter.com\/libreria\/wp-json\/wp\/v2\/comments?post=17697"}],"version-history":[{"count":9,"href":"https:\/\/edimeinter.com\/libreria\/wp-json\/wp\/v2\/product\/17697\/revisions"}],"predecessor-version":[{"id":17737,"href":"https:\/\/edimeinter.com\/libreria\/wp-json\/wp\/v2\/product\/17697\/revisions\/17737"}],"wp:featuredmedia":[{"embeddable":true,"href":"https:\/\/edimeinter.com\/libreria\/wp-json\/wp\/v2\/media\/17698"}],"wp:attachment":[{"href":"https:\/\/edimeinter.com\/libreria\/wp-json\/wp\/v2\/media?parent=17697"}],"wp:term":[{"taxonomy":"product_cat","embeddable":true,"href":"https:\/\/edimeinter.com\/libreria\/wp-json\/wp\/v2\/product_cat?post=17697"},{"taxonomy":"product_tag","embeddable":true,"href":"https:\/\/edimeinter.com\/libreria\/wp-json\/wp\/v2\/product_tag?post=17697"}],"curies":[{"name":"wp","href":"https:\/\/api.w.org\/{rel}","templated":true}]}}