{"id":17704,"date":"2026-01-10T17:33:44","date_gmt":"2026-01-10T17:33:44","guid":{"rendered":"https:\/\/edimeinter.com\/libreria\/?post_type=product&#038;p=17704"},"modified":"2026-01-12T18:26:54","modified_gmt":"2026-01-12T18:26:54","slug":"parasitologia-medica-6-edic","status":"publish","type":"product","link":"https:\/\/edimeinter.com\/libreria\/product\/parasitologia-medica-6-edic\/","title":{"rendered":"Parasitolog\u00eda M\u00e9dica 6\u00aa. Ed."},"content":{"rendered":"\t\t<div data-elementor-type=\"wp-post\" data-elementor-id=\"17704\" class=\"elementor elementor-17704\">\n\t\t\t\t<div class=\"elementor-element elementor-element-2612b12 e-flex e-con-boxed e-con e-parent\" data-id=\"2612b12\" data-element_type=\"container\" data-e-type=\"container\">\n\t\t\t\t\t<div class=\"e-con-inner\">\n\t\t\n\t\t<div class=\"elementor-element elementor-element-498707ae elementor-widget elementor-widget-text-editor\" data-id=\"498707ae\" data-element_type=\"widget\" data-e-type=\"widget\" data-widget_type=\"text-editor.default\">\n\t\t\t\t<div class=\"elementor-widget-container\">\n\t\t\t\t\t\t\t\t\t<article id=\"description\" class=\"text-lg font-normal text-gray-500 lg:p-4 w-full mb-0\"><div class=\"overflow-hidden h-auto\"><p>El contenido, actualizado con la informaci\u00f3n m\u00e1s relevante en el campo, est\u00e1 organizado en 43 cap\u00edtulos que abordan los aspectos generales de las enfermedades parasitarias y sus agentes causales como son: su ciclo biol\u00f3gico, manifestaciones cl\u00ednicas, diagn\u00f3stico y tratamiento.<\/p><p>Se conserva el enfoque pedag\u00f3gico de las ediciones previas y la informaci\u00f3n se distribuye acorde a los sistemas del cuerpo humano. As\u00ed mismo, cada cap\u00edtulo contiene preguntas de evaluaci\u00f3n inicial para definir los conocimientos previos del estudiante, sus competencias con respecto al curr\u00edculo que se pretende desarrollar y sus necesidades. Se presentan casos cl\u00ednicos asociados a cada uno de los t\u00f3picos abordados, preguntas para reflexionar y una ficha de resumen gr\u00e1fico que agrupa las principales caracter\u00edsticas y tratamientos para cada patolog\u00eda.<\/p><\/div><\/article>\t\t\t\t\t\t\t\t<\/div>\n\t\t\t\t<\/div>\n\t\t\t\t\t<\/div>\n\t\t\t\t<\/div>\n\t\t\t\t<\/div>\n\t\t","protected":false},"excerpt":{"rendered":"<p><strong>Autores:<\/strong> BECERRIL MARCO<br \/>\n<strong>ISBN: <\/strong>9786071519207<br \/>\n<strong>Editorial:<\/strong> McGraw-Hill<br \/>\n<strong>Edici\u00f3n:<\/strong> 6\u00aa<br \/>\n<strong>Especialidad<\/strong>: Laboratorio Cl\u00ednico<br \/>\n<strong>P\u00e1ginas<\/strong>: 464<\/p>\n<p>\u00a9 2023<\/p>\n","protected":false},"featured_media":17705,"comment_status":"open","ping_status":"closed","template":"","meta":{"_joinchat":[]},"product_cat":[136],"product_tag":[137,99],"class_list":{"0":"post-17704","1":"product","2":"type-product","3":"status-publish","4":"has-post-thumbnail","6":"product_cat-laboratorio-clinico","7":"product_tag-laboratorio-clinico","8":"product_tag-mcgraw-hill","10":"first","11":"instock","12":"featured","13":"taxable","14":"shipping-taxable","15":"purchasable","16":"product-type-simple"},"_links":{"self":[{"href":"https:\/\/edimeinter.com\/libreria\/wp-json\/wp\/v2\/product\/17704","targetHints":{"allow":["GET"]}}],"collection":[{"href":"https:\/\/edimeinter.com\/libreria\/wp-json\/wp\/v2\/product"}],"about":[{"href":"https:\/\/edimeinter.com\/libreria\/wp-json\/wp\/v2\/types\/product"}],"replies":[{"embeddable":true,"href":"https:\/\/edimeinter.com\/libreria\/wp-json\/wp\/v2\/comments?post=17704"}],"version-history":[{"count":8,"href":"https:\/\/edimeinter.com\/libreria\/wp-json\/wp\/v2\/product\/17704\/revisions"}],"predecessor-version":[{"id":17800,"href":"https:\/\/edimeinter.com\/libreria\/wp-json\/wp\/v2\/product\/17704\/revisions\/17800"}],"wp:featuredmedia":[{"embeddable":true,"href":"https:\/\/edimeinter.com\/libreria\/wp-json\/wp\/v2\/media\/17705"}],"wp:attachment":[{"href":"https:\/\/edimeinter.com\/libreria\/wp-json\/wp\/v2\/media?parent=17704"}],"wp:term":[{"taxonomy":"product_cat","embeddable":true,"href":"https:\/\/edimeinter.com\/libreria\/wp-json\/wp\/v2\/product_cat?post=17704"},{"taxonomy":"product_tag","embeddable":true,"href":"https:\/\/edimeinter.com\/libreria\/wp-json\/wp\/v2\/product_tag?post=17704"}],"curies":[{"name":"wp","href":"https:\/\/api.w.org\/{rel}","templated":true}]}}