{"id":17713,"date":"2026-01-10T17:45:19","date_gmt":"2026-01-10T17:45:19","guid":{"rendered":"https:\/\/edimeinter.com\/libreria\/?post_type=product&#038;p=17713"},"modified":"2026-01-12T18:27:27","modified_gmt":"2026-01-12T18:27:27","slug":"procedimientos-microbiologia-medica-6-edic","status":"publish","type":"product","link":"https:\/\/edimeinter.com\/libreria\/product\/procedimientos-microbiologia-medica-6-edic\/","title":{"rendered":"Procedimientos Microbiolog\u00eda M\u00e9dica 6\u00aa. ED."},"content":{"rendered":"\t\t<div data-elementor-type=\"wp-post\" data-elementor-id=\"17713\" class=\"elementor elementor-17713\">\n\t\t\t\t<div class=\"elementor-element elementor-element-2612b12 e-flex e-con-boxed e-con e-parent\" data-id=\"2612b12\" data-element_type=\"container\" data-e-type=\"container\">\n\t\t\t\t\t<div class=\"e-con-inner\">\n\t\t\n\t\t<div class=\"elementor-element elementor-element-498707ae elementor-widget elementor-widget-text-editor\" data-id=\"498707ae\" data-element_type=\"widget\" data-e-type=\"widget\" data-widget_type=\"text-editor.default\">\n\t\t\t\t<div class=\"elementor-widget-container\">\n\t\t\t\t\t\t\t\t\t<p>la obra pretende ser una fuente accesible y sencilla de experiencias y conocimientos sobre micolog\u00eda m\u00e9dica b\u00e1sica, dirigida a todo tipo de estudiantes y profesionales del \u00e1rea de la salud. Micolog\u00eda m\u00e9dica b\u00e1sica, en esta sexta edici\u00f3n, busca proporcionar el conocimiento de las t\u00e9cnicas m\u00e1s avanzadas sin olvidar la parte de la micolog\u00eda morfol\u00f3gica tradicional, sirviendo as\u00ed para todo tipo de lector, con independencia de las t\u00e9cnicas de an\u00e1lisis o diagn\u00f3sticas a las que tenga acceso.<\/p>\t\t\t\t\t\t\t\t<\/div>\n\t\t\t\t<\/div>\n\t\t\t\t\t<\/div>\n\t\t\t\t<\/div>\n\t\t\t\t<\/div>\n\t\t","protected":false},"excerpt":{"rendered":"<p><strong>Autores:<\/strong> BONIFAZ ALEXANDRO<br \/>\n<strong>ISBN: <\/strong>9786071514387<br \/>\n<strong>Editorial:<\/strong> McGraw-Hill<br \/>\n<strong>Edici\u00f3n:<\/strong> 6\u00aa<br \/>\n<strong>Especialidad<\/strong>: Laboratorio Cl\u00ednico<br \/>\n<strong>P\u00e1ginas<\/strong>: 884<\/p>\n<p>\u00a9 2020<\/p>\n","protected":false},"featured_media":17714,"comment_status":"open","ping_status":"closed","template":"","meta":{"_joinchat":[]},"product_cat":[136],"product_tag":[137,99],"class_list":{"0":"post-17713","1":"product","2":"type-product","3":"status-publish","4":"has-post-thumbnail","6":"product_cat-laboratorio-clinico","7":"product_tag-laboratorio-clinico","8":"product_tag-mcgraw-hill","10":"first","11":"instock","12":"featured","13":"taxable","14":"shipping-taxable","15":"purchasable","16":"product-type-simple"},"_links":{"self":[{"href":"https:\/\/edimeinter.com\/libreria\/wp-json\/wp\/v2\/product\/17713","targetHints":{"allow":["GET"]}}],"collection":[{"href":"https:\/\/edimeinter.com\/libreria\/wp-json\/wp\/v2\/product"}],"about":[{"href":"https:\/\/edimeinter.com\/libreria\/wp-json\/wp\/v2\/types\/product"}],"replies":[{"embeddable":true,"href":"https:\/\/edimeinter.com\/libreria\/wp-json\/wp\/v2\/comments?post=17713"}],"version-history":[{"count":8,"href":"https:\/\/edimeinter.com\/libreria\/wp-json\/wp\/v2\/product\/17713\/revisions"}],"predecessor-version":[{"id":17801,"href":"https:\/\/edimeinter.com\/libreria\/wp-json\/wp\/v2\/product\/17713\/revisions\/17801"}],"wp:featuredmedia":[{"embeddable":true,"href":"https:\/\/edimeinter.com\/libreria\/wp-json\/wp\/v2\/media\/17714"}],"wp:attachment":[{"href":"https:\/\/edimeinter.com\/libreria\/wp-json\/wp\/v2\/media?parent=17713"}],"wp:term":[{"taxonomy":"product_cat","embeddable":true,"href":"https:\/\/edimeinter.com\/libreria\/wp-json\/wp\/v2\/product_cat?post=17713"},{"taxonomy":"product_tag","embeddable":true,"href":"https:\/\/edimeinter.com\/libreria\/wp-json\/wp\/v2\/product_tag?post=17713"}],"curies":[{"name":"wp","href":"https:\/\/api.w.org\/{rel}","templated":true}]}}