{"id":17719,"date":"2026-01-10T17:53:24","date_gmt":"2026-01-10T17:53:24","guid":{"rendered":"https:\/\/edimeinter.com\/libreria\/?post_type=product&#038;p=17719"},"modified":"2026-01-12T18:27:58","modified_gmt":"2026-01-12T18:27:58","slug":"procedimientos-microbiologia-medica","status":"publish","type":"product","link":"https:\/\/edimeinter.com\/libreria\/product\/procedimientos-microbiologia-medica\/","title":{"rendered":"Procedimientos Microbiolog\u00eda M\u00e9dica"},"content":{"rendered":"\t\t<div data-elementor-type=\"wp-post\" data-elementor-id=\"17719\" class=\"elementor elementor-17719\">\n\t\t\t\t<div class=\"elementor-element elementor-element-2612b12 e-flex e-con-boxed e-con e-parent\" data-id=\"2612b12\" data-element_type=\"container\" data-e-type=\"container\">\n\t\t\t\t\t<div class=\"e-con-inner\">\n\t\t\n\t\t<div class=\"elementor-element elementor-element-498707ae elementor-widget elementor-widget-text-editor\" data-id=\"498707ae\" data-element_type=\"widget\" data-e-type=\"widget\" data-widget_type=\"text-editor.default\">\n\t\t\t\t<div class=\"elementor-widget-container\">\n\t\t\t\t\t\t\t\t\t<p>Escrita por expertos en el campo, ponea la disposici\u00f3n de distintos lectores un compendio de informaci\u00f3n estandarizadade los principales aspectos de esta apasionante disciplina en su versi\u00f3n m\u00e1sactual, interpretaci\u00f3n de las pruebas diagn\u00f3sticas m\u00e1s comunes, as\u00ed como laidentificaci\u00f3n de falsos positivos y negativos en los resultados de dichas pruebas<\/p>\t\t\t\t\t\t\t\t<\/div>\n\t\t\t\t<\/div>\n\t\t\t\t\t<\/div>\n\t\t\t\t<\/div>\n\t\t\t\t<\/div>\n\t\t","protected":false},"excerpt":{"rendered":"<p><strong>Autores:<\/strong> CASILLAS<br \/>\n<strong>ISBN: <\/strong>9786071514370<br \/>\n<strong>Editorial:<\/strong> McGraw-Hill<br \/>\n<strong>Edici\u00f3n:<\/strong> 1\u00aa<br \/>\n<strong>Especialidad<\/strong>: Laboratorio Cl\u00ednico<br \/>\n<strong>P\u00e1ginas<\/strong>: 212<\/p>\n<p>\u00a9 2020<\/p>\n","protected":false},"featured_media":17720,"comment_status":"open","ping_status":"closed","template":"","meta":{"_joinchat":[]},"product_cat":[136],"product_tag":[137,99],"class_list":{"0":"post-17719","1":"product","2":"type-product","3":"status-publish","4":"has-post-thumbnail","6":"product_cat-laboratorio-clinico","7":"product_tag-laboratorio-clinico","8":"product_tag-mcgraw-hill","10":"first","11":"instock","12":"featured","13":"taxable","14":"shipping-taxable","15":"purchasable","16":"product-type-simple"},"_links":{"self":[{"href":"https:\/\/edimeinter.com\/libreria\/wp-json\/wp\/v2\/product\/17719","targetHints":{"allow":["GET"]}}],"collection":[{"href":"https:\/\/edimeinter.com\/libreria\/wp-json\/wp\/v2\/product"}],"about":[{"href":"https:\/\/edimeinter.com\/libreria\/wp-json\/wp\/v2\/types\/product"}],"replies":[{"embeddable":true,"href":"https:\/\/edimeinter.com\/libreria\/wp-json\/wp\/v2\/comments?post=17719"}],"version-history":[{"count":8,"href":"https:\/\/edimeinter.com\/libreria\/wp-json\/wp\/v2\/product\/17719\/revisions"}],"predecessor-version":[{"id":17802,"href":"https:\/\/edimeinter.com\/libreria\/wp-json\/wp\/v2\/product\/17719\/revisions\/17802"}],"wp:featuredmedia":[{"embeddable":true,"href":"https:\/\/edimeinter.com\/libreria\/wp-json\/wp\/v2\/media\/17720"}],"wp:attachment":[{"href":"https:\/\/edimeinter.com\/libreria\/wp-json\/wp\/v2\/media?parent=17719"}],"wp:term":[{"taxonomy":"product_cat","embeddable":true,"href":"https:\/\/edimeinter.com\/libreria\/wp-json\/wp\/v2\/product_cat?post=17719"},{"taxonomy":"product_tag","embeddable":true,"href":"https:\/\/edimeinter.com\/libreria\/wp-json\/wp\/v2\/product_tag?post=17719"}],"curies":[{"name":"wp","href":"https:\/\/api.w.org\/{rel}","templated":true}]}}