{"id":17764,"date":"2026-01-11T19:23:42","date_gmt":"2026-01-11T19:23:42","guid":{"rendered":"https:\/\/edimeinter.com\/libreria\/?post_type=product&#038;p=17764"},"modified":"2026-04-20T18:35:07","modified_gmt":"2026-04-20T18:35:07","slug":"harrison-principios-de-medicina-interna-21-ed","status":"publish","type":"product","link":"https:\/\/edimeinter.com\/libreria\/product\/harrison-principios-de-medicina-interna-21-ed\/","title":{"rendered":"Harrison. Principio de Medicina Interna. 21\u00aa Ed."},"content":{"rendered":"\t\t<div data-elementor-type=\"wp-post\" data-elementor-id=\"17764\" class=\"elementor elementor-17764\">\n\t\t\t\t<div class=\"elementor-element elementor-element-2612b12 e-flex e-con-boxed e-con e-parent\" data-id=\"2612b12\" data-element_type=\"container\" data-e-type=\"container\">\n\t\t\t\t\t<div class=\"e-con-inner\">\n\t\t\n\t\t<div class=\"elementor-element elementor-element-498707ae elementor-widget elementor-widget-text-editor\" data-id=\"498707ae\" data-element_type=\"widget\" data-e-type=\"widget\" data-widget_type=\"text-editor.default\">\n\t\t\t\t<div class=\"elementor-widget-container\">\n\t\t\t\t\t\t\t\t\t<p>Harrison. Principios de Medicina Interna\u00a0est\u00e1 destinado a los estudiantes a lo largo de sus carreras. Para los estudiantes, la Parte 1, Cap\u00edtulo 1 comienza con una visi\u00f3n general de \u00abLa pr\u00e1ctica de la medicina\u00bb. En este cap\u00edtulo introductorio, los editores contin\u00faan la tradici\u00f3n de orientar a los m\u00e9dicos hacia la ciencia y el arte de la medicina, haciendo \u00e9nfasis en los valores de nuestra profesi\u00f3n al tiempo que se incorporaron nuevos avances en tecnolog\u00eda, ciencia y atenci\u00f3n cl\u00ednica. La Parte 2, \u00abManifestaciones Cardinales y Presentaci\u00f3n de Enfermedades\u00bb, es una caracter\u00edstica distintiva de Harrison. Principios de Medicina Interna. Estos cap\u00edtulos describen c\u00f3mo los pacientes presentan afecciones cl\u00ednicas comunes, como la cefalea, fiebre, tos, palpitaciones, o anemia, y proporcionan una visi\u00f3n general de los s\u00edntomas t\u00edpicos, hallazgos en la exploraci\u00f3n f\u00edsica y diagn\u00f3stico diferencial. El dominio de estos temas prepara a los estudiantes para cap\u00edtulos posteriores sobre enfermedades espec\u00edficas que encontrar\u00e1n en cursos sobre fisiopatolog\u00eda y en la pr\u00e1ctica cl\u00ednica. Para los residentes y becarios que dan atenci\u00f3n m\u00e9dica a los pacientes y que se preparan para los ex\u00e1menes del consejo, Harrison. Principios de Medicina Interna sigue siendo una fuente definitiva de contenido y de confianza, escrita por expertos de renombre internacional. Los m\u00e9dicos en capacitaci\u00f3n se tranquilizar\u00e1n por la profundidad del contenido, los cuadros amplios, las figuras ilustrativas y los algoritmos cl\u00ednicos. Muchas preguntas de examen se basan en puntos clave extra\u00eddos de los cap\u00edtulos de Harrison. Principios de Medicina Interna. Un libro \u00fatil y complementario, Autoevaluaci\u00f3n y repaso, incluye m\u00e1s de 1 000 preguntas, ofrece explicaciones completas de la respuesta correcta y proporciona enlaces a los cap\u00edtulos relevantes de la obra. Los m\u00e9dicos que ejercen la medicina deben mantenerse actualizados con una base de conocimientos y gu\u00edas cl\u00ednicas en constante cambio como parte del aprendizaje permanente. Los m\u00e9dicos pueden confiar en que los cap\u00edtulos se actualizan ampliamente con cada edici\u00f3n de Harrison. Principios de Medicina Interna. El texto es una excelente referencia en el punto de atenci\u00f3n para cuestiones cl\u00ednicas, diagn\u00f3stico diferencial y tratamiento de pacientes. Adem\u00e1s de las secciones de Tratamiento ampliado y detallado, Harrison. Principios de Medicina Interna contin\u00faa su tradici\u00f3n de incluir secciones de \u00abEstudio del paciente\u00bb, que proporcionan una visi\u00f3n general de un experto sobre el tratamiento pr\u00e1ctico de trastornos cl\u00ednicos comunes pero a menudo complejos.<br \/><br \/>Esta edici\u00f3n ha sido modificada extensamente en su estructura y en su contenido y ofrece un formato m\u00e1s estandarizado para cada cap\u00edtulo sobre enfermedades. Los autores y editores han preparado y sintetizado de forma rigurosa una gran cantidad de informaci\u00f3n que comprende la medicina interna general (y de cada una de las principales especialidades) para esta gran obra. Los lectores apreciar\u00e1n el estilo de escritura conciso y la calidad sustantiva que siempre han caracterizado a Harrison. Principios de Medicina Interna. Esta obra se centra en la informaci\u00f3n esencial con el objetivo de proporcionar respuestas claras y definitivas a las preguntas cl\u00ednicas.<br \/><br \/>En la vig\u00e9sima primera edici\u00f3n, los ejemplos de nuevos cap\u00edtulos incluyen \u00abMedicina de precisi\u00f3n y atenci\u00f3n cl\u00ednica\u00bb, centr\u00e1ndose en el creciente conjunto de \u00abbig data\u00bb utilizados para proporcionar correlaciones individualizadas genotipo-fenotipo \u00abMecanismos de regulaci\u00f3n y de trastornos de la regulaci\u00f3n del sistema inmunitario\u00bb, centr\u00e1ndose en los extraordinarios avances logrados en los \u00faltimos cinco a\u00f1os en la comprensi\u00f3n de los mecanismos complejos y sutiles por los que se regula el sistema inmunitario y c\u00f3mo las perturbaciones en esta regulaci\u00f3n conducen a estados patol\u00f3gicos y a objetivos de intervenci\u00f3n terap\u00e9utica nuevos cap\u00edtulos sobre la enfermedad de Alzheimer y las afecciones relacionadas, con especial atenci\u00f3n a la demencia vascular, una causa com\u00fan y tratable de alteraci\u00f3n cognitiva y un nuevo cap\u00edtulo sobre los trastornos por consumo de marihuana, as\u00ed como gu\u00edas actualizadas sobre el tratamiento de la esclerosis m\u00faltiple y la creciente gama de otras enfermedades autoinmunitarias del sistema nervioso que ahora pueden ser identificadas y tratadas.<br \/><br \/>Otros cap\u00edtulos nuevos incluyen \u00abOposici\u00f3n y renuencia al uso de vacunas\u00bb, \u00abMedicina de precisi\u00f3n y atenci\u00f3n cl\u00ednica\u00bb, \u00abDiagn\u00f3stico: Reducci\u00f3n de errores y mejora de la calidad, \u00abEstudio del paciente con enfermedad renal o de las v\u00edas urinarias\u00bb, \u00abNefrolog\u00eda intervencionista\u00bb, \u00abEfectos del cambio clim\u00e1tico en la salud\u00bb y \u00ab\u00c1cidos nucleicos circulantes en formas de biopsias l\u00edquidas y biomarcadores de enfermedad no invasiva\u00bb. Adem\u00e1s, muchos cap\u00edtulos tienen nuevos autores.<br \/><br \/>El cap\u00edtulo \u00abOposici\u00f3n y renuencia a las vacunas\u00bb ofrece una visi\u00f3n general de la actual crisis de antivacunas, los problemas implicados y las estrategias espec\u00edficas que se deben utilizar en el entorno cl\u00ednico para abordar la falta de confianza que muchos pacientes sienten hacia el sistema de salud. El cap\u00edtulo \u00abMetabol\u00f3mica\u00bb describe un nuevo e importante enfoque para medir las perturbaciones dentro de un sistema o paciente que probablemente se convertir\u00e1 en una parte rutinaria del arsenal cl\u00ednico para el diagn\u00f3stico, vigilancia y tratamiento de enfermedades.<br \/><br \/>Adem\u00e1s de estos y otros temas nuevos, la 21.a edici\u00f3n de Harrison. Principios de Medicina Interna presenta importantes actualizaciones en los cap\u00edtulos establecidos, como la microbiolog\u00eda y el tratamiento cl\u00ednico de la infecci\u00f3n por SARS-CoV-2, el uso de la edici\u00f3n gen\u00e9tica para la anemia drepanoc\u00edtica y la talasemia, la genoterapia para la hemofilia, las nuevas inmunoterapias para las enfermedades autoinmunitarias y los c\u00e1nceres, y enfoques novedosos para el desarrollo de vacunas, entre muchos otros. El enfoque de los editores en los temas de importancia cl\u00ednica emergente con perspectivas de futuro contin\u00faa con la serie de cap\u00edtulos titulada \u00abFronteras\u00bb, que anticipa una ciencia de vanguardia que cambiar\u00e1 la pr\u00e1ctica m\u00e9dica a corto plazo. Entre los ejemplos de nuevos cap\u00edtulos de Fronteras se incluyen \u00abAprendizaje autom\u00e1tico e inteligencia aumentada para la medicina cl\u00ednica\u00bb, \u00abMetabol\u00f3mica\u00bb, \u00abTrastornos de plegamiento de prote\u00ednas\u00bb y \u00abM\u00e9todos novedosos para las enfermedades de causa desconocida\u00bb.<br \/><br \/>Hay muchas personas a las que los autores desean agradecer por sus esfuerzos en la producci\u00f3n de esta obra. En primer lugar, los autores han realizado un excelente trabajo de producci\u00f3n de cap\u00edtulos autorizados que sintetizan enormes cantidades de datos cient\u00edficos y cl\u00ednicos para crear m\u00e9todos informativos y pr\u00e1cticos para el tratamiento de los pacientes. En el entorno actual, rico en informaci\u00f3n y en r\u00e1pida evoluci\u00f3n, se han asegurado de que esta informaci\u00f3n est\u00e9 actualizada. Estamos muy agradecidos con nuestros colegas que trabajan estrechamente con cada editor para facilitar la comunicaci\u00f3n con los autores y ayudarnos a mantener actualizado el contenido de Harrison. Principios de Medicina Interna. En particular, queremos reconocer el apoyo experto de Lauren Bauer, Patricia Conrad, Patricia L. Duffey, Gregory K. Folkers, Julie B. McCoy, Elizabeth Robbins, Marie Scurti y Stephanie C. Tribuna. Scott Grillo y James Shanahan, nuestros socios desde hace mucho tiempo en McGraw Hill\u00bb\u00bbs Professional Publishing group, han inspirado la evoluci\u00f3n creativa y din\u00e1mica de Harrison. Principios de Medicina Interna, guiando el desarrollo del libro y sus productos relacionados en nuevos formatos. Kim Davis, como editor gerente, ha asegurado que la producci\u00f3n compleja de esta obra, en la que participan varios autores se llevara a cabo en forma organizada y eficiente Priscilla Beer supervis\u00f3 la producci\u00f3n de los v\u00eddeos y animaciones tambi\u00e9n participaron Jeffrey Herzich, Elleanore Waka, Rachel Norton, junto con otros miembros del personal de McGraw Hill Margarita Valdez supervis\u00f3 el desarrollo de la edici\u00f3n en espa\u00f1ol M&amp;N Medical Solutrad S.A de C.V realiz\u00f3 el desarrollo editorial en espa\u00f1ol Straive digiri\u00f3 la producci\u00f3n digital en espa\u00f1ol de esta nueva edici\u00f3n.<br \/><br \/>Tenemos el privilegio de haber compilado esta 21 edici\u00f3n y estamos entusiasmados con todo lo que ofrece a nuestros lectores. Hemos aprendido mucho en el proceso de edici\u00f3n de Harrison. Principios de Medicina Interna y esperamos que esta edici\u00f3n sea de valor \u00fanico como un recurso cl\u00ednico y educativo.<\/p>\t\t\t\t\t\t\t\t<\/div>\n\t\t\t\t<\/div>\n\t\t\t\t\t<\/div>\n\t\t\t\t<\/div>\n\t\t\t\t<\/div>\n\t\t","protected":false},"excerpt":{"rendered":"<p><strong>Autores:<\/strong> LOSCALZO JOSEPH<br \/>\n<strong>ISBN: <\/strong>9786071518026<br \/>\n<strong>Editorial:<\/strong> McGraw-Hill<br \/>\n<strong>Edici\u00f3n:<\/strong> 21\u00aa<br \/>\n<strong>Especialidad<\/strong>: Medicina Interna<br \/>\n<strong>P\u00e1ginas<\/strong>: 4404<\/p>\n<p>\u00a9 2023<\/p>\n","protected":false},"featured_media":17765,"comment_status":"open","ping_status":"closed","template":"","meta":{"_joinchat":[]},"product_cat":[150],"product_tag":[99,151],"class_list":{"0":"post-17764","1":"product","2":"type-product","3":"status-publish","4":"has-post-thumbnail","6":"product_cat-medicina-interna","7":"product_tag-mcgraw-hill","8":"product_tag-medicina-interna","10":"first","11":"instock","12":"featured","13":"taxable","14":"shipping-taxable","15":"purchasable","16":"product-type-simple"},"_links":{"self":[{"href":"https:\/\/edimeinter.com\/libreria\/wp-json\/wp\/v2\/product\/17764","targetHints":{"allow":["GET"]}}],"collection":[{"href":"https:\/\/edimeinter.com\/libreria\/wp-json\/wp\/v2\/product"}],"about":[{"href":"https:\/\/edimeinter.com\/libreria\/wp-json\/wp\/v2\/types\/product"}],"replies":[{"embeddable":true,"href":"https:\/\/edimeinter.com\/libreria\/wp-json\/wp\/v2\/comments?post=17764"}],"version-history":[{"count":7,"href":"https:\/\/edimeinter.com\/libreria\/wp-json\/wp\/v2\/product\/17764\/revisions"}],"predecessor-version":[{"id":17807,"href":"https:\/\/edimeinter.com\/libreria\/wp-json\/wp\/v2\/product\/17764\/revisions\/17807"}],"wp:featuredmedia":[{"embeddable":true,"href":"https:\/\/edimeinter.com\/libreria\/wp-json\/wp\/v2\/media\/17765"}],"wp:attachment":[{"href":"https:\/\/edimeinter.com\/libreria\/wp-json\/wp\/v2\/media?parent=17764"}],"wp:term":[{"taxonomy":"product_cat","embeddable":true,"href":"https:\/\/edimeinter.com\/libreria\/wp-json\/wp\/v2\/product_cat?post=17764"},{"taxonomy":"product_tag","embeddable":true,"href":"https:\/\/edimeinter.com\/libreria\/wp-json\/wp\/v2\/product_tag?post=17764"}],"curies":[{"name":"wp","href":"https:\/\/api.w.org\/{rel}","templated":true}]}}