{"id":17770,"date":"2026-01-11T19:31:28","date_gmt":"2026-01-11T19:31:28","guid":{"rendered":"https:\/\/edimeinter.com\/libreria\/?post_type=product&#038;p=17770"},"modified":"2026-01-12T18:32:30","modified_gmt":"2026-01-12T18:32:30","slug":"manual-de-formulas-y-tablas-para-intervencion-nutriologica-4-edic","status":"publish","type":"product","link":"https:\/\/edimeinter.com\/libreria\/product\/manual-de-formulas-y-tablas-para-intervencion-nutriologica-4-edic\/","title":{"rendered":"Manual de F\u00f3rmulas y Tablas para Intervenci\u00f3n Nutriol\u00f3gica 4\u00aa Ed."},"content":{"rendered":"\t\t<div data-elementor-type=\"wp-post\" data-elementor-id=\"17770\" class=\"elementor elementor-17770\">\n\t\t\t\t<div class=\"elementor-element elementor-element-2612b12 e-flex e-con-boxed e-con e-parent\" data-id=\"2612b12\" data-element_type=\"container\" data-e-type=\"container\">\n\t\t\t\t\t<div class=\"e-con-inner\">\n\t\t\n\t\t<div class=\"elementor-element elementor-element-498707ae elementor-widget elementor-widget-text-editor\" data-id=\"498707ae\" data-element_type=\"widget\" data-e-type=\"widget\" data-widget_type=\"text-editor.default\">\n\t\t\t\t<div class=\"elementor-widget-container\">\n\t\t\t\t\t\t\t\t\t<p>En esta cuarta edici\u00f3n, se modifica lo relativo a las Normas Oficias Mexicanas, debido a las actualizaciones correspondientes publicadas en el Diario Oficial de la Federaci\u00f3n: se actualizan algunas de las tablas de referencia y de interpretaci\u00f3n relativas al diagn\u00f3stico de hipertensi\u00f3n, de diabetes mellitus y del s\u00edndrome metab\u00f3lico: se Incluye el indicador antropom\u00e9trico masa grasa relativa: se actualiza la ingesti\u00f3n diaria sugerida de vitamina D para la poblaci\u00f3n mexicana: y se agrega una guia destinada a apoyar las acciones de explicaci\u00f3n del uso del etiquetado nutrimental, establecido en la Norma Oficial Mexicana NOM-051-SCFI\/SSA1-2010.<\/p><p>Estos aspectos contribuyen a fortalece la nueva edici\u00f3n de esta obra de consulta y la convierten en una herramienta esencial pare el docente en su labor de ense\u00f1anza, para el estudiante en su proceso de aprendizaje, para el investigador en la elecci\u00f3n de su m\u00e9todo y para el nutri\u00f3logo en su practica profesional.<\/p>\t\t\t\t\t\t\t\t<\/div>\n\t\t\t\t<\/div>\n\t\t\t\t\t<\/div>\n\t\t\t\t<\/div>\n\t\t\t\t<\/div>\n\t\t","protected":false},"excerpt":{"rendered":"<p><strong>Autores:<\/strong> PALAFOX MARIA<br \/>\n<strong>ISBN: <\/strong>9786071515384<br \/>\n<strong>Editorial:<\/strong> McGraw-Hill<br \/>\n<strong>Edici\u00f3n:<\/strong> 4\u00aa<br \/>\n<strong>Especialidad<\/strong>: Nutrici\u00f3n y Dietoterapia<br \/>\n<strong>P\u00e1ginas<\/strong>: 458<\/p>\n<p>\u00a9 2021<\/p>\n","protected":false},"featured_media":17771,"comment_status":"open","ping_status":"closed","template":"","meta":{"_joinchat":[]},"product_cat":[106],"product_tag":[99,107],"class_list":{"0":"post-17770","1":"product","2":"type-product","3":"status-publish","4":"has-post-thumbnail","6":"product_cat-nutricion-y-dietoterapia","7":"product_tag-mcgraw-hill","8":"product_tag-nutricion-y-dietoterapia","10":"first","11":"instock","12":"featured","13":"taxable","14":"shipping-taxable","15":"purchasable","16":"product-type-simple"},"_links":{"self":[{"href":"https:\/\/edimeinter.com\/libreria\/wp-json\/wp\/v2\/product\/17770","targetHints":{"allow":["GET"]}}],"collection":[{"href":"https:\/\/edimeinter.com\/libreria\/wp-json\/wp\/v2\/product"}],"about":[{"href":"https:\/\/edimeinter.com\/libreria\/wp-json\/wp\/v2\/types\/product"}],"replies":[{"embeddable":true,"href":"https:\/\/edimeinter.com\/libreria\/wp-json\/wp\/v2\/comments?post=17770"}],"version-history":[{"count":6,"href":"https:\/\/edimeinter.com\/libreria\/wp-json\/wp\/v2\/product\/17770\/revisions"}],"predecessor-version":[{"id":17808,"href":"https:\/\/edimeinter.com\/libreria\/wp-json\/wp\/v2\/product\/17770\/revisions\/17808"}],"wp:featuredmedia":[{"embeddable":true,"href":"https:\/\/edimeinter.com\/libreria\/wp-json\/wp\/v2\/media\/17771"}],"wp:attachment":[{"href":"https:\/\/edimeinter.com\/libreria\/wp-json\/wp\/v2\/media?parent=17770"}],"wp:term":[{"taxonomy":"product_cat","embeddable":true,"href":"https:\/\/edimeinter.com\/libreria\/wp-json\/wp\/v2\/product_cat?post=17770"},{"taxonomy":"product_tag","embeddable":true,"href":"https:\/\/edimeinter.com\/libreria\/wp-json\/wp\/v2\/product_tag?post=17770"}],"curies":[{"name":"wp","href":"https:\/\/api.w.org\/{rel}","templated":true}]}}