{"id":17782,"date":"2026-01-11T19:45:07","date_gmt":"2026-01-11T19:45:07","guid":{"rendered":"https:\/\/edimeinter.com\/libreria\/?post_type=product&#038;p=17782"},"modified":"2026-03-06T18:32:33","modified_gmt":"2026-03-06T18:32:33","slug":"anatomia-y-fisiologia-la-unidad-entre-forma-y-funcion-9-edic","status":"publish","type":"product","link":"https:\/\/edimeinter.com\/libreria\/product\/anatomia-y-fisiologia-la-unidad-entre-forma-y-funcion-9-edic\/","title":{"rendered":"Anatom\u00eda y Fisiolog\u00eda. La Unidad entre Forma y Funci\u00f3n. 9\u00aa Ed."},"content":{"rendered":"\t\t<div data-elementor-type=\"wp-post\" data-elementor-id=\"17782\" class=\"elementor elementor-17782\">\n\t\t\t\t\n<div class=\"elementor-element elementor-element-2612b12 e-flex e-con-boxed e-con e-parent\" data-id=\"2612b12\" data-element_type=\"container\" data-e-type=\"container\">\n\t\t\t\t\t<div class=\"e-con-inner\">\n\t\t\n\t\t<div class=\"elementor-element elementor-element-498707ae elementor-widget elementor-widget-text-editor\" data-id=\"498707ae\" data-element_type=\"widget\" data-e-type=\"widget\" data-widget_type=\"text-editor.default\">\n\t\t\t\t<div class=\"elementor-widget-container\">\n\t\t\t\t\t\t\t\t\t<p>Este importante libro de texto combina est\u00e9ticas descripciones de laanatom\u00eda humana y los procesos fisiol\u00f3gicos, con aplicaciones cl\u00ednicascuidadosamente seleccionadas y relatos fascinantes acerca de la historia de lamedicina y la medicina evolutiva para crear una narrativa holista sobre elcuerpo humano.\u00a0Contiene herramientas de aprendizaje que ayudan a losestudiantes a identificar y retener los conceptos clave, mientras que elimpresionante dise\u00f1o visual ofrece una visi\u00f3n realista de las estructuras y losprocesos del cuerpo<\/p><p>Anatom\u00eda y fisiolog\u00eda. La unidad entre forma y funci\u00f3n combina est\u00e9ticas descripciones de la anatom\u00eda humana y los procesos fisiol\u00f3gicos con aplicaciones cl\u00ednicas cuidadosamente seleccionadas y relatos fascinantes acerca de la historia de la medicina y la medicina evolutiva para crear una narrativa integral sobre el cuerpo humano. Esta edici\u00f3n se ha mejorado con una completa integraci\u00f3n del texto con s\u00f3lidas herramientas de aprendizaje que ayudan a manejar la gran cantidad de informaci\u00f3n de este curso introductorio. El texto se divide en segmentos cortos, cada uno enmarcado por los objetivos de aprendizaje y preguntas de revisi\u00f3n y autoevaluaci\u00f3n. Esta estrategia de trabajo funciona como un todo al crear un m\u00e9todo m\u00e1s eficiente para apoyar a los estudiantes a Identificar y retener los conceptos clave. El contenido de esta nueva edici\u00f3n se basa en la literatura reciente y en conferencias cient\u00edficas a las que asisti\u00f3 el autor para actualizar diversos temas que incluyen, entre otros. t\u00e9cnicas de im\u00e1genes moleculares, vasculares y cerebrales; comportamiento de los peroxisomas y las mitocondrias, as\u00ed como la respuesta al da\u00f1o del ADN.<\/p><p>Este texto combina la perspectiva humanista sobre la anatom\u00eda y la fisiolog\u00eda con fotograf\u00edas vibrantes e ilustraciones que transmiten la belleza de un tema fascinante a los alumnos principiantes.<\/p>\t\t\t\t\t\t\t\t<\/div>\n\t\t\t\t<\/div>\n\t\t\t\t\t<\/div>\n\t\t\t\t<\/div>\n\t\t\t\t<\/div>\n\t\t","protected":false},"excerpt":{"rendered":"<p><strong>Autores:<\/strong> Kenneth S. Saladin<br \/>\n<strong>ISBN: <\/strong>9786071515353<br \/>\n<strong>Editorial:<\/strong> McGraw-Hill<br \/>\n<strong>Edici\u00f3n:<\/strong> 9\u00aa<br \/>\n<strong>Especialidad<\/strong>: Anatom\u00eda<br \/>\n<strong>P\u00e1ginas<\/strong>: 1110<\/p>\n<p>\u00a9 2021<\/p>\n","protected":false},"featured_media":17783,"comment_status":"open","ping_status":"closed","template":"","meta":{"_joinchat":[]},"product_cat":[100],"product_tag":[101,99],"class_list":{"0":"post-17782","1":"product","2":"type-product","3":"status-publish","4":"has-post-thumbnail","6":"product_cat-anatomia","7":"product_tag-anatomia","8":"product_tag-mcgraw-hill","10":"first","11":"outofstock","12":"featured","13":"taxable","14":"shipping-taxable","15":"purchasable","16":"product-type-simple"},"_links":{"self":[{"href":"https:\/\/edimeinter.com\/libreria\/wp-json\/wp\/v2\/product\/17782","targetHints":{"allow":["GET"]}}],"collection":[{"href":"https:\/\/edimeinter.com\/libreria\/wp-json\/wp\/v2\/product"}],"about":[{"href":"https:\/\/edimeinter.com\/libreria\/wp-json\/wp\/v2\/types\/product"}],"replies":[{"embeddable":true,"href":"https:\/\/edimeinter.com\/libreria\/wp-json\/wp\/v2\/comments?post=17782"}],"version-history":[{"count":6,"href":"https:\/\/edimeinter.com\/libreria\/wp-json\/wp\/v2\/product\/17782\/revisions"}],"predecessor-version":[{"id":17810,"href":"https:\/\/edimeinter.com\/libreria\/wp-json\/wp\/v2\/product\/17782\/revisions\/17810"}],"wp:featuredmedia":[{"embeddable":true,"href":"https:\/\/edimeinter.com\/libreria\/wp-json\/wp\/v2\/media\/17783"}],"wp:attachment":[{"href":"https:\/\/edimeinter.com\/libreria\/wp-json\/wp\/v2\/media?parent=17782"}],"wp:term":[{"taxonomy":"product_cat","embeddable":true,"href":"https:\/\/edimeinter.com\/libreria\/wp-json\/wp\/v2\/product_cat?post=17782"},{"taxonomy":"product_tag","embeddable":true,"href":"https:\/\/edimeinter.com\/libreria\/wp-json\/wp\/v2\/product_tag?post=17782"}],"curies":[{"name":"wp","href":"https:\/\/api.w.org\/{rel}","templated":true}]}}