{"id":17848,"date":"2026-03-17T22:31:20","date_gmt":"2026-03-17T22:31:20","guid":{"rendered":"https:\/\/edimeinter.com\/libreria\/?post_type=product&#038;p=17848"},"modified":"2026-03-30T20:42:32","modified_gmt":"2026-03-30T20:42:32","slug":"manual-de-tc-de-urgencia-serie-manuales-incluye-ebook","status":"publish","type":"product","link":"https:\/\/edimeinter.com\/libreria\/product\/manual-de-tc-de-urgencia-serie-manuales-incluye-ebook\/","title":{"rendered":"Manual de TC de Urgencia &#8211; Serie Manuales. Incluye eBook"},"content":{"rendered":"\t\t<div data-elementor-type=\"wp-post\" data-elementor-id=\"17848\" class=\"elementor elementor-17848\">\n\t\t\t\t<div class=\"elementor-element elementor-element-2612b12 e-flex e-con-boxed e-con e-parent\" data-id=\"2612b12\" data-element_type=\"container\" data-e-type=\"container\">\n\t\t\t\t\t<div class=\"e-con-inner\">\n\t\t\n\t\t<div class=\"elementor-element elementor-element-498707ae elementor-widget elementor-widget-text-editor\" data-id=\"498707ae\" data-element_type=\"widget\" data-e-type=\"widget\" data-widget_type=\"text-editor.default\">\n\t\t\t\t<div class=\"elementor-widget-container\">\n\t\t\t\t\t\t\t\t\t<p>La mayor parte de la obra se destina a repasar aspectos generales y tomogr\u00e1ficos de las principales patolog\u00edas de presentaci\u00f3n aguda (apendicitis aguda, peridiverticulitis aguda, litiasis ureteral, tromboembolismo pulmonar, disecci\u00f3n a\u00f3rtica, traumatismos, etc.), as\u00ed como sus complicaciones m\u00e1s frecuentes (absceso periapendicular o peridiverticular, \u00edleo biliar, necrosis pancre\u00e1tica, etc.). Tambi\u00e9n se abordan procesos de evoluci\u00f3n cr\u00f3nica, que en ocasiones pueden manifestar sintomatolog\u00eda aguda (tumores cerebrales, sinusitis e hipertrofia amigdalina, enfermedad de Crohn, etc.), as\u00ed como ciertas entidades patol\u00f3gicas de urgencia, que si bien se manifiestan con poca frecuencia se caracterizan por presentar hallazgos tomogr\u00e1ficos espec\u00edficos (neumon\u00eda lipoidea ex\u00f3gena, bezoares del tracto gastrointestinal, etc.).<\/p><p>\u00bfCu\u00e1ndo hacer una TC, c\u00f3mo y qu\u00e9 informaci\u00f3n ofrece? \u00bfQu\u00e9 indican los hallazgos? Conciso y ampliamente ilustrado, Manual de TC de urgencias es la nueva obra de referencia para los radi\u00f3logos y emergent\u00f3logos.<\/p>\t\t\t\t\t\t\t\t<\/div>\n\t\t\t\t<\/div>\n\t\t\t\t\t<\/div>\n\t\t\t\t<\/div>\n\t\t\t\t<\/div>\n\t\t","protected":false},"excerpt":{"rendered":"<p><strong>Autores:<\/strong> Jorge Ahualli<br \/>\n<strong>ISBN:<\/strong>9789871259717<br \/>\n<strong>Editorial:<\/strong> Ediciones Journal<br \/>\n<strong>Edici\u00f3n:<\/strong> 1\u00aa<br \/>\n<strong>Especialidad<\/strong>: Diagnostico por im\u00e1genes<br \/>\n<strong>P\u00e1ginas<\/strong>: 448<\/p>\n<p>\u00a9 2012 R 2025<\/p>\n","protected":false},"featured_media":17850,"comment_status":"open","ping_status":"closed","template":"","meta":{"_joinchat":[]},"product_cat":[80],"product_tag":[239,81,110],"class_list":{"0":"post-17848","1":"product","2":"type-product","3":"status-publish","4":"has-post-thumbnail","6":"product_cat-diagnostico-por-imagenes","7":"product_tag-239","8":"product_tag-diagnostico-por-imagenes","9":"product_tag-ediciones-journal","11":"first","12":"instock","13":"featured","14":"taxable","15":"shipping-taxable","16":"purchasable","17":"product-type-simple"},"_links":{"self":[{"href":"https:\/\/edimeinter.com\/libreria\/wp-json\/wp\/v2\/product\/17848","targetHints":{"allow":["GET"]}}],"collection":[{"href":"https:\/\/edimeinter.com\/libreria\/wp-json\/wp\/v2\/product"}],"about":[{"href":"https:\/\/edimeinter.com\/libreria\/wp-json\/wp\/v2\/types\/product"}],"replies":[{"embeddable":true,"href":"https:\/\/edimeinter.com\/libreria\/wp-json\/wp\/v2\/comments?post=17848"}],"version-history":[{"count":5,"href":"https:\/\/edimeinter.com\/libreria\/wp-json\/wp\/v2\/product\/17848\/revisions"}],"predecessor-version":[{"id":17861,"href":"https:\/\/edimeinter.com\/libreria\/wp-json\/wp\/v2\/product\/17848\/revisions\/17861"}],"wp:featuredmedia":[{"embeddable":true,"href":"https:\/\/edimeinter.com\/libreria\/wp-json\/wp\/v2\/media\/17850"}],"wp:attachment":[{"href":"https:\/\/edimeinter.com\/libreria\/wp-json\/wp\/v2\/media?parent=17848"}],"wp:term":[{"taxonomy":"product_cat","embeddable":true,"href":"https:\/\/edimeinter.com\/libreria\/wp-json\/wp\/v2\/product_cat?post=17848"},{"taxonomy":"product_tag","embeddable":true,"href":"https:\/\/edimeinter.com\/libreria\/wp-json\/wp\/v2\/product_tag?post=17848"}],"curies":[{"name":"wp","href":"https:\/\/api.w.org\/{rel}","templated":true}]}}