{"id":17855,"date":"2026-03-17T22:45:21","date_gmt":"2026-03-17T22:45:21","guid":{"rendered":"https:\/\/edimeinter.com\/libreria\/?post_type=product&#038;p=17855"},"modified":"2026-03-30T20:41:58","modified_gmt":"2026-03-30T20:41:58","slug":"rm-de-cuerpo-serie-manuales-vol-1-incluye-ebook","status":"publish","type":"product","link":"https:\/\/edimeinter.com\/libreria\/product\/rm-de-cuerpo-serie-manuales-vol-1-incluye-ebook\/","title":{"rendered":"RM de cuerpo (Serie Manuales) Vol 1. Incluye eBook"},"content":{"rendered":"\t\t<div data-elementor-type=\"wp-post\" data-elementor-id=\"17855\" class=\"elementor elementor-17855\">\n\t\t\t\t<div class=\"elementor-element elementor-element-2612b12 e-flex e-con-boxed e-con e-parent\" data-id=\"2612b12\" data-element_type=\"container\" data-e-type=\"container\">\n\t\t\t\t\t<div class=\"e-con-inner\">\n\t\t\n\t\t<div class=\"elementor-element elementor-element-498707ae elementor-widget elementor-widget-text-editor\" data-id=\"498707ae\" data-element_type=\"widget\" data-e-type=\"widget\" data-widget_type=\"text-editor.default\">\n\t\t\t\t<div class=\"elementor-widget-container\">\n\t\t\t\t\t\t\t\t\t<p>El manual RM DE CUERPO es una obra en dos vol\u00famenes que ofrece informaci\u00f3n de diversos temas generales acerca de la\u00a0resonancia magn\u00e9tica (hardware, principios generales de la formaci\u00f3n de la imagen, principales secuencias, medios de contraste en RM, artefactos, etc.), y aborda m\u00e1s de 380 procesos patol\u00f3gicos del abdomen y de la pelvis. En cada volumen se detallan,\u00a0de manera pr\u00e1ctica y sencilla, los aspectos cl\u00ednicos generales de las distintas enfermedades y los principales hallazgos en las\u00a0secuencias m\u00e1s elementales de la resonancia magn\u00e9tica, acompa\u00f1ados de una gran cantidad de im\u00e1genes.<\/p><p>\u00a0<\/p><p>\u2022 Volumen 1 | Abdomen y gastrointestinal incluye temas generales de la resonancia magn\u00e9tica y m\u00e1s de 190 entidades que\u00a0comprometen al sistema hepato-bilio-pancre\u00e1tico (h\u00edgado, ves\u00edcula y v\u00eda biliar, p\u00e1ncreas y bazo), a la pared abd\u00f3mino-pelviana, a la cavidad abdominal con sus espacios anat\u00f3micos (mesenterio, peritoneo y retroperitoneo), y al tracto gastrointestinal (es\u00f3fago, est\u00f3mago, duodeno, intestino delgado, intestino grueso, recto y ano).Volumen 2 | Adrenal y genitorurinario<\/p><p>\u00a0<br \/>RM DE CUERPO est\u00e1 dirigido especialmente a m\u00e9dicos en formaci\u00f3n en Diagn\u00f3stico por Im\u00e1genes (residentes y fellows) y\u00a0m\u00e9dicos radi\u00f3logos en ejercicio con especial inter\u00e9s en resonancia magn\u00e9tica corporal.<\/p><p><br \/>Disponible como obra completa en dos vol\u00famenes o por volumen separado. Esta edici\u00f3n incluye ebook. Disponible tambi\u00e9n en versi\u00f3n solo eBook.<\/p>\t\t\t\t\t\t\t\t<\/div>\n\t\t\t\t<\/div>\n\t\t\t\t\t<\/div>\n\t\t\t\t<\/div>\n\t\t\t\t<\/div>\n\t\t","protected":false},"excerpt":{"rendered":"<p><strong>Autores:<\/strong> Jorge Ahualli<br \/>\n<strong>ISBN: <\/strong>9786319090901<br \/>\n<strong>Editorial:<\/strong> Ediciones Journal<br \/>\n<strong>Edici\u00f3n:<\/strong> 1\u00aa<br \/>\n<strong>Especialidad<\/strong>: Diagnostico por im\u00e1genes<br \/>\n<strong>P\u00e1ginas<\/strong>: 410<\/p>\n<p>\u00a9 2025<\/p>\n","protected":false},"featured_media":17856,"comment_status":"open","ping_status":"closed","template":"","meta":{"_joinchat":[]},"product_cat":[80],"product_tag":[239,81,110],"class_list":{"0":"post-17855","1":"product","2":"type-product","3":"status-publish","4":"has-post-thumbnail","6":"product_cat-diagnostico-por-imagenes","7":"product_tag-239","8":"product_tag-diagnostico-por-imagenes","9":"product_tag-ediciones-journal","11":"first","12":"instock","13":"featured","14":"taxable","15":"shipping-taxable","16":"purchasable","17":"product-type-simple"},"_links":{"self":[{"href":"https:\/\/edimeinter.com\/libreria\/wp-json\/wp\/v2\/product\/17855","targetHints":{"allow":["GET"]}}],"collection":[{"href":"https:\/\/edimeinter.com\/libreria\/wp-json\/wp\/v2\/product"}],"about":[{"href":"https:\/\/edimeinter.com\/libreria\/wp-json\/wp\/v2\/types\/product"}],"replies":[{"embeddable":true,"href":"https:\/\/edimeinter.com\/libreria\/wp-json\/wp\/v2\/comments?post=17855"}],"version-history":[{"count":4,"href":"https:\/\/edimeinter.com\/libreria\/wp-json\/wp\/v2\/product\/17855\/revisions"}],"predecessor-version":[{"id":17860,"href":"https:\/\/edimeinter.com\/libreria\/wp-json\/wp\/v2\/product\/17855\/revisions\/17860"}],"wp:featuredmedia":[{"embeddable":true,"href":"https:\/\/edimeinter.com\/libreria\/wp-json\/wp\/v2\/media\/17856"}],"wp:attachment":[{"href":"https:\/\/edimeinter.com\/libreria\/wp-json\/wp\/v2\/media?parent=17855"}],"wp:term":[{"taxonomy":"product_cat","embeddable":true,"href":"https:\/\/edimeinter.com\/libreria\/wp-json\/wp\/v2\/product_cat?post=17855"},{"taxonomy":"product_tag","embeddable":true,"href":"https:\/\/edimeinter.com\/libreria\/wp-json\/wp\/v2\/product_tag?post=17855"}],"curies":[{"name":"wp","href":"https:\/\/api.w.org\/{rel}","templated":true}]}}