{"id":17874,"date":"2026-03-17T23:09:14","date_gmt":"2026-03-17T23:09:14","guid":{"rendered":"https:\/\/edimeinter.com\/libreria\/?post_type=product&#038;p=17874"},"modified":"2026-03-17T23:13:49","modified_gmt":"2026-03-17T23:13:49","slug":"diagnostico-por-imagenes-del-sistema-musculoesqueletico-incluye-ebook","status":"publish","type":"product","link":"https:\/\/edimeinter.com\/libreria\/product\/diagnostico-por-imagenes-del-sistema-musculoesqueletico-incluye-ebook\/","title":{"rendered":"Diagn\u00f3stico por Im\u00e1genes del sistema musculoesquel\u00e9tico. Incluye eBook"},"content":{"rendered":"\t\t<div data-elementor-type=\"wp-post\" data-elementor-id=\"17874\" class=\"elementor elementor-17874\">\n\t\t\t\t<div class=\"elementor-element elementor-element-2612b12 e-flex e-con-boxed e-con e-parent\" data-id=\"2612b12\" data-element_type=\"container\" data-e-type=\"container\">\n\t\t\t\t\t<div class=\"e-con-inner\">\n\t\t\n\t\t<div class=\"elementor-element elementor-element-498707ae elementor-widget elementor-widget-text-editor\" data-id=\"498707ae\" data-element_type=\"widget\" data-e-type=\"widget\" data-widget_type=\"text-editor.default\">\n\t\t\t\t<div class=\"elementor-widget-container\">\n\t\t\t\t\t\t\t\t\t<p>En cada volumen se presentan inicialmente las im\u00e1genes y los datos cl\u00ednicos claves de cada caso, lo que permite al lector ensayar un diagn\u00f3stico presuntivo. Posteriormente, se ofrece el diagn\u00f3stico final acompa\u00f1ado de una discusi\u00f3n minuciosa, documentada con bibliograf\u00eda actualizada. Se trata de una serie de lectura \u00e1gil y amena, y con un enorme valor did\u00e1ctico.<\/p><p>Diagn\u00f3stico por im\u00e1genes del sistema musculoesquel\u00e9tico es el tercer volumen de la serie. Aborda la patolog\u00eda \u00f3sea, articular, muscular y de los tejidos blandos, que incluyen ligamentos y tendones, con el uso coordinado de una variedad de t\u00e9cnicas de imagen, que han evolucionado por el desarrollo de nuevas tecnolog\u00edas. Est\u00e1 dirigido a estudiantes de medicina, residentes de radiolog\u00eda, traumat\u00f3logos, ortopedistas, internistas, radi\u00f3logos y especialistas en resonancia magn\u00e9tica y ultrasonido del sistema musculoesquel\u00e9tico.<\/p><p>Esta edici\u00f3n incluye eBook. Disponible tambi\u00e9n en versi\u00f3n solo eBook<\/p>\t\t\t\t\t\t\t\t<\/div>\n\t\t\t\t<\/div>\n\t\t\t\t\t<\/div>\n\t\t\t\t<\/div>\n\t\t\t\t<\/div>\n\t\t","protected":false},"excerpt":{"rendered":"<p><strong>Autores:<\/strong> Kenji Kimura Fujikami, Jos\u00e9 Luis Criales Cort\u00e9s<br \/>\n<strong>ISBN:<\/strong>9789878452272<br \/>\n<strong>Editorial:<\/strong> Ediciones Journal<br \/>\n<strong>Edici\u00f3n:<\/strong> 1\u00aa<br \/>\n<strong>Especialidad<\/strong>: Diagnostico por im\u00e1genes<br \/>\n<strong>P\u00e1ginas<\/strong>: 394<\/p>\n<p>\u00a9 2022<\/p>\n","protected":false},"featured_media":17875,"comment_status":"open","ping_status":"closed","template":"","meta":{"_joinchat":[]},"product_cat":[80],"product_tag":[81,110],"class_list":{"0":"post-17874","1":"product","2":"type-product","3":"status-publish","4":"has-post-thumbnail","6":"product_cat-diagnostico-por-imagenes","7":"product_tag-diagnostico-por-imagenes","8":"product_tag-ediciones-journal","10":"first","11":"instock","12":"featured","13":"taxable","14":"shipping-taxable","15":"purchasable","16":"product-type-simple"},"_links":{"self":[{"href":"https:\/\/edimeinter.com\/libreria\/wp-json\/wp\/v2\/product\/17874","targetHints":{"allow":["GET"]}}],"collection":[{"href":"https:\/\/edimeinter.com\/libreria\/wp-json\/wp\/v2\/product"}],"about":[{"href":"https:\/\/edimeinter.com\/libreria\/wp-json\/wp\/v2\/types\/product"}],"replies":[{"embeddable":true,"href":"https:\/\/edimeinter.com\/libreria\/wp-json\/wp\/v2\/comments?post=17874"}],"version-history":[{"count":4,"href":"https:\/\/edimeinter.com\/libreria\/wp-json\/wp\/v2\/product\/17874\/revisions"}],"predecessor-version":[{"id":17879,"href":"https:\/\/edimeinter.com\/libreria\/wp-json\/wp\/v2\/product\/17874\/revisions\/17879"}],"wp:featuredmedia":[{"embeddable":true,"href":"https:\/\/edimeinter.com\/libreria\/wp-json\/wp\/v2\/media\/17875"}],"wp:attachment":[{"href":"https:\/\/edimeinter.com\/libreria\/wp-json\/wp\/v2\/media?parent=17874"}],"wp:term":[{"taxonomy":"product_cat","embeddable":true,"href":"https:\/\/edimeinter.com\/libreria\/wp-json\/wp\/v2\/product_cat?post=17874"},{"taxonomy":"product_tag","embeddable":true,"href":"https:\/\/edimeinter.com\/libreria\/wp-json\/wp\/v2\/product_tag?post=17874"}],"curies":[{"name":"wp","href":"https:\/\/api.w.org\/{rel}","templated":true}]}}