{"id":17880,"date":"2026-03-17T23:15:27","date_gmt":"2026-03-17T23:15:27","guid":{"rendered":"https:\/\/edimeinter.com\/libreria\/?post_type=product&#038;p=17880"},"modified":"2026-03-30T20:39:55","modified_gmt":"2026-03-30T20:39:55","slug":"diagnostico-por-imagenes-de-la-patologia-pulmonar-incluye-ebook","status":"publish","type":"product","link":"https:\/\/edimeinter.com\/libreria\/product\/diagnostico-por-imagenes-de-la-patologia-pulmonar-incluye-ebook\/","title":{"rendered":"Diagn\u00f3stico por im\u00e1genes de la patolog\u00eda pulmonar. Incluye eBook"},"content":{"rendered":"\t\t<div data-elementor-type=\"wp-post\" data-elementor-id=\"17880\" class=\"elementor elementor-17880\">\n\t\t\t\t<div class=\"elementor-element elementor-element-2612b12 e-flex e-con-boxed e-con e-parent\" data-id=\"2612b12\" data-element_type=\"container\" data-e-type=\"container\">\n\t\t\t\t\t<div class=\"e-con-inner\">\n\t\t\n\t\t<div class=\"elementor-element elementor-element-498707ae elementor-widget elementor-widget-text-editor\" data-id=\"498707ae\" data-element_type=\"widget\" data-e-type=\"widget\" data-widget_type=\"text-editor.default\">\n\t\t\t\t<div class=\"elementor-widget-container\">\n\t\t\t\t\t\t\t\t\t<p>La serie de libros del Dr. Kenji Kimura ofrece una selecci\u00f3n de los casos cl\u00ednicos radiol\u00f3gicos recopilados durante sus m\u00e1s de 40 a\u00f1os de pr\u00e1ctica profesional. Los casos se encuentran distribuidos al azar \u2014como ocurre en la pr\u00e1ctica diaria\u2014 y presentan diferentes grados de dificultad: desde los m\u00e1s sencillos hasta los que requieren de experiencia y sagacidad para descubrir signos y hallazgos sutiles a la hora de arribar a un diagn\u00f3stico. En cada volumen se presentan inicialmente las im\u00e1genes y los datos cl\u00ednicos claves de cada caso, lo que permite al lector ensayar un diagn\u00f3stico presuntivo. Posteriormente, se ofrece el diagn\u00f3stico final acompa\u00f1ado de una discusi\u00f3n minuciosa, documentada con bibliograf\u00eda actualizada. Se trata de una serie de lectura \u00e1gil y amena, y con un enorme valor did\u00e1ctico.<br \/><br \/>Diagn\u00f3stico por im\u00e1genes de la patolog\u00eda pulmonar es el cuarto volumen de la serie. Aborda la patolog\u00eda pulmonar y pleural desde los diferentes m\u00e9todos de imagen: telerradiograf\u00eda de t\u00f3rax, tomograf\u00eda computarizada y de alta resoluci\u00f3n para pulm\u00f3n, resonancia magn\u00e9tica y PET\/TC. El libro est\u00e1 dirigido a estudiantes de medicina, residentes de radiolog\u00eda y neumolog\u00eda, m\u00e9dicos especialistas de estas ramas y m\u00e9dicos internistas.<br \/><br \/>Esta edici\u00f3n incluye eBook. Disponible tambi\u00e9n en versi\u00f3n solo eBook<\/p>\t\t\t\t\t\t\t\t<\/div>\n\t\t\t\t<\/div>\n\t\t\t\t\t<\/div>\n\t\t\t\t<\/div>\n\t\t\t\t<\/div>\n\t\t","protected":false},"excerpt":{"rendered":"<p><strong>Autores:<\/strong> Gustavo Emilio Saravia Rivera, Eric Takehiro Kimura Hayama, Mary Carmen Herrera Zarza, Kenji Kimura Fujikami, Jos\u00e9 Luis Criales Cort\u00e9s<br \/>\n<strong>ISBN:<\/strong>9789878452746<br \/>\n<strong>Editorial:<\/strong> Ediciones Journal<br \/>\n<strong>Edici\u00f3n:<\/strong> 1\u00aa<br \/>\n<strong>Especialidad<\/strong>: Diagnostico por im\u00e1genes<br \/>\n<strong>P\u00e1ginas<\/strong>: 287<\/p>\n<p>\u00a9 2024<\/p>\n","protected":false},"featured_media":17881,"comment_status":"open","ping_status":"closed","template":"","meta":{"_joinchat":[]},"product_cat":[80],"product_tag":[240,81,110],"class_list":{"0":"post-17880","1":"product","2":"type-product","3":"status-publish","4":"has-post-thumbnail","6":"product_cat-diagnostico-por-imagenes","7":"product_tag-240","8":"product_tag-diagnostico-por-imagenes","9":"product_tag-ediciones-journal","11":"first","12":"instock","13":"featured","14":"taxable","15":"shipping-taxable","16":"purchasable","17":"product-type-simple"},"_links":{"self":[{"href":"https:\/\/edimeinter.com\/libreria\/wp-json\/wp\/v2\/product\/17880","targetHints":{"allow":["GET"]}}],"collection":[{"href":"https:\/\/edimeinter.com\/libreria\/wp-json\/wp\/v2\/product"}],"about":[{"href":"https:\/\/edimeinter.com\/libreria\/wp-json\/wp\/v2\/types\/product"}],"replies":[{"embeddable":true,"href":"https:\/\/edimeinter.com\/libreria\/wp-json\/wp\/v2\/comments?post=17880"}],"version-history":[{"count":5,"href":"https:\/\/edimeinter.com\/libreria\/wp-json\/wp\/v2\/product\/17880\/revisions"}],"predecessor-version":[{"id":17907,"href":"https:\/\/edimeinter.com\/libreria\/wp-json\/wp\/v2\/product\/17880\/revisions\/17907"}],"wp:featuredmedia":[{"embeddable":true,"href":"https:\/\/edimeinter.com\/libreria\/wp-json\/wp\/v2\/media\/17881"}],"wp:attachment":[{"href":"https:\/\/edimeinter.com\/libreria\/wp-json\/wp\/v2\/media?parent=17880"}],"wp:term":[{"taxonomy":"product_cat","embeddable":true,"href":"https:\/\/edimeinter.com\/libreria\/wp-json\/wp\/v2\/product_cat?post=17880"},{"taxonomy":"product_tag","embeddable":true,"href":"https:\/\/edimeinter.com\/libreria\/wp-json\/wp\/v2\/product_tag?post=17880"}],"curies":[{"name":"wp","href":"https:\/\/api.w.org\/{rel}","templated":true}]}}