{"id":17908,"date":"2026-03-17T23:54:28","date_gmt":"2026-03-17T23:54:28","guid":{"rendered":"https:\/\/edimeinter.com\/libreria\/?post_type=product&#038;p=17908"},"modified":"2026-03-30T20:38:24","modified_gmt":"2026-03-30T20:38:24","slug":"tratado-de-urologia-femenina-y-uroginecologia-vol-2-incluye-ebook","status":"publish","type":"product","link":"https:\/\/edimeinter.com\/libreria\/product\/tratado-de-urologia-femenina-y-uroginecologia-vol-2-incluye-ebook\/","title":{"rendered":"Tratado de Urolog\u00eda femenina y uroginecolog\u00eda Vol 2. Incluye eBook"},"content":{"rendered":"\t\t<div data-elementor-type=\"wp-post\" data-elementor-id=\"17908\" class=\"elementor elementor-17908\">\n\t\t\t\t\n<div class=\"elementor-element elementor-element-2612b12 e-flex e-con-boxed e-con e-parent\" data-id=\"2612b12\" data-element_type=\"container\" data-e-type=\"container\">\n\t\t\t\t\t<div class=\"e-con-inner\">\n\t\t\n\t\t<div class=\"elementor-element elementor-element-498707ae elementor-widget elementor-widget-text-editor\" data-id=\"498707ae\" data-element_type=\"widget\" data-e-type=\"widget\" data-widget_type=\"text-editor.default\">\n\t\t\t\t<div class=\"elementor-widget-container\">\n\t\t\t\t\t\t\t\t\t<p>Los temas han sido actualizados y se han agregado nuevos cap\u00edtulos gracias a la colaboraci\u00f3n de un equipo internacional de expertos en este campo.<\/p><p>\u2022 Volumen 2 | Enfoque quir\u00fargico: abarca la cirug\u00eda para la incontinencia urinaria y para el prolapso de \u00f3rganos p\u00e9lvicos, junto con su cirug\u00eda laparosc\u00f3pica y rob\u00f3tica, y problemas complejos como la cirug\u00eda de la f\u00edstula urogenital o de reafirmaci\u00f3n de g\u00e9nero.<\/p><p>Tratado de urolog\u00eda femenina y uroginecolog\u00eda est\u00e1 destinado a ginec\u00f3logos, ur\u00f3logos, uroginec\u00f3logos, coloproct\u00f3logos, cirujanos y kinesi\u00f3logos.<\/p><p>Disponible por volumen separado o como obra completa. Esta edici\u00f3n incluye eBook. Tambi\u00e9n disponible en versi\u00f3n solo eBook.<\/p>\t\t\t\t\t\t\t\t<\/div>\n\t\t\t\t<\/div>\n\t\t\t\t\t<\/div>\n\t\t\t\t<\/div>\n\t\t\t\t<\/div>\n\t\t","protected":false},"excerpt":{"rendered":"<p><strong>Autores:<\/strong> Linda Cardozo, David Staskin<br \/>\n<strong>ISBN: <\/strong>9789878452982<br \/>\n<strong>Editorial:<\/strong> Ediciones Journal<br \/>\n<strong>Edici\u00f3n:<\/strong> 5\u00aa<br \/>\n<strong>Especialidad<\/strong>: Urolog\u00eda<br \/>\n<strong>P\u00e1ginas<\/strong>: 461<\/p>\n<p>\u00a9 2025<\/p>\n","protected":false},"featured_media":17909,"comment_status":"open","ping_status":"closed","template":"","meta":{"_joinchat":[]},"product_cat":[148],"product_tag":[239,110,149],"class_list":{"0":"post-17908","1":"product","2":"type-product","3":"status-publish","4":"has-post-thumbnail","6":"product_cat-urologia","7":"product_tag-239","8":"product_tag-ediciones-journal","9":"product_tag-urologia","11":"first","12":"instock","13":"featured","14":"taxable","15":"shipping-taxable","16":"purchasable","17":"product-type-simple"},"_links":{"self":[{"href":"https:\/\/edimeinter.com\/libreria\/wp-json\/wp\/v2\/product\/17908","targetHints":{"allow":["GET"]}}],"collection":[{"href":"https:\/\/edimeinter.com\/libreria\/wp-json\/wp\/v2\/product"}],"about":[{"href":"https:\/\/edimeinter.com\/libreria\/wp-json\/wp\/v2\/types\/product"}],"replies":[{"embeddable":true,"href":"https:\/\/edimeinter.com\/libreria\/wp-json\/wp\/v2\/comments?post=17908"}],"version-history":[{"count":4,"href":"https:\/\/edimeinter.com\/libreria\/wp-json\/wp\/v2\/product\/17908\/revisions"}],"predecessor-version":[{"id":17913,"href":"https:\/\/edimeinter.com\/libreria\/wp-json\/wp\/v2\/product\/17908\/revisions\/17913"}],"wp:featuredmedia":[{"embeddable":true,"href":"https:\/\/edimeinter.com\/libreria\/wp-json\/wp\/v2\/media\/17909"}],"wp:attachment":[{"href":"https:\/\/edimeinter.com\/libreria\/wp-json\/wp\/v2\/media?parent=17908"}],"wp:term":[{"taxonomy":"product_cat","embeddable":true,"href":"https:\/\/edimeinter.com\/libreria\/wp-json\/wp\/v2\/product_cat?post=17908"},{"taxonomy":"product_tag","embeddable":true,"href":"https:\/\/edimeinter.com\/libreria\/wp-json\/wp\/v2\/product_tag?post=17908"}],"curies":[{"name":"wp","href":"https:\/\/api.w.org\/{rel}","templated":true}]}}