{"id":17920,"date":"2026-03-19T03:14:28","date_gmt":"2026-03-19T03:14:28","guid":{"rendered":"https:\/\/edimeinter.com\/libreria\/?post_type=product&#038;p=17920"},"modified":"2026-03-30T20:37:33","modified_gmt":"2026-03-30T20:37:33","slug":"laser-en-pieles-latinas-incluye-ebook","status":"publish","type":"product","link":"https:\/\/edimeinter.com\/libreria\/product\/laser-en-pieles-latinas-incluye-ebook\/","title":{"rendered":"L\u00e1ser en pieles latinas. Incluye eBook"},"content":{"rendered":"\t\t<div data-elementor-type=\"wp-post\" data-elementor-id=\"17920\" class=\"elementor elementor-17920\">\n\t\t\t\t<div class=\"elementor-element elementor-element-2612b12 e-flex e-con-boxed e-con e-parent\" data-id=\"2612b12\" data-element_type=\"container\" data-e-type=\"container\">\n\t\t\t\t\t<div class=\"e-con-inner\">\n\t\t\n\t\t<div class=\"elementor-element elementor-element-498707ae elementor-widget elementor-widget-text-editor\" data-id=\"498707ae\" data-element_type=\"widget\" data-e-type=\"widget\" data-widget_type=\"text-editor.default\">\n\t\t\t\t<div class=\"elementor-widget-container\">\n\t\t\t\t\t\t\t\t\t<p>Las caracter\u00edsticas de la piel latina, la interacci\u00f3n entre las tecnolog\u00edas lum\u00ednicas y los tejidos en los fototipos m\u00e1s altos, las novedades tecnol\u00f3gicas y las medidas de seguridad para el uso de los diferentes equipos. Se aborda la aplicaci\u00f3n del l\u00e1ser en distintas patolog\u00edas (lesiones pigmentarias y vasculares), en la remoci\u00f3n de tatuajes, en tratamientos est\u00e9ticos y en enfermedades dermatol\u00f3gicas en general. Todo esto lo convierte en una obra esencial dentro del \u00e1rea de la dermatolog\u00eda l\u00e1ser en Latinoam\u00e9rica.<\/p><p>El libro est\u00e1 avalado por el Colegio Ibero-Latinoamericano de Dermatolog\u00eda (CILAD) y es una herramienta imprescindible en el tratamiento de pacientes con fototipos altos. Est\u00e1 dirigido a dermat\u00f3logos y profesionales que recurren al uso de l\u00e1ser en sus pacientes.<\/p>\t\t\t\t\t\t\t\t<\/div>\n\t\t\t\t<\/div>\n\t\t\t\t\t<\/div>\n\t\t\t\t<\/div>\n\t\t\t\t<\/div>\n\t\t","protected":false},"excerpt":{"rendered":"<p><strong>Autores:<\/strong> Ricardo Galv\u00e1n Garc\u00eda<br \/>\n<strong>ISBN: <\/strong>9786319116885<br \/>\n<strong>Editorial:<\/strong> Ediciones Journal<br \/>\n<strong>Edici\u00f3n:<\/strong> 1\u00aa<br \/>\n<strong>Especialidad<\/strong>: Dermatolog\u00eda<br \/>\n<strong>P\u00e1ginas<\/strong>: 238<\/p>\n<p>\u00a9 2026<\/p>\n","protected":false},"featured_media":17921,"comment_status":"open","ping_status":"closed","template":"","meta":{"_joinchat":[]},"product_cat":[108],"product_tag":[254,109,110],"class_list":{"0":"post-17920","1":"product","2":"type-product","3":"status-publish","4":"has-post-thumbnail","6":"product_cat-dermatologia","7":"product_tag-254","8":"product_tag-dermatologia","9":"product_tag-ediciones-journal","11":"first","12":"instock","13":"featured","14":"taxable","15":"shipping-taxable","16":"purchasable","17":"product-type-simple"},"_links":{"self":[{"href":"https:\/\/edimeinter.com\/libreria\/wp-json\/wp\/v2\/product\/17920","targetHints":{"allow":["GET"]}}],"collection":[{"href":"https:\/\/edimeinter.com\/libreria\/wp-json\/wp\/v2\/product"}],"about":[{"href":"https:\/\/edimeinter.com\/libreria\/wp-json\/wp\/v2\/types\/product"}],"replies":[{"embeddable":true,"href":"https:\/\/edimeinter.com\/libreria\/wp-json\/wp\/v2\/comments?post=17920"}],"version-history":[{"count":4,"href":"https:\/\/edimeinter.com\/libreria\/wp-json\/wp\/v2\/product\/17920\/revisions"}],"predecessor-version":[{"id":17925,"href":"https:\/\/edimeinter.com\/libreria\/wp-json\/wp\/v2\/product\/17920\/revisions\/17925"}],"wp:featuredmedia":[{"embeddable":true,"href":"https:\/\/edimeinter.com\/libreria\/wp-json\/wp\/v2\/media\/17921"}],"wp:attachment":[{"href":"https:\/\/edimeinter.com\/libreria\/wp-json\/wp\/v2\/media?parent=17920"}],"wp:term":[{"taxonomy":"product_cat","embeddable":true,"href":"https:\/\/edimeinter.com\/libreria\/wp-json\/wp\/v2\/product_cat?post=17920"},{"taxonomy":"product_tag","embeddable":true,"href":"https:\/\/edimeinter.com\/libreria\/wp-json\/wp\/v2\/product_tag?post=17920"}],"curies":[{"name":"wp","href":"https:\/\/api.w.org\/{rel}","templated":true}]}}