{"id":17926,"date":"2026-03-19T03:20:37","date_gmt":"2026-03-19T03:20:37","guid":{"rendered":"https:\/\/edimeinter.com\/libreria\/?post_type=product&#038;p=17926"},"modified":"2026-03-30T20:37:04","modified_gmt":"2026-03-30T20:37:04","slug":"manual-de-psicodermatologia-incluye-ebook","status":"publish","type":"product","link":"https:\/\/edimeinter.com\/libreria\/product\/manual-de-psicodermatologia-incluye-ebook\/","title":{"rendered":"Manual de Psicodermatolog\u00eda. Incluye eBook"},"content":{"rendered":"\t\t<div data-elementor-type=\"wp-post\" data-elementor-id=\"17926\" class=\"elementor elementor-17926\">\n\t\t\t\t<div class=\"elementor-element elementor-element-2612b12 e-flex e-con-boxed e-con e-parent\" data-id=\"2612b12\" data-element_type=\"container\" data-e-type=\"container\">\n\t\t\t\t\t<div class=\"e-con-inner\">\n\t\t\n\t\t<div class=\"elementor-element elementor-element-498707ae elementor-widget elementor-widget-text-editor\" data-id=\"498707ae\" data-element_type=\"widget\" data-e-type=\"widget\" data-widget_type=\"text-editor.default\">\n\t\t\t\t<div class=\"elementor-widget-container\">\n\t\t\t\t\t\t\t\t\t<p>El Manual de Psicodermatolog\u00eda integra los conocimientos dermatol\u00f3gicos, psiqui\u00e1tricos y psicol\u00f3gicos con un enfoque transdisciplinario, abordando la compleja relaci\u00f3n bidireccional entre la mente y la piel. La obra considera tanto a las dermatosis que afectan el bienestar psicol\u00f3gico como a los trastornos mentales que se expresan a trav\u00e9s del cuerpo y la piel, destacando la interacci\u00f3n constante entre lo som\u00e1tico y lo ps\u00edquico.<\/p><p>Es el primer libro en espa\u00f1ol que organiza esta disciplina de forma sistem\u00e1tica, accesible y rigurosa, pensado para la formaci\u00f3n y actualizaci\u00f3n de profesionales de la salud.<\/p><p>Manual de Psicodermatolog\u00eda est\u00e1 dirigido a dermat\u00f3logos, psiquiatras, psic\u00f3logos cl\u00ednicos, m\u00e9dicos de atenci\u00f3n primaria, m\u00e9dicos cl\u00ednicos, profesionales en formaci\u00f3n, estudiantes avanzados de ciencias de la salud y otras personas interesadas en la intersecci\u00f3n entre salud mental y enfermedades de la piel<\/p>\t\t\t\t\t\t\t\t<\/div>\n\t\t\t\t<\/div>\n\t\t\t\t\t<\/div>\n\t\t\t\t<\/div>\n\t\t\t\t<\/div>\n\t\t","protected":false},"excerpt":{"rendered":"<p><strong>Autores:<\/strong> Karina Malvido, Julio Torales, Mar\u00eda Alejandra Vazquez<br \/>\n<strong>ISBN: <\/strong>9786319090987<br \/>\n<strong>Editorial:<\/strong> Ediciones Journal<br \/>\n<strong>Edici\u00f3n:<\/strong> 1\u00aa<br \/>\n<strong>Especialidad<\/strong>: Dermatolog\u00eda<br \/>\n<strong>P\u00e1ginas<\/strong>: 344<\/p>\n<p>\u00a9 2026<\/p>\n","protected":false},"featured_media":17927,"comment_status":"open","ping_status":"closed","template":"","meta":{"_joinchat":[]},"product_cat":[108],"product_tag":[254,109,110],"class_list":{"0":"post-17926","1":"product","2":"type-product","3":"status-publish","4":"has-post-thumbnail","6":"product_cat-dermatologia","7":"product_tag-254","8":"product_tag-dermatologia","9":"product_tag-ediciones-journal","11":"first","12":"instock","13":"featured","14":"taxable","15":"shipping-taxable","16":"purchasable","17":"product-type-simple"},"_links":{"self":[{"href":"https:\/\/edimeinter.com\/libreria\/wp-json\/wp\/v2\/product\/17926","targetHints":{"allow":["GET"]}}],"collection":[{"href":"https:\/\/edimeinter.com\/libreria\/wp-json\/wp\/v2\/product"}],"about":[{"href":"https:\/\/edimeinter.com\/libreria\/wp-json\/wp\/v2\/types\/product"}],"replies":[{"embeddable":true,"href":"https:\/\/edimeinter.com\/libreria\/wp-json\/wp\/v2\/comments?post=17926"}],"version-history":[{"count":4,"href":"https:\/\/edimeinter.com\/libreria\/wp-json\/wp\/v2\/product\/17926\/revisions"}],"predecessor-version":[{"id":17931,"href":"https:\/\/edimeinter.com\/libreria\/wp-json\/wp\/v2\/product\/17926\/revisions\/17931"}],"wp:featuredmedia":[{"embeddable":true,"href":"https:\/\/edimeinter.com\/libreria\/wp-json\/wp\/v2\/media\/17927"}],"wp:attachment":[{"href":"https:\/\/edimeinter.com\/libreria\/wp-json\/wp\/v2\/media?parent=17926"}],"wp:term":[{"taxonomy":"product_cat","embeddable":true,"href":"https:\/\/edimeinter.com\/libreria\/wp-json\/wp\/v2\/product_cat?post=17926"},{"taxonomy":"product_tag","embeddable":true,"href":"https:\/\/edimeinter.com\/libreria\/wp-json\/wp\/v2\/product_tag?post=17926"}],"curies":[{"name":"wp","href":"https:\/\/api.w.org\/{rel}","templated":true}]}}