{"id":17938,"date":"2026-03-20T00:54:19","date_gmt":"2026-03-20T00:54:19","guid":{"rendered":"https:\/\/edimeinter.com\/libreria\/?post_type=product&#038;p=17938"},"modified":"2026-03-30T20:36:19","modified_gmt":"2026-03-30T20:36:19","slug":"tricologia-en-pediatria-incluye-ebook","status":"publish","type":"product","link":"https:\/\/edimeinter.com\/libreria\/product\/tricologia-en-pediatria-incluye-ebook\/","title":{"rendered":"Tricolog\u00eda en Pediatr\u00eda. Incluye eBook"},"content":{"rendered":"\t\t<div data-elementor-type=\"wp-post\" data-elementor-id=\"17938\" class=\"elementor elementor-17938\">\n\t\t\t\t<div class=\"elementor-element elementor-element-2612b12 e-flex e-con-boxed e-con e-parent\" data-id=\"2612b12\" data-element_type=\"container\" data-e-type=\"container\">\n\t\t\t\t\t<div class=\"e-con-inner\">\n\t\t\n\t\t<div class=\"elementor-element elementor-element-498707ae elementor-widget elementor-widget-text-editor\" data-id=\"498707ae\" data-element_type=\"widget\" data-e-type=\"widget\" data-widget_type=\"text-editor.default\">\n\t\t\t\t<div class=\"elementor-widget-container\">\n\t\t\t\t\t\t\t\t\t<p>Tricolog\u00eda en Pediatr\u00eda es una gu\u00eda pr\u00e1ctica y exhaustiva para el diagn\u00f3stico y tratamiento de las enfermedades capilares m\u00e1s comunes en ni\u00f1os y adolescentes. El contenido aborda de manera clara y precisa las patolog\u00edas m\u00e1s frecuentes en la etapa pedi\u00e1trica ofreciendo diagn\u00f3sticos precisos y diferenciales, y las opciones de tratamientos m\u00e1s eficaces basados en la evidencia cient\u00edfica m\u00e1s reciente.<\/p><p>Tricolog\u00eda en Pediatr\u00eda est\u00e1 destinado tanto a dermat\u00f3logos, pediatras y residentes de ambas especialidades, como tambi\u00e9n a m\u00e9dicos generales, de familia y otros especialistas interesados en esta \u00e1rea.<\/p>\t\t\t\t\t\t\t\t<\/div>\n\t\t\t\t<\/div>\n\t\t\t\t\t<\/div>\n\t\t\t\t<\/div>\n\t\t\t\t<\/div>\n\t\t","protected":false},"excerpt":{"rendered":"<p><strong>Autores:<\/strong> G. Lilian Contreras Gonz\u00e1lez Luis E. S\u00e1nchez Due\u00f1as Arturo L\u00f3pez Y\u00e1\u00f1ez Blanco<br \/>\n<strong>ISBN:<\/strong>9789878452890<br \/>\n<strong>Editorial:<\/strong> Ediciones Journal<br \/>\n<strong>Edici\u00f3n:<\/strong> 1\u00aa<br \/>\n<strong>Especialidad<\/strong>: Pediatr\u00eda y Neonatolog\u00eda<br \/>\n<strong>P\u00e1ginas<\/strong>: 381<\/p>\n<p>\u00a9 2025<\/p>\n","protected":false},"featured_media":17939,"comment_status":"open","ping_status":"closed","template":"","meta":{"_joinchat":[]},"product_cat":[130],"product_tag":[239,110,131],"class_list":{"0":"post-17938","1":"product","2":"type-product","3":"status-publish","4":"has-post-thumbnail","6":"product_cat-pediatria-y-neonatologia","7":"product_tag-239","8":"product_tag-ediciones-journal","9":"product_tag-pediatria-y-neonatologia","11":"first","12":"instock","13":"featured","14":"taxable","15":"shipping-taxable","16":"purchasable","17":"product-type-simple"},"_links":{"self":[{"href":"https:\/\/edimeinter.com\/libreria\/wp-json\/wp\/v2\/product\/17938","targetHints":{"allow":["GET"]}}],"collection":[{"href":"https:\/\/edimeinter.com\/libreria\/wp-json\/wp\/v2\/product"}],"about":[{"href":"https:\/\/edimeinter.com\/libreria\/wp-json\/wp\/v2\/types\/product"}],"replies":[{"embeddable":true,"href":"https:\/\/edimeinter.com\/libreria\/wp-json\/wp\/v2\/comments?post=17938"}],"version-history":[{"count":4,"href":"https:\/\/edimeinter.com\/libreria\/wp-json\/wp\/v2\/product\/17938\/revisions"}],"predecessor-version":[{"id":17943,"href":"https:\/\/edimeinter.com\/libreria\/wp-json\/wp\/v2\/product\/17938\/revisions\/17943"}],"wp:featuredmedia":[{"embeddable":true,"href":"https:\/\/edimeinter.com\/libreria\/wp-json\/wp\/v2\/media\/17939"}],"wp:attachment":[{"href":"https:\/\/edimeinter.com\/libreria\/wp-json\/wp\/v2\/media?parent=17938"}],"wp:term":[{"taxonomy":"product_cat","embeddable":true,"href":"https:\/\/edimeinter.com\/libreria\/wp-json\/wp\/v2\/product_cat?post=17938"},{"taxonomy":"product_tag","embeddable":true,"href":"https:\/\/edimeinter.com\/libreria\/wp-json\/wp\/v2\/product_tag?post=17938"}],"curies":[{"name":"wp","href":"https:\/\/api.w.org\/{rel}","templated":true}]}}