{"id":17957,"date":"2026-03-20T01:14:00","date_gmt":"2026-03-20T01:14:00","guid":{"rendered":"https:\/\/edimeinter.com\/libreria\/?post_type=product&#038;p=17957"},"modified":"2026-03-30T20:35:04","modified_gmt":"2026-03-30T20:35:04","slug":"pectus-de-la-a-a-la-z-incluye-ebook","status":"publish","type":"product","link":"https:\/\/edimeinter.com\/libreria\/product\/pectus-de-la-a-a-la-z-incluye-ebook\/","title":{"rendered":"Pectus De la A a la Z. Incluye eBook"},"content":{"rendered":"\t\t<div data-elementor-type=\"wp-post\" data-elementor-id=\"17957\" class=\"elementor elementor-17957\">\n\t\t\t\t<div class=\"elementor-element elementor-element-2612b12 e-flex e-con-boxed e-con e-parent\" data-id=\"2612b12\" data-element_type=\"container\" data-e-type=\"container\">\n\t\t\t\t\t<div class=\"e-con-inner\">\n\t\t\n\t\t<div class=\"elementor-element elementor-element-498707ae elementor-widget elementor-widget-text-editor\" data-id=\"498707ae\" data-element_type=\"widget\" data-e-type=\"widget\" data-widget_type=\"text-editor.default\">\n\t\t\t\t<div class=\"elementor-widget-container\">\n\t\t\t\t\t\t\t\t\t<p>Pectus: De la A a la Z es el primer libro en idioma espa\u00f1ol dedicado exclusivamente a esta patolog\u00eda. Es una obra pionera que aborda de manera integral las malformaciones de la pared tor\u00e1cica. Los temas han sido desarrollados con una perspectiva multidisciplinaria por los m\u00e1s destacados expertos a nivel mundial y abarcan todas las edades, desde lactantes hasta adultos mayores.<\/p><p>Pectus: De la A a la Z est\u00e1 destinado a cirujanos tor\u00e1cicos, cirujanos pedi\u00e1tricos, cl\u00ednicos, pediatras, anestesistas, neumon\u00f3logos, cardi\u00f3logos de adultos, cardi\u00f3logos pediatras, kinesi\u00f3logos, deport\u00f3logos, terapistas pedi\u00e1tricos y terapistas de adultos<\/p>\t\t\t\t\t\t\t\t<\/div>\n\t\t\t\t<\/div>\n\t\t\t\t\t<\/div>\n\t\t\t\t<\/div>\n\t\t\t\t<\/div>\n\t\t","protected":false},"excerpt":{"rendered":"<p><strong>Autores:<\/strong> Gast\u00f3n Bell\u00eda Munz\u00f3n, Manuel L\u00f3pez, Marcelo Mart\u00ednez Ferro<br \/>\n<strong>ISBN:<\/strong>9786319090970<br \/>\n<strong>Editorial:<\/strong> Ediciones Journal<br \/>\n<strong>Edici\u00f3n:<\/strong> 1\u00aa<br \/>\n<strong>Especialidad<\/strong>: Cirug\u00eda<br \/>\n<strong>P\u00e1ginas<\/strong>: 528<\/p>\n<p>\u00a9 2025<\/p>\n","protected":false},"featured_media":17958,"comment_status":"open","ping_status":"closed","template":"","meta":{"_joinchat":[]},"product_cat":[175],"product_tag":[254,176,110],"class_list":{"0":"post-17957","1":"product","2":"type-product","3":"status-publish","4":"has-post-thumbnail","6":"product_cat-cirugia","7":"product_tag-254","8":"product_tag-cirugia","9":"product_tag-ediciones-journal","11":"first","12":"instock","13":"featured","14":"taxable","15":"shipping-taxable","16":"purchasable","17":"product-type-simple"},"_links":{"self":[{"href":"https:\/\/edimeinter.com\/libreria\/wp-json\/wp\/v2\/product\/17957","targetHints":{"allow":["GET"]}}],"collection":[{"href":"https:\/\/edimeinter.com\/libreria\/wp-json\/wp\/v2\/product"}],"about":[{"href":"https:\/\/edimeinter.com\/libreria\/wp-json\/wp\/v2\/types\/product"}],"replies":[{"embeddable":true,"href":"https:\/\/edimeinter.com\/libreria\/wp-json\/wp\/v2\/comments?post=17957"}],"version-history":[{"count":4,"href":"https:\/\/edimeinter.com\/libreria\/wp-json\/wp\/v2\/product\/17957\/revisions"}],"predecessor-version":[{"id":17962,"href":"https:\/\/edimeinter.com\/libreria\/wp-json\/wp\/v2\/product\/17957\/revisions\/17962"}],"wp:featuredmedia":[{"embeddable":true,"href":"https:\/\/edimeinter.com\/libreria\/wp-json\/wp\/v2\/media\/17958"}],"wp:attachment":[{"href":"https:\/\/edimeinter.com\/libreria\/wp-json\/wp\/v2\/media?parent=17957"}],"wp:term":[{"taxonomy":"product_cat","embeddable":true,"href":"https:\/\/edimeinter.com\/libreria\/wp-json\/wp\/v2\/product_cat?post=17957"},{"taxonomy":"product_tag","embeddable":true,"href":"https:\/\/edimeinter.com\/libreria\/wp-json\/wp\/v2\/product_tag?post=17957"}],"curies":[{"name":"wp","href":"https:\/\/api.w.org\/{rel}","templated":true}]}}