{"id":17963,"date":"2026-03-20T18:33:05","date_gmt":"2026-03-20T18:33:05","guid":{"rendered":"https:\/\/edimeinter.com\/libreria\/?post_type=product&#038;p=17963"},"modified":"2026-03-20T18:42:21","modified_gmt":"2026-03-20T18:42:21","slug":"tratado-de-ecocardiografia-web","status":"publish","type":"product","link":"https:\/\/edimeinter.com\/libreria\/product\/tratado-de-ecocardiografia-web\/","title":{"rendered":"Tratado de Ecocardiograf\u00eda. -Web"},"content":{"rendered":"\t\t<div data-elementor-type=\"wp-post\" data-elementor-id=\"17963\" class=\"elementor elementor-17963\">\n\t\t\t\t<div class=\"elementor-element elementor-element-2612b12 e-flex e-con-boxed e-con e-parent\" data-id=\"2612b12\" data-element_type=\"container\" data-e-type=\"container\">\n\t\t\t\t\t<div class=\"e-con-inner\">\n\t\t\n\t\t<div class=\"elementor-element elementor-element-498707ae elementor-widget elementor-widget-text-editor\" data-id=\"498707ae\" data-element_type=\"widget\" data-e-type=\"widget\" data-widget_type=\"text-editor.default\">\n\t\t\t\t<div class=\"elementor-widget-container\">\n\t\t\t\t\t\t\t\t\t<p>Escrito y respaldado por expertos a nivel mundial de la American Society of Echocardiography (ASE), esta segunda edici\u00f3n del Tratado de Ecocardiograf\u00eda aborda, de manera concisa, las herramientas necesarias para valorar la anatom\u00eda y la funci\u00f3n card\u00edaca con el fin de obtener informaci\u00f3n no invasiva, que sea cl\u00ednicamente \u00fatil para el diagn\u00f3stico y la evaluaci\u00f3n de la enfermedad.<\/p><p>Tratado de Ecocardiograf\u00eda (segunda edici\u00f3n) es una obra fundamental para ecocardiografistas y cardi\u00f3logos.<\/p>\t\t\t\t\t\t\t\t<\/div>\n\t\t\t\t<\/div>\n\t\t\t\t\t<\/div>\n\t\t\t\t<\/div>\n\t\t\t\t<\/div>\n\t\t","protected":false},"excerpt":{"rendered":"<p><strong>Autores:<\/strong> Bioy Khandheria, Itzhak Kronzon, Steven R. Goldstein, Victor Mor Avi, Roberto M. Lang<br \/>\n<strong>ISBN: <\/strong>9789874922052<br \/>\n<strong>Editorial:<\/strong> Ediciones Journal<br \/>\n<strong>Edici\u00f3n:<\/strong> 2\u00aa<br \/>\n<strong>Especialidad<\/strong>: Cardiolog\u00eda y Cirug\u00eda Vascular<br \/>\n<strong>P\u00e1ginas<\/strong>: 912<\/p>\n<p>\u00a9 2019<\/p>\n","protected":false},"featured_media":17964,"comment_status":"open","ping_status":"closed","template":"","meta":{"_joinchat":[]},"product_cat":[181],"product_tag":[182,110],"class_list":{"0":"post-17963","1":"product","2":"type-product","3":"status-publish","4":"has-post-thumbnail","6":"product_cat-cardiologia-y-cirugia-vascular","7":"product_tag-cardiologia-y-cirugia-vascular","8":"product_tag-ediciones-journal","10":"first","11":"instock","12":"featured","13":"taxable","14":"shipping-taxable","15":"purchasable","16":"product-type-simple"},"_links":{"self":[{"href":"https:\/\/edimeinter.com\/libreria\/wp-json\/wp\/v2\/product\/17963","targetHints":{"allow":["GET"]}}],"collection":[{"href":"https:\/\/edimeinter.com\/libreria\/wp-json\/wp\/v2\/product"}],"about":[{"href":"https:\/\/edimeinter.com\/libreria\/wp-json\/wp\/v2\/types\/product"}],"replies":[{"embeddable":true,"href":"https:\/\/edimeinter.com\/libreria\/wp-json\/wp\/v2\/comments?post=17963"}],"version-history":[{"count":4,"href":"https:\/\/edimeinter.com\/libreria\/wp-json\/wp\/v2\/product\/17963\/revisions"}],"predecessor-version":[{"id":17968,"href":"https:\/\/edimeinter.com\/libreria\/wp-json\/wp\/v2\/product\/17963\/revisions\/17968"}],"wp:featuredmedia":[{"embeddable":true,"href":"https:\/\/edimeinter.com\/libreria\/wp-json\/wp\/v2\/media\/17964"}],"wp:attachment":[{"href":"https:\/\/edimeinter.com\/libreria\/wp-json\/wp\/v2\/media?parent=17963"}],"wp:term":[{"taxonomy":"product_cat","embeddable":true,"href":"https:\/\/edimeinter.com\/libreria\/wp-json\/wp\/v2\/product_cat?post=17963"},{"taxonomy":"product_tag","embeddable":true,"href":"https:\/\/edimeinter.com\/libreria\/wp-json\/wp\/v2\/product_tag?post=17963"}],"curies":[{"name":"wp","href":"https:\/\/api.w.org\/{rel}","templated":true}]}}