{"id":17975,"date":"2026-03-20T19:02:59","date_gmt":"2026-03-20T19:02:59","guid":{"rendered":"https:\/\/edimeinter.com\/libreria\/?post_type=product&#038;p=17975"},"modified":"2026-03-30T20:33:37","modified_gmt":"2026-03-30T20:33:37","slug":"atlas-de-colposcopia-incluye-ebook","status":"publish","type":"product","link":"https:\/\/edimeinter.com\/libreria\/product\/atlas-de-colposcopia-incluye-ebook\/","title":{"rendered":"Atlas de Colposcopia. Incluye eBook"},"content":{"rendered":"\t\t<div data-elementor-type=\"wp-post\" data-elementor-id=\"17975\" class=\"elementor elementor-17975\">\n\t\t\t\t<div class=\"elementor-element elementor-element-2612b12 e-flex e-con-boxed e-con e-parent\" data-id=\"2612b12\" data-element_type=\"container\" data-e-type=\"container\">\n\t\t\t\t\t<div class=\"e-con-inner\">\n\t\t\n\t\t<div class=\"elementor-element elementor-element-498707ae elementor-widget elementor-widget-text-editor\" data-id=\"498707ae\" data-element_type=\"widget\" data-e-type=\"widget\" data-widget_type=\"text-editor.default\">\n\t\t\t\t<div class=\"elementor-widget-container\">\n\t\t\t\t\t\t\t\t\t<p>La colposcopia corresponde a la visi\u00f3n ampliada de epitelios que muestran las caracter\u00edsticas normales o anormales de los tejidos subyacentes. Es una herramienta sumamente \u00fatil para la prevenci\u00f3n y el diagn\u00f3stico del c\u00e1ncer de cuello uterino, y sus lesiones precursoras.<\/p><p>Este libro est\u00e1 destinado a alumnos de pregrado interesados en ginecolog\u00eda, m\u00e9dicos residentes de tocoginecolog\u00eda, anatom\u00eda patol\u00f3gica y medicina familiar, y m\u00e9dicos ginec\u00f3logos de atenci\u00f3n primaria que utilizan la colposcopia en su pr\u00e1ctica diaria. Esta edici\u00f3n incluye eBook. Disponible tambi\u00e9n en versi\u00f3n solo eBook.<\/p>\t\t\t\t\t\t\t\t<\/div>\n\t\t\t\t<\/div>\n\t\t\t\t\t<\/div>\n\t\t\t\t<\/div>\n\t\t\t\t<\/div>\n\t\t","protected":false},"excerpt":{"rendered":"<p><strong>Autores:<\/strong> Alejandra Maciel, Mariano Toziano<br \/>\n<strong>ISBN: <\/strong>9789878452869<br \/>\n<strong>Editorial:<\/strong> Ediciones Journal<br \/>\n<strong>Edici\u00f3n:<\/strong> 1\u00aa<br \/>\n<strong>Especialidad<\/strong>: Ginecolog\u00eda y Obstetricia<br \/>\n<strong>P\u00e1ginas<\/strong>: 166<\/p>\n<p>\u00a9 2024<\/p>\n","protected":false},"featured_media":17976,"comment_status":"open","ping_status":"closed","template":"","meta":{"_joinchat":[]},"product_cat":[104],"product_tag":[240,110,105],"class_list":{"0":"post-17975","1":"product","2":"type-product","3":"status-publish","4":"has-post-thumbnail","6":"product_cat-ginecologia-y-obstetricia","7":"product_tag-240","8":"product_tag-ediciones-journal","9":"product_tag-ginecologia-y-obstetricia","11":"first","12":"instock","13":"featured","14":"taxable","15":"shipping-taxable","16":"purchasable","17":"product-type-simple"},"_links":{"self":[{"href":"https:\/\/edimeinter.com\/libreria\/wp-json\/wp\/v2\/product\/17975","targetHints":{"allow":["GET"]}}],"collection":[{"href":"https:\/\/edimeinter.com\/libreria\/wp-json\/wp\/v2\/product"}],"about":[{"href":"https:\/\/edimeinter.com\/libreria\/wp-json\/wp\/v2\/types\/product"}],"replies":[{"embeddable":true,"href":"https:\/\/edimeinter.com\/libreria\/wp-json\/wp\/v2\/comments?post=17975"}],"version-history":[{"count":4,"href":"https:\/\/edimeinter.com\/libreria\/wp-json\/wp\/v2\/product\/17975\/revisions"}],"predecessor-version":[{"id":17980,"href":"https:\/\/edimeinter.com\/libreria\/wp-json\/wp\/v2\/product\/17975\/revisions\/17980"}],"wp:featuredmedia":[{"embeddable":true,"href":"https:\/\/edimeinter.com\/libreria\/wp-json\/wp\/v2\/media\/17976"}],"wp:attachment":[{"href":"https:\/\/edimeinter.com\/libreria\/wp-json\/wp\/v2\/media?parent=17975"}],"wp:term":[{"taxonomy":"product_cat","embeddable":true,"href":"https:\/\/edimeinter.com\/libreria\/wp-json\/wp\/v2\/product_cat?post=17975"},{"taxonomy":"product_tag","embeddable":true,"href":"https:\/\/edimeinter.com\/libreria\/wp-json\/wp\/v2\/product_tag?post=17975"}],"curies":[{"name":"wp","href":"https:\/\/api.w.org\/{rel}","templated":true}]}}