{"id":17987,"date":"2026-03-20T19:42:23","date_gmt":"2026-03-20T19:42:23","guid":{"rendered":"https:\/\/edimeinter.com\/libreria\/?post_type=product&#038;p=17987"},"modified":"2026-03-30T20:28:17","modified_gmt":"2026-03-30T20:28:17","slug":"tratado-de-cuidados-intensivos-incluye-ebook","status":"publish","type":"product","link":"https:\/\/edimeinter.com\/libreria\/product\/tratado-de-cuidados-intensivos-incluye-ebook\/","title":{"rendered":"Tratado de Cuidados Intensivos. Incluye eBook"},"content":{"rendered":"\t\t<div data-elementor-type=\"wp-post\" data-elementor-id=\"17987\" class=\"elementor elementor-17987\">\n\t\t\t\t<div class=\"elementor-element elementor-element-2612b12 e-flex e-con-boxed e-con e-parent\" data-id=\"2612b12\" data-element_type=\"container\" data-e-type=\"container\">\n\t\t\t\t\t<div class=\"e-con-inner\">\n\t\t\n\t\t<div class=\"elementor-element elementor-element-498707ae elementor-widget elementor-widget-text-editor\" data-id=\"498707ae\" data-element_type=\"widget\" data-e-type=\"widget\" data-widget_type=\"text-editor.default\">\n\t\t\t\t<div class=\"elementor-widget-container\">\n\t\t\t\t\t\t\t\t\t<p>El Tratado de Cuidados Intensivos (octava edici\u00f3n) une las especialidades m\u00e9dicas y quir\u00fargicas empleadas en la medicina intensiva y ofrece un abordaje pr\u00e1ctico y multidisciplinario para el tratamiento de pacientes adultos y pedi\u00e1tricos internados en cuidados intensivos. Un sobresaliente equipo editorial liderado por el Dr. Jean-Louis Vincent (m\u00e9dico intensivista de renombre mundial), asistido por el Dr. Frederick A. Moore y los nuevos editores, los Dres. Rinaldo Bellomo y John J. Marini, nos brinda una gu\u00eda basada en la evidencia necesaria para afrontar los desaf\u00edos de la pr\u00e1ctica cotidiana. L<span class=\"shorten-detail\">a participaci\u00f3n de los mejores expertos a nivel mundial, la inclusi\u00f3n en todos los cap\u00edtulos de im\u00e1genes, conceptos cient\u00edficos de gran relevancia y puntos clave, hacen de este libro un recurso indispensable para todos los miembros del equipo de cuidados intensivos.<\/span><\/p><p>El eBook incluye 22 cap\u00edtulos adicionales de procedimientos realizados con frecuencia: manejo de v\u00eda a\u00e9rea dificultosa, cateterizaci\u00f3n venosa central y arterial, monitoreo de la presi\u00f3n intracraneana, ECMO, POCUS, etc.<\/p>\t\t\t\t\t\t\t\t<\/div>\n\t\t\t\t<\/div>\n\t\t\t\t\t<\/div>\n\t\t\t\t<\/div>\n\t\t\t\t<\/div>\n\t\t","protected":false},"excerpt":{"rendered":"<p><strong>Autores:<\/strong> Frederick A. Moore, John J. Marini, Rinaldo Bellomo, Jean Louis Vincent<br \/>\n<strong>ISBN: <\/strong>9789878452807<br \/>\n<strong>Editorial:<\/strong> Ediciones Journal<br \/>\n<strong>Edici\u00f3n:<\/strong> 8\u00aa<br \/>\n<strong>Especialidad<\/strong>: Cuidados Intensivos<br \/>\n<strong>P\u00e1ginas<\/strong>: 1492<\/p>\n<p>\u00a9 2026<\/p>\n","protected":false},"featured_media":17988,"comment_status":"open","ping_status":"closed","template":"","meta":{"_joinchat":[]},"product_cat":[179],"product_tag":[239,180,110],"class_list":{"0":"post-17987","1":"product","2":"type-product","3":"status-publish","4":"has-post-thumbnail","6":"product_cat-cuidados-intensivos","7":"product_tag-239","8":"product_tag-cuidados-intensivos","9":"product_tag-ediciones-journal","11":"first","12":"instock","13":"featured","14":"taxable","15":"shipping-taxable","16":"purchasable","17":"product-type-simple"},"_links":{"self":[{"href":"https:\/\/edimeinter.com\/libreria\/wp-json\/wp\/v2\/product\/17987","targetHints":{"allow":["GET"]}}],"collection":[{"href":"https:\/\/edimeinter.com\/libreria\/wp-json\/wp\/v2\/product"}],"about":[{"href":"https:\/\/edimeinter.com\/libreria\/wp-json\/wp\/v2\/types\/product"}],"replies":[{"embeddable":true,"href":"https:\/\/edimeinter.com\/libreria\/wp-json\/wp\/v2\/comments?post=17987"}],"version-history":[{"count":4,"href":"https:\/\/edimeinter.com\/libreria\/wp-json\/wp\/v2\/product\/17987\/revisions"}],"predecessor-version":[{"id":17992,"href":"https:\/\/edimeinter.com\/libreria\/wp-json\/wp\/v2\/product\/17987\/revisions\/17992"}],"wp:featuredmedia":[{"embeddable":true,"href":"https:\/\/edimeinter.com\/libreria\/wp-json\/wp\/v2\/media\/17988"}],"wp:attachment":[{"href":"https:\/\/edimeinter.com\/libreria\/wp-json\/wp\/v2\/media?parent=17987"}],"wp:term":[{"taxonomy":"product_cat","embeddable":true,"href":"https:\/\/edimeinter.com\/libreria\/wp-json\/wp\/v2\/product_cat?post=17987"},{"taxonomy":"product_tag","embeddable":true,"href":"https:\/\/edimeinter.com\/libreria\/wp-json\/wp\/v2\/product_tag?post=17987"}],"curies":[{"name":"wp","href":"https:\/\/api.w.org\/{rel}","templated":true}]}}